{"id":1116,"date":"2019-04-11T17:01:37","date_gmt":"2019-04-11T21:01:37","guid":{"rendered":"https:\/\/engenhariacivil.ufms.br\/?page_id=1116"},"modified":"2020-05-26T17:30:05","modified_gmt":"2020-05-26T21:30:05","slug":"lade","status":"publish","type":"page","link":"https:\/\/engenhariacivil-faeng.ufms.br\/en\/laboratorios\/lade\/","title":{"rendered":"Laborat\u00f3rio de An\u00e1lise e Desenvolvimento de Edifica\u00e7\u00f5es &#8211; LADE"},"content":{"rendered":"<h1><a href=\"https:\/\/lade.ufms.br\/\" target=\"_blank\" rel=\"noopener noreferrer\"><img decoding=\"async\" class=\"alignnone size-medium wp-image-1592 aligncenter\" src=\"https:\/\/engenhariacivil.ufms.br\/files\/2019\/04\/lade-leve-300x119.jpg\" alt=\"\" width=\"300\" height=\"119\" srcset=\"https:\/\/engenhariacivil-faeng.ufms.br\/files\/2019\/04\/lade-leve-300x119.jpg 300w, https:\/\/engenhariacivil-faeng.ufms.br\/files\/2019\/04\/lade-leve-768x305.jpg 768w, https:\/\/engenhariacivil-faeng.ufms.br\/files\/2019\/04\/lade-leve-1024x406.jpg 1024w, https:\/\/engenhariacivil-faeng.ufms.br\/files\/2019\/04\/lade-leve-730x290.jpg 730w, https:\/\/engenhariacivil-faeng.ufms.br\/files\/2019\/04\/lade-leve.jpg 1180w\" sizes=\"(max-width: 300px) 100vw, 300px\" \/><\/a><\/h1>\n<h2 style=\"text-align: center\">Laborat\u00f3rio de An\u00e1lise e Desenvolvimento de Edifica\u00e7\u00f5es<\/h2>\n<h3>Informa\u00e7\u00f5es:<\/h3>\n<ul>\n<li><strong>Localiza\u00e7\u00e3o<\/strong>:\u00a0Bloco da Engenharia Civil (antigo DEC)<\/li>\n<li><strong>Coordenador<\/strong>: Prof.\u00a0Arthur Santos Silva, Dr. Eng. Civil<\/li>\n<li><strong>T\u00e9cnico de Laborat\u00f3rio<\/strong>: T\u00e1ssio Luiz dos Santos, Eng. Civil<\/li>\n<li><strong>Telefone<\/strong>: (67) 3345-7378<\/li>\n<li><strong>Site<\/strong>:\u00a0<a href=\"https:\/\/lade.ufms.br\/\" target=\"_blank\" rel=\"noopener noreferrer\">https:\/\/lade.ufms.br\/<\/a><\/li>\n<li><strong>E-mail<\/strong>:<\/li>\n<li><strong>Atividades<\/strong>: Pesquisa e Extens\u00e3o<\/li>\n<\/ul>\n<h3>Hist\u00f3rico do Laborat\u00f3rio:<\/h3>\n<p>O LADE foi criado a partir do conv\u00eanio ECV 943\/2003 firmado entre a Eletrobr\u00e1s e a UFMS, com a finalidade de dar aporte aos cursos de Engenharia Civil e Arquitetura e Urbanismo. Com o lan\u00e7amento do Programa Brasileiro de Etiquetagem de Edifica\u00e7\u00f5es (PBE\/Edifica) o LADE passou a compor a Rede de Efici\u00eancia Energ\u00e9tica em Edifica\u00e7\u00f5es (RBE) sendo um de seus membros fundadores.<br \/>\nAtualmente desenvolve\u00a0projetos de pesquisa e inicia\u00e7\u00e3o cient\u00edfica voltados\u00a0\u00e0s\u00a0\u00e1reas de interesse e ao Mestrado Profissional em Efici\u00eancia Energ\u00e9tica e Sustentabilidade (PPGEES) da FAENG\/UFMS.<\/p>\n<h3><strong>\u00c1reas de interesse:<\/strong><\/h3>\n<ul>\n<li>Conforto\u00a0ambiental<\/li>\n<li>Desempenho t\u00e9rmico de edifica\u00e7\u00f5es<\/li>\n<li>Efici\u00eancia energ\u00e9tica de edifica\u00e7\u00f5es<\/li>\n<li>Programa Brasileiro de Etiquetagem de Edifica\u00e7\u00f5es<\/li>\n<li>Ventila\u00e7\u00e3o natural<\/li>\n<li>Ilumina\u00e7\u00e3o natural<\/li>\n<li>Simula\u00e7\u00e3o computacional de edifica\u00e7\u00f5es<\/li>\n<\/ul>\n","protected":false},"excerpt":{"rendered":"<p>Laborat\u00f3rio de An\u00e1lise e Desenvolvimento de Edifica\u00e7\u00f5es Informa\u00e7\u00f5es: Localiza\u00e7\u00e3o:\u00a0Bloco da Engenharia Civil (antigo DEC) Coordenador: Prof.\u00a0Arthur Santos Silva, Dr. Eng. Civil T\u00e9cnico de Laborat\u00f3rio: T\u00e1ssio Luiz dos Santos, Eng. Civil Telefone: (67) 3345-7378 Site:\u00a0https:\/\/lade.ufms.br\/ E-mail: Atividades: Pesquisa e Extens\u00e3o Hist\u00f3rico do Laborat\u00f3rio: O LADE foi criado a partir do conv\u00eanio ECV 943\/2003 firmado entre a [&hellip;]<\/p>\n","protected":false},"author":18957,"featured_media":0,"parent":77,"menu_order":0,"comment_status":"closed","ping_status":"closed","template":"","meta":{"footnotes":""},"coauthors":[],"class_list":["post-1116","page","type-page","status-publish","hentry"],"_links":{"self":[{"href":"https:\/\/engenhariacivil-faeng.ufms.br\/en\/wp-json\/wp\/v2\/pages\/1116","targetHints":{"allow":["GET"]}}],"collection":[{"href":"https:\/\/engenhariacivil-faeng.ufms.br\/en\/wp-json\/wp\/v2\/pages"}],"about":[{"href":"https:\/\/engenhariacivil-faeng.ufms.br\/en\/wp-json\/wp\/v2\/types\/page"}],"author":[{"embeddable":true,"href":"https:\/\/engenhariacivil-faeng.ufms.br\/en\/wp-json\/wp\/v2\/users\/18957"}],"replies":[{"embeddable":true,"href":"https:\/\/engenhariacivil-faeng.ufms.br\/en\/wp-json\/wp\/v2\/comments?post=1116"}],"version-history":[{"count":6,"href":"https:\/\/engenhariacivil-faeng.ufms.br\/en\/wp-json\/wp\/v2\/pages\/1116\/revisions"}],"predecessor-version":[{"id":2262,"href":"https:\/\/engenhariacivil-faeng.ufms.br\/en\/wp-json\/wp\/v2\/pages\/1116\/revisions\/2262"}],"up":[{"embeddable":true,"href":"https:\/\/engenhariacivil-faeng.ufms.br\/en\/wp-json\/wp\/v2\/pages\/77"}],"wp:attachment":[{"href":"https:\/\/engenhariacivil-faeng.ufms.br\/en\/wp-json\/wp\/v2\/media?parent=1116"}],"wp:term":[{"taxonomy":"author","embeddable":true,"href":"https:\/\/engenhariacivil-faeng.ufms.br\/en\/wp-json\/wp\/v2\/coauthors?post=1116"}],"curies":[{"name":"wp","href":"https:\/\/api.w.org\/{rel}","templated":true}]}}