{"id":1139,"date":"2019-04-11T17:06:17","date_gmt":"2019-04-11T21:06:17","guid":{"rendered":"https:\/\/engenhariacivil.ufms.br\/?page_id=1139"},"modified":"2024-01-18T10:51:40","modified_gmt":"2024-01-18T14:51:40","slug":"lmcc","status":"publish","type":"page","link":"https:\/\/engenhariacivil-faeng.ufms.br\/en\/laboratorios\/lmcc\/","title":{"rendered":"Laborat\u00f3rio de Materiais de Constru\u00e7\u00e3o Civil &#8211; LMCC"},"content":{"rendered":"<h1><img fetchpriority=\"high\" decoding=\"async\" class=\" wp-image-1474 aligncenter\" src=\"https:\/\/engenhariacivil.ufms.br\/files\/2019\/04\/LMCC.jpg\" alt=\"\" width=\"228\" height=\"228\" srcset=\"https:\/\/engenhariacivil-faeng.ufms.br\/files\/2019\/04\/LMCC.jpg 330w, https:\/\/engenhariacivil-faeng.ufms.br\/files\/2019\/04\/LMCC-150x150.jpg 150w, https:\/\/engenhariacivil-faeng.ufms.br\/files\/2019\/04\/LMCC-300x300.jpg 300w, https:\/\/engenhariacivil-faeng.ufms.br\/files\/2019\/04\/LMCC-320x320.jpg 320w\" sizes=\"(max-width: 228px) 100vw, 228px\" \/><\/h1>\n<h2>Informa\u00e7\u00f5es:<\/h2>\n<p><strong>Localiza\u00e7\u00e3o:<\/strong> Bloco da Engenharia Civil<br \/>\n<strong>Coordenadora:<\/strong> Profa. Ana Paula da Silva Milani, Dra. Eng. Constru\u00e7\u00e3o Civil<br \/>\n<strong>T\u00e9cnicos de laborat\u00f3rio:<\/strong> Enilda Maria da Silva Garcia de Freitas<br \/>\n<strong>Telefone:<\/strong> (67) 3345 7479<br \/>\n<strong>E-mail:<\/strong>\u00a0lmcc.faeng@ufms.br ou enilda.freitas@ufms.br<br \/>\n<strong>Atividades:<\/strong> Ensino, Pesquisa e Extens\u00e3o<\/p>\n<h3>Hist\u00f3rico do Laborat\u00f3rio<\/h3>\n<p>O LMCC &#8211; Laborat\u00f3rio de Materiais de Constru\u00e7\u00e3o Civil \u00e9 um laborat\u00f3rio fundado em 1974 pelo ent\u00e3o Professor H\u00e9lio Ba\u00eds Martins da \u00e1rea de materiais de constru\u00e7\u00e3o do Curso de Engenharia Civil da UFMS, com a fun\u00e7\u00e3o at\u00e9 meados da d\u00e9cada de 90 para o ensino experimental do curso. No entanto, com o desenvolvimento da regi\u00e3o Sul-Matogrossense, o crescimento do quadro efetivo de professores mestres e doutores e incentivo da UFMS em pesquisa e extens\u00e3o, tal laborat\u00f3rio passou a realizar ensaios terceirizados, colaborando com a demanda de obras civis e extens\u00e3o tecnol\u00f3gica em toda regi\u00e3o do estado de Mato Grosso do Sul; assim como a propor e executar pesquisas t\u00e9cnico-cient\u00edficas com os alunos de gradua\u00e7\u00e3o e de p\u00f3s-gradua\u00e7\u00e3o da Faculdade de Engenharia, Arquitetura e Urbanismo e Geografia.<\/p>\n<h3>Infraestrutura<\/h3>\n<p>O LMCC esta localizado nas depend\u00eancias do campus de Campo Grande da UFMS; possui um \u00e1rea de aproximadamente 200 m\u00b2, composta de uma secretaria, uma sala para ensaios de aglomerantes e argamassa, uma c\u00e2mara \u00famida para cura de materiais ciment\u00edceos, um laborat\u00f3rio de inform\u00e1tica para alunos que trabalham em pesquisas\/extens\u00e3o, e \u00e1rea reservada para abrigo de equipamentos e execu\u00e7\u00e3o de ensaios, aos quais se destacam para caracteriza\u00e7\u00e3o dos materiais e sistemas construtivos:<\/p>\n<ol>\n<li>M\u00e1quina para ensaio de estruturas capacidade 1200 kN (120 tf) com sistema de carregamento\/rea\u00e7\u00e3o (p\u00f3rtico instrumentado);<\/li>\n<li>M\u00e1quina Universal de ensaios capacidade 300 kN (30 tf)<\/li>\n<li>Prensa de concreto de 1200 kN (120tf)<\/li>\n<li>Forno Mufla temperatura m\u00e1xima de 1300\u00baC, laminador e extrusora para materiais cer\u00e2micos<\/li>\n<li>Aparelho de arrancamento para argamassas<\/li>\n<li>Escler\u00f4metro para concreto<\/li>\n<li>Poros\u00edmetro<\/li>\n<li>Analisador de part\u00edculas<\/li>\n<li>Sistemas de aquisi\u00e7\u00e3o de dados HBM<\/li>\n<li>C\u00e2mara \u00famida e aparelhos de confec\u00e7\u00e3o e moldagem de concretos e argamassas<\/li>\n<\/ol>\n<h3>Objetivos<\/h3>\n<p>O LMCC dentro da indissociabilidade entre Ensino, Pesquisa e Extens\u00e3o promove estudos, desenvolvimento, aplica\u00e7\u00e3o e controle de qualidade de materiais de constru\u00e7\u00e3o e tecnologias construtivas, objetivando agrupar ao m\u00e1ximo o custo-benef\u00edcio, a seguran\u00e7a estrutural, a estanqueidade, a durabilidade e manutenabilidade, o bom desempenho t\u00e9rmico-ac\u00fastico, a adequa\u00e7\u00e3o do projeto e a gest\u00e3o de qualidade dentro da constru\u00e7\u00e3o civil.<\/p>\n","protected":false},"excerpt":{"rendered":"<p>Informa\u00e7\u00f5es: Localiza\u00e7\u00e3o: Bloco da Engenharia Civil Coordenadora: Profa. Ana Paula da Silva Milani, Dra. Eng. Constru\u00e7\u00e3o Civil T\u00e9cnicos de laborat\u00f3rio: Enilda Maria da Silva Garcia de Freitas Telefone: (67) 3345 7479 E-mail:\u00a0lmcc.faeng@ufms.br ou enilda.freitas@ufms.br Atividades: Ensino, Pesquisa e Extens\u00e3o Hist\u00f3rico do Laborat\u00f3rio O LMCC &#8211; Laborat\u00f3rio de Materiais de Constru\u00e7\u00e3o Civil \u00e9 um laborat\u00f3rio fundado [&hellip;]<\/p>\n","protected":false},"author":18957,"featured_media":0,"parent":77,"menu_order":0,"comment_status":"closed","ping_status":"closed","template":"","meta":{"footnotes":""},"coauthors":[],"class_list":["post-1139","page","type-page","status-publish","hentry"],"_links":{"self":[{"href":"https:\/\/engenhariacivil-faeng.ufms.br\/en\/wp-json\/wp\/v2\/pages\/1139","targetHints":{"allow":["GET"]}}],"collection":[{"href":"https:\/\/engenhariacivil-faeng.ufms.br\/en\/wp-json\/wp\/v2\/pages"}],"about":[{"href":"https:\/\/engenhariacivil-faeng.ufms.br\/en\/wp-json\/wp\/v2\/types\/page"}],"author":[{"embeddable":true,"href":"https:\/\/engenhariacivil-faeng.ufms.br\/en\/wp-json\/wp\/v2\/users\/18957"}],"replies":[{"embeddable":true,"href":"https:\/\/engenhariacivil-faeng.ufms.br\/en\/wp-json\/wp\/v2\/comments?post=1139"}],"version-history":[{"count":14,"href":"https:\/\/engenhariacivil-faeng.ufms.br\/en\/wp-json\/wp\/v2\/pages\/1139\/revisions"}],"predecessor-version":[{"id":4895,"href":"https:\/\/engenhariacivil-faeng.ufms.br\/en\/wp-json\/wp\/v2\/pages\/1139\/revisions\/4895"}],"up":[{"embeddable":true,"href":"https:\/\/engenhariacivil-faeng.ufms.br\/en\/wp-json\/wp\/v2\/pages\/77"}],"wp:attachment":[{"href":"https:\/\/engenhariacivil-faeng.ufms.br\/en\/wp-json\/wp\/v2\/media?parent=1139"}],"wp:term":[{"taxonomy":"author","embeddable":true,"href":"https:\/\/engenhariacivil-faeng.ufms.br\/en\/wp-json\/wp\/v2\/coauthors?post=1139"}],"curies":[{"name":"wp","href":"https:\/\/api.w.org\/{rel}","templated":true}]}}