{"id":1234,"date":"2019-04-12T10:26:35","date_gmt":"2019-04-12T14:26:35","guid":{"rendered":"https:\/\/engenhariacivil.ufms.br\/?page_id=1234"},"modified":"2024-03-02T08:56:39","modified_gmt":"2024-03-02T12:56:39","slug":"sidiclei-formagini","status":"publish","type":"page","link":"https:\/\/engenhariacivil-faeng.ufms.br\/en\/corpo-docente\/sidiclei-formagini\/","title":{"rendered":"Sidiclei Formagini"},"content":{"rendered":"<address>\n<table>\n<tbody>\n<tr>\n<th><img decoding=\"async\" class=\"alignnone wp-image-1386\" src=\"https:\/\/engenhariacivil.ufms.br\/files\/2019\/04\/Sidiclei_2.jpg\" alt=\"\" width=\"150\" height=\"180\" srcset=\"https:\/\/engenhariacivil-faeng.ufms.br\/files\/2019\/04\/Sidiclei_2.jpg 537w, https:\/\/engenhariacivil-faeng.ufms.br\/files\/2019\/04\/Sidiclei_2-250x300.jpg 250w, https:\/\/engenhariacivil-faeng.ufms.br\/files\/2019\/04\/Sidiclei_2-266x320.jpg 266w\" sizes=\"(max-width: 150px) 100vw, 150px\" \/><\/th>\n<th><\/th>\n<\/tr>\n<\/tbody>\n<\/table>\n<\/address>\n<h2>Professor Adjunto IV<\/h2>\n<p>Lattes: <a href=\"http:\/\/lattes.cnpq.br\/8097208378961127\">http:\/\/lattes.cnpq.br\/8097208378961127<\/a><\/p>\n<p>Orcid:\u00a0<a href=\"https:\/\/orcid.org\/0000-0002-1731-0297\">https:\/\/orcid.org\/0000-0002-1731-0297<\/a><\/p>\n<h3><strong>Forma\u00e7\u00e3o:<\/strong><\/h3>\n<ul>\n<li>Graduado em Engenharia Civil pela Universidade do Estado de Santa Catarina (FEJ\/UDESC, 1996)<\/li>\n<li>Mestre em Engenharia\u00a0Civil pela Pontif\u00edcia Universidade Cat\u00f3lica do Rio de Janeiro (PUC-Rio, 1999)<\/li>\n<li>Doutor em\u00a0Engenharia Civil pela Universidade Federal do Rio de Janeiro (COPPE\/UFRJ, 2005)<\/li>\n<li>P\u00f3s-Doutorado no Instituto de Ciencia y Tecnolog\u00eda del Hormig\u00f3n (ICITECH) \/ Universitat Polit\u00e8cnica de Val\u00e8ncia (UPV) (2021)<\/li>\n<\/ul>\n<h3><strong>Disciplinas anteriormente lecionadas:<\/strong><\/h3>\n<ol>\n<li>Concreto Armado I<\/li>\n<li>Concreto Armado II<\/li>\n<li>Est\u00e1tica das Estruturas I<\/li>\n<li>Materiais de Constru\u00e7\u00e3o Civil<\/li>\n<li>Patologia das Constru\u00e7\u00f5es<\/li>\n<li>Resist\u00eancia dos Materiais<\/li>\n<li>Tecnologia do Concreto<\/li>\n<\/ol>\n<h3><strong>\u00c1reas de Atua\u00e7\u00e3o:<\/strong><\/h3>\n<ol>\n<li>Dosagem e conformidade de concretos de Cimento Portland estruturais (<a href=\"https:\/\/engenhariacivil.ufms.br\/area-de-atuacao\/dosagem-e-conformidade-de-concretos-de-cimento-portland-estruturais\/\">convencionais, de alto desempenho, autoadens\u00e1veis<\/a>)<\/li>\n<li>Dosagem de concretos com materiais suplementares: <a href=\"https:\/\/engenhariacivil.ufms.br\/area-de-atuacao\/dosagem-de-concretos-com-materiais-suplementares\/\">cinzas (baga\u00e7o de cana-de-a\u00e7\u00facar, cascas de arroz, res\u00edduos industriais)<\/a><\/li>\n<li><a href=\"https:\/\/engenhariacivil.ufms.br\/area-de-atuacao\/compositos-cimenticios-de-altissimo-desempenho\/\">Comp\u00f3sitos ciment\u00edcios de alt\u00edssimo desempenho<\/a><\/li>\n<li>Concretos com propriedades cicatrizantes<\/li>\n<\/ol>\n<p><strong>Contato<\/strong>:\u00a0sidiclei.formagini@ufms.br<\/p>\n","protected":false},"excerpt":{"rendered":"<p>Professor Adjunto IV Lattes: http:\/\/lattes.cnpq.br\/8097208378961127 Orcid:\u00a0https:\/\/orcid.org\/0000-0002-1731-0297 Forma\u00e7\u00e3o: Graduado em Engenharia Civil pela Universidade do Estado de Santa Catarina (FEJ\/UDESC, 1996) Mestre em Engenharia\u00a0Civil pela Pontif\u00edcia Universidade Cat\u00f3lica do Rio de Janeiro (PUC-Rio, 1999) Doutor em\u00a0Engenharia Civil pela Universidade Federal do Rio de Janeiro (COPPE\/UFRJ, 2005) P\u00f3s-Doutorado no Instituto de Ciencia y Tecnolog\u00eda del Hormig\u00f3n (ICITECH) [&hellip;]<\/p>\n","protected":false},"author":141,"featured_media":0,"parent":71,"menu_order":0,"comment_status":"closed","ping_status":"closed","template":"","meta":{"footnotes":""},"coauthors":[],"class_list":["post-1234","page","type-page","status-publish","hentry"],"_links":{"self":[{"href":"https:\/\/engenhariacivil-faeng.ufms.br\/en\/wp-json\/wp\/v2\/pages\/1234","targetHints":{"allow":["GET"]}}],"collection":[{"href":"https:\/\/engenhariacivil-faeng.ufms.br\/en\/wp-json\/wp\/v2\/pages"}],"about":[{"href":"https:\/\/engenhariacivil-faeng.ufms.br\/en\/wp-json\/wp\/v2\/types\/page"}],"author":[{"embeddable":true,"href":"https:\/\/engenhariacivil-faeng.ufms.br\/en\/wp-json\/wp\/v2\/users\/141"}],"replies":[{"embeddable":true,"href":"https:\/\/engenhariacivil-faeng.ufms.br\/en\/wp-json\/wp\/v2\/comments?post=1234"}],"version-history":[{"count":18,"href":"https:\/\/engenhariacivil-faeng.ufms.br\/en\/wp-json\/wp\/v2\/pages\/1234\/revisions"}],"predecessor-version":[{"id":4921,"href":"https:\/\/engenhariacivil-faeng.ufms.br\/en\/wp-json\/wp\/v2\/pages\/1234\/revisions\/4921"}],"up":[{"embeddable":true,"href":"https:\/\/engenhariacivil-faeng.ufms.br\/en\/wp-json\/wp\/v2\/pages\/71"}],"wp:attachment":[{"href":"https:\/\/engenhariacivil-faeng.ufms.br\/en\/wp-json\/wp\/v2\/media?parent=1234"}],"wp:term":[{"taxonomy":"author","embeddable":true,"href":"https:\/\/engenhariacivil-faeng.ufms.br\/en\/wp-json\/wp\/v2\/coauthors?post=1234"}],"curies":[{"name":"wp","href":"https:\/\/api.w.org\/{rel}","templated":true}]}}