{"id":1299,"date":"2019-04-16T09:10:18","date_gmt":"2019-04-16T13:10:18","guid":{"rendered":"https:\/\/engenhariacivil.ufms.br\/?page_id=1299"},"modified":"2022-01-28T17:43:36","modified_gmt":"2022-01-28T21:43:36","slug":"janusa-sa","status":"publish","type":"page","link":"https:\/\/engenhariacivil-faeng.ufms.br\/en\/corpo-docente\/janusa-sa\/","title":{"rendered":"Janusa Soares de Ara\u00fajo"},"content":{"rendered":"<address><strong>\u00a0<\/strong><span style=\"font-size: 16px\"><img decoding=\"async\" class=\"wp-image-1302 alignnone\" src=\"https:\/\/engenhariacivil.ufms.br\/files\/2019\/04\/servletrecuperafoto-1.jpg\" alt=\"\" width=\"108\" height=\"122\" \/><\/span><\/address>\n<h2>Professora Adjunta<\/h2>\n<p><span style=\"font-size: 16px\">Lattes: <\/span><a style=\"font-size: 16px\" href=\"http:\/\/lattes.cnpq.br\/9444948326572913\" target=\"_blank\" rel=\"noopener\">http:\/\/lattes.cnpq.br\/9444948326572913<\/a><\/p>\n<h3>Forma\u00e7\u00e3o:<\/h3>\n<ul>\n<li>Graduada em Engenharia Civil pela Universidade Federal do Rio Grande do Norte (UFRN, 2005)<\/li>\n<li>Especialista em Engenharia de Seguran\u00e7a do Trabalho pela\u00a0Universidade Potiguar (UnP, 2008)<\/li>\n<li>Especializa\u00e7\u00e3o em Meio Ambiente e Desenvolvimento Sustent\u00e1vel\u00a0pela\u00a0Universidade Potiguar (UnP, 2011)<\/li>\n<li>Mestre em Ci\u00eancia e Engenharia de Petr\u00f3leo pela Universidade Federal do Rio Grande do Norte (UFRN, 2008)<\/li>\n<li>Doutora em Ci\u00eancia e Engenharia de Petr\u00f3leo pela Universidade Federal do Rio Grande do Norte (UFRN, 2012)<\/li>\n<\/ul>\n<h3><strong>Disciplinas anteriormente lecionadas:<\/strong><\/h3>\n<ol>\n<li>Seguran\u00e7a do Trabalho<\/li>\n<li>Seguran\u00e7a do Trabalho em Sistemas El\u00e9tricos<\/li>\n<li>Patologia das Constru\u00e7\u00f5es<\/li>\n<li>Avalia\u00e7\u00e3o de Impactos Ambientais<\/li>\n<li>Ci\u00eancias do Ambiente<\/li>\n<li>Ergonomia<\/li>\n<li>Metodologia Cient\u00edfica<\/li>\n<\/ol>\n<h3><strong>\u00c1reas de Atua\u00e7\u00e3o<\/strong><\/h3>\n<ol>\n<li>Engenharia de Petr\u00f3leo e G\u00e1s<\/li>\n<li>Engenharia de Seguran\u00e7a do Trabalho<\/li>\n<li>Meio Ambiente e Desenvolvimento Sustent\u00e1vel<\/li>\n<\/ol>\n<p><strong>Contato<\/strong>: janusa.soares@ufms.br<\/p>\n","protected":false},"excerpt":{"rendered":"<p>\u00a0 Professora Adjunta Lattes: http:\/\/lattes.cnpq.br\/9444948326572913 Forma\u00e7\u00e3o: Graduada em Engenharia Civil pela Universidade Federal do Rio Grande do Norte (UFRN, 2005) Especialista em Engenharia de Seguran\u00e7a do Trabalho pela\u00a0Universidade Potiguar (UnP, 2008) Especializa\u00e7\u00e3o em Meio Ambiente e Desenvolvimento Sustent\u00e1vel\u00a0pela\u00a0Universidade Potiguar (UnP, 2011) Mestre em Ci\u00eancia e Engenharia de Petr\u00f3leo pela Universidade Federal do Rio Grande do [&hellip;]<\/p>\n","protected":false},"author":141,"featured_media":0,"parent":71,"menu_order":0,"comment_status":"closed","ping_status":"closed","template":"page-templates\/page-coordenadorias.php","meta":{"footnotes":""},"coauthors":[],"class_list":["post-1299","page","type-page","status-publish","hentry"],"_links":{"self":[{"href":"https:\/\/engenhariacivil-faeng.ufms.br\/en\/wp-json\/wp\/v2\/pages\/1299","targetHints":{"allow":["GET"]}}],"collection":[{"href":"https:\/\/engenhariacivil-faeng.ufms.br\/en\/wp-json\/wp\/v2\/pages"}],"about":[{"href":"https:\/\/engenhariacivil-faeng.ufms.br\/en\/wp-json\/wp\/v2\/types\/page"}],"author":[{"embeddable":true,"href":"https:\/\/engenhariacivil-faeng.ufms.br\/en\/wp-json\/wp\/v2\/users\/141"}],"replies":[{"embeddable":true,"href":"https:\/\/engenhariacivil-faeng.ufms.br\/en\/wp-json\/wp\/v2\/comments?post=1299"}],"version-history":[{"count":14,"href":"https:\/\/engenhariacivil-faeng.ufms.br\/en\/wp-json\/wp\/v2\/pages\/1299\/revisions"}],"predecessor-version":[{"id":3499,"href":"https:\/\/engenhariacivil-faeng.ufms.br\/en\/wp-json\/wp\/v2\/pages\/1299\/revisions\/3499"}],"up":[{"embeddable":true,"href":"https:\/\/engenhariacivil-faeng.ufms.br\/en\/wp-json\/wp\/v2\/pages\/71"}],"wp:attachment":[{"href":"https:\/\/engenhariacivil-faeng.ufms.br\/en\/wp-json\/wp\/v2\/media?parent=1299"}],"wp:term":[{"taxonomy":"author","embeddable":true,"href":"https:\/\/engenhariacivil-faeng.ufms.br\/en\/wp-json\/wp\/v2\/coauthors?post=1299"}],"curies":[{"name":"wp","href":"https:\/\/api.w.org\/{rel}","templated":true}]}}