{"id":1317,"date":"2019-04-16T09:56:26","date_gmt":"2019-04-16T13:56:26","guid":{"rendered":"https:\/\/engenhariacivil.ufms.br\/?page_id=1317"},"modified":"2020-05-26T19:46:21","modified_gmt":"2020-05-26T23:46:21","slug":"rogerio-prataviera","status":"publish","type":"page","link":"https:\/\/engenhariacivil-faeng.ufms.br\/en\/corpo-docente\/rogerio-prataviera\/","title":{"rendered":"Rog\u00e9rio Prataviera"},"content":{"rendered":"<table>\n<tbody>\n<tr>\n<th><img decoding=\"async\" class=\"alignnone wp-image-1343\" src=\"https:\/\/engenhariacivil.ufms.br\/files\/2019\/04\/Foto-Carteira-UFMS.jpg\" alt=\"\" width=\"124\" height=\"166\" srcset=\"https:\/\/engenhariacivil-faeng.ufms.br\/files\/2019\/04\/Foto-Carteira-UFMS.jpg 354w, https:\/\/engenhariacivil-faeng.ufms.br\/files\/2019\/04\/Foto-Carteira-UFMS-225x300.jpg 225w, https:\/\/engenhariacivil-faeng.ufms.br\/files\/2019\/04\/Foto-Carteira-UFMS-240x320.jpg 240w\" sizes=\"(max-width: 124px) 100vw, 124px\" \/><\/th>\n<th><a href=\"http:\/\/lattes.cnpq.br\/5895158357997353\" target=\"_blank\" rel=\"noopener noreferrer\"><img decoding=\"async\" class=\"alignleft\" src=\"http:\/\/engenhariacivil.draconis.ufms.br\/wp-content\/blogs.dir\/65\/files\/2014\/02\/lattesnew-300x122.png\" alt=\"lattesnew\" width=\"144\" height=\"58\" \/><\/a><\/th>\n<\/tr>\n<\/tbody>\n<\/table>\n<h2>Professor Adjunto A<\/h2>\n<h3>Forma\u00e7\u00e3o:<\/h3>\n<ul>\n<li>Graduado em Engenharia de Materiais pela Universidade Federal de S\u00e3o Carlos (UFSCAR, 2007)<\/li>\n<li>Mestre em\u00a0Ci\u00eancia e Engenharia de Materiais pela\u00a0Universidade Federal de S\u00e3o Carlos (UFSCAR, 2010)<\/li>\n<li>Doutor em\u00a0Ci\u00eancia e Engenharia de Materiais pela\u00a0Universidade Federal de S\u00e3o Carlos (UFSCAR, 2014)<\/li>\n<\/ul>\n<h3><strong>Disciplinas anteriormente lecionadas:<\/strong><\/h3>\n<ol>\n<li>Ci\u00eancias dos Materiais<\/li>\n<li>Desenho T\u00e9cnico<\/li>\n<li>Resist\u00eancia dos Materiais<\/li>\n<li>Materiais de Constru\u00e7\u00e3o Civil<\/li>\n<\/ol>\n<h3><strong>\u00c1reas de Atua\u00e7\u00e3o:<\/strong><\/h3>\n<ol>\n<li><a href=\"https:\/\/engenhariacivil.ufms.br\/area-de-atuacao\/engenharias-de-materiais\/\">Engenharias de Materiais, Civil e Produ\u00e7\u00e3o<\/a><\/li>\n<li><a href=\"https:\/\/engenhariacivil.ufms.br\/area-de-atuacao\/polimeros-e-aplicacoes\/\">Engenharia de Materiais, com \u00eanfase em Pol\u00edmeros e Aplica\u00e7\u00f5es<\/a><\/li>\n<\/ol>\n<p><strong>Contato<\/strong>:\u00a0rogerio.prataviera@ufms.br<\/p>\n","protected":false},"excerpt":{"rendered":"<p>Professor Adjunto A Forma\u00e7\u00e3o: Graduado em Engenharia de Materiais pela Universidade Federal de S\u00e3o Carlos (UFSCAR, 2007) Mestre em\u00a0Ci\u00eancia e Engenharia de Materiais pela\u00a0Universidade Federal de S\u00e3o Carlos (UFSCAR, 2010) Doutor em\u00a0Ci\u00eancia e Engenharia de Materiais pela\u00a0Universidade Federal de S\u00e3o Carlos (UFSCAR, 2014) Disciplinas anteriormente lecionadas: Ci\u00eancias dos Materiais Desenho T\u00e9cnico Resist\u00eancia dos Materiais Materiais [&hellip;]<\/p>\n","protected":false},"author":18957,"featured_media":0,"parent":71,"menu_order":0,"comment_status":"closed","ping_status":"closed","template":"","meta":{"footnotes":""},"coauthors":[],"class_list":["post-1317","page","type-page","status-publish","hentry"],"_links":{"self":[{"href":"https:\/\/engenhariacivil-faeng.ufms.br\/en\/wp-json\/wp\/v2\/pages\/1317","targetHints":{"allow":["GET"]}}],"collection":[{"href":"https:\/\/engenhariacivil-faeng.ufms.br\/en\/wp-json\/wp\/v2\/pages"}],"about":[{"href":"https:\/\/engenhariacivil-faeng.ufms.br\/en\/wp-json\/wp\/v2\/types\/page"}],"author":[{"embeddable":true,"href":"https:\/\/engenhariacivil-faeng.ufms.br\/en\/wp-json\/wp\/v2\/users\/18957"}],"replies":[{"embeddable":true,"href":"https:\/\/engenhariacivil-faeng.ufms.br\/en\/wp-json\/wp\/v2\/comments?post=1317"}],"version-history":[{"count":5,"href":"https:\/\/engenhariacivil-faeng.ufms.br\/en\/wp-json\/wp\/v2\/pages\/1317\/revisions"}],"predecessor-version":[{"id":2340,"href":"https:\/\/engenhariacivil-faeng.ufms.br\/en\/wp-json\/wp\/v2\/pages\/1317\/revisions\/2340"}],"up":[{"embeddable":true,"href":"https:\/\/engenhariacivil-faeng.ufms.br\/en\/wp-json\/wp\/v2\/pages\/71"}],"wp:attachment":[{"href":"https:\/\/engenhariacivil-faeng.ufms.br\/en\/wp-json\/wp\/v2\/media?parent=1317"}],"wp:term":[{"taxonomy":"author","embeddable":true,"href":"https:\/\/engenhariacivil-faeng.ufms.br\/en\/wp-json\/wp\/v2\/coauthors?post=1317"}],"curies":[{"name":"wp","href":"https:\/\/api.w.org\/{rel}","templated":true}]}}