{"id":1493,"date":"2019-04-22T17:15:37","date_gmt":"2019-04-22T21:15:37","guid":{"rendered":"https:\/\/engenhariacivil.ufms.br\/?page_id=1493"},"modified":"2022-01-28T17:12:26","modified_gmt":"2022-01-28T21:12:26","slug":"david-aas","status":"publish","type":"page","link":"https:\/\/engenhariacivil-faeng.ufms.br\/en\/corpo-docente\/david-aas\/","title":{"rendered":"David Alex Arancibia Suarez"},"content":{"rendered":"<p><img decoding=\"async\" class=\"alignnone wp-image-1494\" src=\"https:\/\/engenhariacivil.ufms.br\/files\/2019\/04\/david-aas-225x300.jpg\" alt=\"\" width=\"114\" height=\"152\" srcset=\"https:\/\/engenhariacivil-faeng.ufms.br\/files\/2019\/04\/david-aas-225x300.jpg 225w, https:\/\/engenhariacivil-faeng.ufms.br\/files\/2019\/04\/david-aas-240x320.jpg 240w, https:\/\/engenhariacivil-faeng.ufms.br\/files\/2019\/04\/david-aas.jpg 480w\" sizes=\"(max-width: 114px) 100vw, 114px\" \/><\/p>\n<h2>Professor<\/h2>\n<p>Lattes: <a href=\"http:\/\/lattes.cnpq.br\/9461478728466239\" target=\"_blank\" rel=\"noopener\">http:\/\/lattes.cnpq.br\/9461478728466239<\/a><\/p>\n<h3>Forma\u00e7\u00e3o:<\/h3>\n<ul>\n<li>Graduado em Engenharia Civil pela Universidad Privada de Santa Cruz de la Sierra, UPSA, Bol\u00edvia (UNESP, 2003)<\/li>\n<li>Mestre em Engenharia de Transportes pela Universidade de S\u00e3o Paulo (USP, 2008)<\/li>\n<\/ul>\n<h3><strong>Disciplinas anteriormente lecionadas:<\/strong><\/h3>\n<ol>\n<li>Estradas I<\/li>\n<li>Estradas II<\/li>\n<li>Geologia Geral<\/li>\n<\/ol>\n<h3>\u00a0<strong>\u00c1reas de Atua\u00e7\u00e3o:<\/strong><\/h3>\n<ol>\n<li><a href=\"https:\/\/engenhariacivil.ufms.br\/area-de-atuacao\/infraestrutura-rodoviaria-e-pavimentacao\/\">Infraestrutura Rodovi\u00e1ria\u00a0e pavimenta\u00e7\u00e3o<\/a><\/li>\n<li><a href=\"https:\/\/engenhariacivil.ufms.br\/area-de-atuacao\/dimensionamento-de-pavimentos\/\">Dimensionamento de Pavimentos<\/a><\/li>\n<li><a href=\"https:\/\/engenhariacivil.ufms.br\/area-de-atuacao\/projeto-geometrico-de-rodovias\/\">Projeto Geom\u00e9trico de Rodovias<\/a><\/li>\n<li><a href=\"https:\/\/engenhariacivil.ufms.br\/area-de-atuacao\/misturas-asfalticas\/\">Misturas asf\u00e1lticas<\/a><\/li>\n<li><a href=\"https:\/\/engenhariacivil.ufms.br\/area-de-atuacao\/modificacao-de-ligantes-asfalticos\/\">Modifica\u00e7\u00e3o de ligantes asf\u00e1lticos<\/a><\/li>\n<li><a href=\"https:\/\/engenhariacivil.ufms.br\/area-de-atuacao\/estabilizacao-de-solos\/\">Estabiliza\u00e7\u00e3o de solos<\/a><\/li>\n<\/ol>\n<p><strong>Contato<\/strong>: alex.arancibia@ufms.br<b><br \/>\n<\/b><\/p>\n","protected":false},"excerpt":{"rendered":"<p>Professor Lattes: http:\/\/lattes.cnpq.br\/9461478728466239 Forma\u00e7\u00e3o: Graduado em Engenharia Civil pela Universidad Privada de Santa Cruz de la Sierra, UPSA, Bol\u00edvia (UNESP, 2003) Mestre em Engenharia de Transportes pela Universidade de S\u00e3o Paulo (USP, 2008) Disciplinas anteriormente lecionadas: Estradas I Estradas II Geologia Geral \u00a0\u00c1reas de Atua\u00e7\u00e3o: Infraestrutura Rodovi\u00e1ria\u00a0e pavimenta\u00e7\u00e3o Dimensionamento de Pavimentos Projeto Geom\u00e9trico de Rodovias [&hellip;]<\/p>\n","protected":false},"author":18957,"featured_media":0,"parent":71,"menu_order":0,"comment_status":"closed","ping_status":"closed","template":"page-templates\/page-coordenadorias.php","meta":{"footnotes":""},"coauthors":[],"class_list":["post-1493","page","type-page","status-publish","hentry"],"_links":{"self":[{"href":"https:\/\/engenhariacivil-faeng.ufms.br\/en\/wp-json\/wp\/v2\/pages\/1493","targetHints":{"allow":["GET"]}}],"collection":[{"href":"https:\/\/engenhariacivil-faeng.ufms.br\/en\/wp-json\/wp\/v2\/pages"}],"about":[{"href":"https:\/\/engenhariacivil-faeng.ufms.br\/en\/wp-json\/wp\/v2\/types\/page"}],"author":[{"embeddable":true,"href":"https:\/\/engenhariacivil-faeng.ufms.br\/en\/wp-json\/wp\/v2\/users\/18957"}],"replies":[{"embeddable":true,"href":"https:\/\/engenhariacivil-faeng.ufms.br\/en\/wp-json\/wp\/v2\/comments?post=1493"}],"version-history":[{"count":6,"href":"https:\/\/engenhariacivil-faeng.ufms.br\/en\/wp-json\/wp\/v2\/pages\/1493\/revisions"}],"predecessor-version":[{"id":3490,"href":"https:\/\/engenhariacivil-faeng.ufms.br\/en\/wp-json\/wp\/v2\/pages\/1493\/revisions\/3490"}],"up":[{"embeddable":true,"href":"https:\/\/engenhariacivil-faeng.ufms.br\/en\/wp-json\/wp\/v2\/pages\/71"}],"wp:attachment":[{"href":"https:\/\/engenhariacivil-faeng.ufms.br\/en\/wp-json\/wp\/v2\/media?parent=1493"}],"wp:term":[{"taxonomy":"author","embeddable":true,"href":"https:\/\/engenhariacivil-faeng.ufms.br\/en\/wp-json\/wp\/v2\/coauthors?post=1493"}],"curies":[{"name":"wp","href":"https:\/\/api.w.org\/{rel}","templated":true}]}}