{"id":1517,"date":"2019-04-22T17:53:30","date_gmt":"2019-04-22T21:53:30","guid":{"rendered":"https:\/\/engenhariacivil.ufms.br\/?page_id=1517"},"modified":"2022-04-14T10:50:26","modified_gmt":"2022-04-14T14:50:26","slug":"marcia-aparecida-ms","status":"publish","type":"page","link":"https:\/\/engenhariacivil-faeng.ufms.br\/en\/corpo-docente-lista-antiga\/marcia-aparecida-ms\/","title":{"rendered":"M\u00e1rcia Aparecida Mendes Saraiva"},"content":{"rendered":"<table>\n<tbody>\n<tr>\n<th><\/th>\n<th><a href=\"http:\/\/lattes.cnpq.br\/7430435300614941\" target=\"_blank\" rel=\"noopener noreferrer\"><img decoding=\"async\" class=\"alignleft\" src=\"http:\/\/engenhariacivil.draconis.ufms.br\/wp-content\/blogs.dir\/65\/files\/2014\/02\/lattesnew-300x122.png\" alt=\"lattesnew\" width=\"144\" height=\"58\" \/><\/a><\/th>\n<\/tr>\n<\/tbody>\n<\/table>\n<h2>Professora Adjunta III<\/h2>\n<h3>Forma\u00e7\u00e3o:<\/h3>\n<ul>\n<li>Graduada em Engenharia Civil pela Universidade Federal de Mato Grosso do Sul (UFMS, 1979)<\/li>\n<li>Especialista em\u00a0Metodologia do Ensino Superior pelo Centro de Ensino Superior Professor Pl\u00ednio Mendes dos Santos (CESUP, 1988)<\/li>\n<li>Mestre em\u00a0Tecnologias Ambientais pela\u00a0pela Universidade Federal de Mato Grosso do Sul (UFMS, 2007)<\/li>\n<li>Doutora em Ci\u00eancia da Educa\u00e7\u00e3o pela Universidad T\u00e9cnica de Comercializaci\u00f3n y Desarrollo, U.T.C.D, Paraguai (2013)<\/li>\n<\/ul>\n<h3><strong>Disciplinas anteriormente lecionadas:<\/strong><\/h3>\n<ol>\n<li>Estradas<\/li>\n<li><\/li>\n<\/ol>\n<h3>\u00a0<strong>\u00c1reas de Atua\u00e7\u00e3o:<\/strong><\/h3>\n<ol>\n<li><a href=\"https:\/\/engenhariacivil.ufms.br\/area-de-atuacao\/transportes\/\">Transportes<\/a><\/li>\n<li><a href=\"https:\/\/engenhariacivil.ufms.br\/area-de-atuacao\/meio-ambiente-e-desenvolvimento-sustentavel\/\">Meio ambiente<\/a><\/li>\n<li><a href=\"https:\/\/engenhariacivil.ufms.br\/area-de-atuacao\/impactos-ambientais\/\">Impactos ambientais<\/a><\/li>\n<li><a href=\"https:\/\/engenhariacivil.ufms.br\/area-de-atuacao\/rodovias\/\">Rodovias<\/a><\/li>\n<\/ol>\n<p><strong>Contato<\/strong>: marcia.saraiva@ufms.br<b><br \/>\n<\/b><\/p>\n","protected":false},"excerpt":{"rendered":"<p>Professora Adjunta III Forma\u00e7\u00e3o: Graduada em Engenharia Civil pela Universidade Federal de Mato Grosso do Sul (UFMS, 1979) Especialista em\u00a0Metodologia do Ensino Superior pelo Centro de Ensino Superior Professor Pl\u00ednio Mendes dos Santos (CESUP, 1988) Mestre em\u00a0Tecnologias Ambientais pela\u00a0pela Universidade Federal de Mato Grosso do Sul (UFMS, 2007) Doutora em Ci\u00eancia da Educa\u00e7\u00e3o pela Universidad [&hellip;]<\/p>\n","protected":false},"author":18957,"featured_media":0,"parent":3395,"menu_order":0,"comment_status":"closed","ping_status":"closed","template":"","meta":{"footnotes":""},"coauthors":[],"class_list":["post-1517","page","type-page","status-publish","hentry"],"_links":{"self":[{"href":"https:\/\/engenhariacivil-faeng.ufms.br\/en\/wp-json\/wp\/v2\/pages\/1517","targetHints":{"allow":["GET"]}}],"collection":[{"href":"https:\/\/engenhariacivil-faeng.ufms.br\/en\/wp-json\/wp\/v2\/pages"}],"about":[{"href":"https:\/\/engenhariacivil-faeng.ufms.br\/en\/wp-json\/wp\/v2\/types\/page"}],"author":[{"embeddable":true,"href":"https:\/\/engenhariacivil-faeng.ufms.br\/en\/wp-json\/wp\/v2\/users\/18957"}],"replies":[{"embeddable":true,"href":"https:\/\/engenhariacivil-faeng.ufms.br\/en\/wp-json\/wp\/v2\/comments?post=1517"}],"version-history":[{"count":5,"href":"https:\/\/engenhariacivil-faeng.ufms.br\/en\/wp-json\/wp\/v2\/pages\/1517\/revisions"}],"predecessor-version":[{"id":2321,"href":"https:\/\/engenhariacivil-faeng.ufms.br\/en\/wp-json\/wp\/v2\/pages\/1517\/revisions\/2321"}],"up":[{"embeddable":true,"href":"https:\/\/engenhariacivil-faeng.ufms.br\/en\/wp-json\/wp\/v2\/pages\/3395"}],"wp:attachment":[{"href":"https:\/\/engenhariacivil-faeng.ufms.br\/en\/wp-json\/wp\/v2\/media?parent=1517"}],"wp:term":[{"taxonomy":"author","embeddable":true,"href":"https:\/\/engenhariacivil-faeng.ufms.br\/en\/wp-json\/wp\/v2\/coauthors?post=1517"}],"curies":[{"name":"wp","href":"https:\/\/api.w.org\/{rel}","templated":true}]}}