{"id":1572,"date":"2019-04-23T18:08:24","date_gmt":"2019-04-23T22:08:24","guid":{"rendered":"https:\/\/engenhariacivil.ufms.br\/?page_id=1572"},"modified":"2022-01-28T16:59:05","modified_gmt":"2022-01-28T20:59:05","slug":"armando-gab","status":"publish","type":"page","link":"https:\/\/engenhariacivil-faeng.ufms.br\/en\/corpo-docente\/armando-gab\/","title":{"rendered":"Armando Garcia Arnal Barbedo"},"content":{"rendered":"<h2>Professor Assistente<\/h2>\n<p>Lattes: <a href=\"http:\/\/lattes.cnpq.br\/8457283866116409\" target=\"_blank\" rel=\"noopener\">http:\/\/lattes.cnpq.br\/8457283866116409<\/a><\/p>\n<h3>Forma\u00e7\u00e3o:<\/h3>\n<ul>\n<li>Graduado em Engenharia Civil pela Universidade Federal de Mato Grosso do Sul (UFMS, 2000)<\/li>\n<li>Mestre em Tecnologias Ambientais pela\u00a0Universidade Federal de Mato Grosso do Sul (UFMS, 2003)<\/li>\n<\/ul>\n<h3><strong>Disciplinas anteriormente lecionadas:<\/strong><\/h3>\n<ol>\n<li>Sistemas de \u00e1gua, esgoto e drenagem<\/li>\n<li>Modelagem de sistemas ambientais<\/li>\n<li>Instala\u00e7\u00f5es hidr\u00e1ulicas e prediais<\/li>\n<li>Hidrologia<\/li>\n<\/ol>\n<h3>\u00a0<strong>\u00c1reas de Atua\u00e7\u00e3o:<\/strong><\/h3>\n<ol>\n<li>hidrossedimentologia<\/li>\n<li>saneamento ambiental<\/li>\n<li>tratamento de \u00e1guas residu\u00e1rias<\/li>\n<li>estudo e an\u00e1lise de risco<\/li>\n<li>licenciamento ambiental<\/li>\n<li>autodepura\u00e7\u00e3o de corpos receptores<\/li>\n<\/ol>\n<p><strong>Contato<\/strong>: armando.barbedo@ufms.br<b><br \/>\n<\/b><\/p>\n","protected":false},"excerpt":{"rendered":"<p>Professor Assistente Lattes: http:\/\/lattes.cnpq.br\/8457283866116409 Forma\u00e7\u00e3o: Graduado em Engenharia Civil pela Universidade Federal de Mato Grosso do Sul (UFMS, 2000) Mestre em Tecnologias Ambientais pela\u00a0Universidade Federal de Mato Grosso do Sul (UFMS, 2003) Disciplinas anteriormente lecionadas: Sistemas de \u00e1gua, esgoto e drenagem Modelagem de sistemas ambientais Instala\u00e7\u00f5es hidr\u00e1ulicas e prediais Hidrologia \u00a0\u00c1reas de Atua\u00e7\u00e3o: hidrossedimentologia saneamento [&hellip;]<\/p>\n","protected":false},"author":18957,"featured_media":0,"parent":71,"menu_order":0,"comment_status":"closed","ping_status":"closed","template":"page-templates\/page-coordenadorias.php","meta":{"footnotes":""},"coauthors":[],"class_list":["post-1572","page","type-page","status-publish","hentry"],"_links":{"self":[{"href":"https:\/\/engenhariacivil-faeng.ufms.br\/en\/wp-json\/wp\/v2\/pages\/1572","targetHints":{"allow":["GET"]}}],"collection":[{"href":"https:\/\/engenhariacivil-faeng.ufms.br\/en\/wp-json\/wp\/v2\/pages"}],"about":[{"href":"https:\/\/engenhariacivil-faeng.ufms.br\/en\/wp-json\/wp\/v2\/types\/page"}],"author":[{"embeddable":true,"href":"https:\/\/engenhariacivil-faeng.ufms.br\/en\/wp-json\/wp\/v2\/users\/18957"}],"replies":[{"embeddable":true,"href":"https:\/\/engenhariacivil-faeng.ufms.br\/en\/wp-json\/wp\/v2\/comments?post=1572"}],"version-history":[{"count":6,"href":"https:\/\/engenhariacivil-faeng.ufms.br\/en\/wp-json\/wp\/v2\/pages\/1572\/revisions"}],"predecessor-version":[{"id":3485,"href":"https:\/\/engenhariacivil-faeng.ufms.br\/en\/wp-json\/wp\/v2\/pages\/1572\/revisions\/3485"}],"up":[{"embeddable":true,"href":"https:\/\/engenhariacivil-faeng.ufms.br\/en\/wp-json\/wp\/v2\/pages\/71"}],"wp:attachment":[{"href":"https:\/\/engenhariacivil-faeng.ufms.br\/en\/wp-json\/wp\/v2\/media?parent=1572"}],"wp:term":[{"taxonomy":"author","embeddable":true,"href":"https:\/\/engenhariacivil-faeng.ufms.br\/en\/wp-json\/wp\/v2\/coauthors?post=1572"}],"curies":[{"name":"wp","href":"https:\/\/api.w.org\/{rel}","templated":true}]}}