{"id":1642,"date":"2019-05-10T11:48:35","date_gmt":"2019-05-10T15:48:35","guid":{"rendered":"https:\/\/engenhariacivil.ufms.br\/?page_id=1642"},"modified":"2020-05-26T17:44:42","modified_gmt":"2020-05-26T21:44:42","slug":"labgeo","status":"publish","type":"page","link":"https:\/\/engenhariacivil-faeng.ufms.br\/en\/laboratorios\/labgeo\/","title":{"rendered":"Laborat\u00f3rio de Geologia &#8211; LabGeo"},"content":{"rendered":"<h2>Laborat\u00f3rio de Geologia (LabGeo)<\/h2>\n<p>O laborat\u00f3rio \u00e9 utilizado para aulas pr\u00e1ticas de geologia para alunos de gradua\u00e7\u00e3o e de p\u00f3s-gradua\u00e7\u00e3o; fornece material e amostras utilizadas nos projetos de extens\u00e3o; \u00e9 utilizado para o desenvolvimento de materiais did\u00e1ticos; recebe alunos em visitas orientadas; atende professores de escolas p\u00fablicas em demandas referentes \u00e0s geoci\u00eancias; oferece oficinas de divulga\u00e7\u00e3o cient\u00edfica de geologia, paleontologia e hidrogeologia.<\/p>\n<p>&nbsp;<\/p>\n","protected":false},"excerpt":{"rendered":"<p>Laborat\u00f3rio de Geologia (LabGeo) O laborat\u00f3rio \u00e9 utilizado para aulas pr\u00e1ticas de geologia para alunos de gradua\u00e7\u00e3o e de p\u00f3s-gradua\u00e7\u00e3o; fornece material e amostras utilizadas nos projetos de extens\u00e3o; \u00e9 utilizado para o desenvolvimento de materiais did\u00e1ticos; recebe alunos em visitas orientadas; atende professores de escolas p\u00fablicas em demandas referentes \u00e0s geoci\u00eancias; oferece oficinas de [&hellip;]<\/p>\n","protected":false},"author":18957,"featured_media":0,"parent":77,"menu_order":0,"comment_status":"closed","ping_status":"closed","template":"","meta":{"footnotes":""},"coauthors":[],"class_list":["post-1642","page","type-page","status-publish","hentry"],"_links":{"self":[{"href":"https:\/\/engenhariacivil-faeng.ufms.br\/en\/wp-json\/wp\/v2\/pages\/1642","targetHints":{"allow":["GET"]}}],"collection":[{"href":"https:\/\/engenhariacivil-faeng.ufms.br\/en\/wp-json\/wp\/v2\/pages"}],"about":[{"href":"https:\/\/engenhariacivil-faeng.ufms.br\/en\/wp-json\/wp\/v2\/types\/page"}],"author":[{"embeddable":true,"href":"https:\/\/engenhariacivil-faeng.ufms.br\/en\/wp-json\/wp\/v2\/users\/18957"}],"replies":[{"embeddable":true,"href":"https:\/\/engenhariacivil-faeng.ufms.br\/en\/wp-json\/wp\/v2\/comments?post=1642"}],"version-history":[{"count":2,"href":"https:\/\/engenhariacivil-faeng.ufms.br\/en\/wp-json\/wp\/v2\/pages\/1642\/revisions"}],"predecessor-version":[{"id":2269,"href":"https:\/\/engenhariacivil-faeng.ufms.br\/en\/wp-json\/wp\/v2\/pages\/1642\/revisions\/2269"}],"up":[{"embeddable":true,"href":"https:\/\/engenhariacivil-faeng.ufms.br\/en\/wp-json\/wp\/v2\/pages\/77"}],"wp:attachment":[{"href":"https:\/\/engenhariacivil-faeng.ufms.br\/en\/wp-json\/wp\/v2\/media?parent=1642"}],"wp:term":[{"taxonomy":"author","embeddable":true,"href":"https:\/\/engenhariacivil-faeng.ufms.br\/en\/wp-json\/wp\/v2\/coauthors?post=1642"}],"curies":[{"name":"wp","href":"https:\/\/api.w.org\/{rel}","templated":true}]}}