{"id":1644,"date":"2019-05-10T11:49:17","date_gmt":"2019-05-10T15:49:17","guid":{"rendered":"https:\/\/engenhariacivil.ufms.br\/?page_id=1644"},"modified":"2020-05-26T17:46:42","modified_gmt":"2020-05-26T21:46:42","slug":"lasac","status":"publish","type":"page","link":"https:\/\/engenhariacivil-faeng.ufms.br\/en\/laboratorios\/lasac\/","title":{"rendered":"Laborat\u00f3rio de \u00c1guas Subterr\u00e2neas e \u00c1reas Contaminadas &#8211; LASAC"},"content":{"rendered":"<h2>Laborat\u00f3rio de \u00c1guas Subterr\u00e2neas e \u00c1reas Contaminadas (LASAC)<\/h2>\n<p>Houve mudan\u00e7a f\u00edsica e expans\u00e3o do laborat\u00f3rio, de 18 para 30 m2, em 2016. Em 2015, foi instalada uma \u00e1rea experimental de Geotecnia e Hidrogeologia, de 400 m2, no campus de Campo Grande, anexa a FAENG. O laborat\u00f3rio \u00e9 utilizado para atividades pr\u00e1ticas de aulas de gradua\u00e7\u00e3o e de p\u00f3s-gradua\u00e7\u00e3o; d\u00e1 suporte a projetos de pesquisas de mestrado e doutorado em hidrogeologia e geotecnia ambiental, bem como trabalhos de inicia\u00e7\u00e3o cient\u00edfica e trabalhos de conclus\u00e3o de curso.<\/p>\n<p>&nbsp;<\/p>\n","protected":false},"excerpt":{"rendered":"<p>Laborat\u00f3rio de \u00c1guas Subterr\u00e2neas e \u00c1reas Contaminadas (LASAC) Houve mudan\u00e7a f\u00edsica e expans\u00e3o do laborat\u00f3rio, de 18 para 30 m2, em 2016. Em 2015, foi instalada uma \u00e1rea experimental de Geotecnia e Hidrogeologia, de 400 m2, no campus de Campo Grande, anexa a FAENG. O laborat\u00f3rio \u00e9 utilizado para atividades pr\u00e1ticas de aulas de gradua\u00e7\u00e3o [&hellip;]<\/p>\n","protected":false},"author":18957,"featured_media":0,"parent":77,"menu_order":0,"comment_status":"closed","ping_status":"closed","template":"","meta":{"footnotes":""},"coauthors":[],"class_list":["post-1644","page","type-page","status-publish","hentry"],"_links":{"self":[{"href":"https:\/\/engenhariacivil-faeng.ufms.br\/en\/wp-json\/wp\/v2\/pages\/1644","targetHints":{"allow":["GET"]}}],"collection":[{"href":"https:\/\/engenhariacivil-faeng.ufms.br\/en\/wp-json\/wp\/v2\/pages"}],"about":[{"href":"https:\/\/engenhariacivil-faeng.ufms.br\/en\/wp-json\/wp\/v2\/types\/page"}],"author":[{"embeddable":true,"href":"https:\/\/engenhariacivil-faeng.ufms.br\/en\/wp-json\/wp\/v2\/users\/18957"}],"replies":[{"embeddable":true,"href":"https:\/\/engenhariacivil-faeng.ufms.br\/en\/wp-json\/wp\/v2\/comments?post=1644"}],"version-history":[{"count":2,"href":"https:\/\/engenhariacivil-faeng.ufms.br\/en\/wp-json\/wp\/v2\/pages\/1644\/revisions"}],"predecessor-version":[{"id":2271,"href":"https:\/\/engenhariacivil-faeng.ufms.br\/en\/wp-json\/wp\/v2\/pages\/1644\/revisions\/2271"}],"up":[{"embeddable":true,"href":"https:\/\/engenhariacivil-faeng.ufms.br\/en\/wp-json\/wp\/v2\/pages\/77"}],"wp:attachment":[{"href":"https:\/\/engenhariacivil-faeng.ufms.br\/en\/wp-json\/wp\/v2\/media?parent=1644"}],"wp:term":[{"taxonomy":"author","embeddable":true,"href":"https:\/\/engenhariacivil-faeng.ufms.br\/en\/wp-json\/wp\/v2\/coauthors?post=1644"}],"curies":[{"name":"wp","href":"https:\/\/api.w.org\/{rel}","templated":true}]}}