{"id":1730,"date":"2019-06-11T18:17:51","date_gmt":"2019-06-11T22:17:51","guid":{"rendered":"https:\/\/engenhariacivil.ufms.br\/?page_id=1730"},"modified":"2025-11-15T15:01:32","modified_gmt":"2025-11-15T19:01:32","slug":"tcc","status":"publish","type":"page","link":"https:\/\/engenhariacivil-faeng.ufms.br\/en\/informacoes-ao-estudante\/tcc\/","title":{"rendered":"Trabalho de Conclus\u00e3o de Curso"},"content":{"rendered":"<p data-uw-styling-context=\"true\">Aqui se encontram as informa\u00e7\u00f5es necess\u00e1rias para o estudante sobre o <strong>Trabalho de Conclus\u00e3o de Curso<\/strong>, em conformidade com as normas da UFMS e do nosso curso de Engenharia Civil.<\/p>\n<blockquote>\n<p data-uw-styling-context=\"true\">Art. 1\u00b0 Atendidas as Diretrizes Curriculares Nacionais do Curso, os objetivos do Trabalho de Conclus\u00e3o de Curso s\u00e3o:<br \/>\nI \u2013 promover o aprofundamento tem\u00e1tico e estimular a pesquisa sobre temas de import\u00e2ncia acad\u00eamica e finalidade social;<br \/>\nII &#8211; proporcionar aos estudantes a experi\u00eancia da realiza\u00e7\u00e3o da pesquisa cient\u00edfica, devidamente orientados sobre os melhores m\u00e9todos e fontes;<br \/>\nIII \u2013 oportunizar aos estudantes a comunica\u00e7\u00e3o de sua pesquisa por meio de apresenta\u00e7\u00e3o oral e\/ou publica\u00e7\u00f5es cient\u00edficas; e<br \/>\nIV &#8211; aprimorar a capacidade de reflex\u00e3o, interpreta\u00e7\u00e3o e cr\u00edtica na \u00e1rea do Curso.<\/p>\n<\/blockquote>\n<hr \/>\n<p>&nbsp;<\/p>\n<h2>Documentos e Procedimentos<\/h2>\n<ul>\n<li>Not\u00edcia: <a href=\"https:\/\/engenhariacivil-faeng.ufms.br\/novo-regulamento-de-tcc\/\" target=\"_blank\" rel=\"noopener\">Novo Regulamento de TCC<\/a> (publicado por ECIV em 11\/05\/2023).<\/li>\n<\/ul>\n<hr \/>\n<ul>\n<li>Aqui se encontra um arquivo com a explica\u00e7\u00e3o dos procedimentos a serem adotados pelos alunos quando do desenvolvimento do TCC (novo).<\/li>\n<\/ul>\n<div class=\"ead-preview\"><div class=\"ead-document\" style=\"position: relative;padding-top: 90%;\"><div class=\"ead-iframe-wrapper\"><iframe src=\"\/\/docs.google.com\/viewer?url=https%3A%2F%2Fengenhariacivil-faeng.ufms.br%2Ffiles%2F2023%2F05%2FProcedimentos-TCC-ECIV-v2.pdf&amp;embedded=true&amp;hl=en\" title=\"Embedded Document\" class=\"ead-iframe\" style=\"width: 100%;height: 100%;border: none;position: absolute;left: 0;top: 0;visibility: hidden;\"><\/iframe><\/div>\t\t\t<div class=\"ead-document-loading\" style=\"width:100%;height:100%;position:absolute;left:0;top:0;z-index:10;\">\n\t\t\t\t<div class=\"ead-loading-wrap\">\n\t\t\t\t\t<div class=\"ead-loading-main\">\n\t\t\t\t\t\t<div class=\"ead-loading\">\n\t\t\t\t\t\t\t<img decoding=\"async\" src=\"https:\/\/engenhariacivil-faeng.ufms.br\/wp-content\/plugins\/embed-any-document\/images\/loading.svg\" width=\"55\" height=\"55\" alt=\"Loader\">\n\t\t\t\t\t\t\t<span>Loading...<\/span>\n\t\t\t\t\t\t<\/div>\n\t\t\t\t\t<\/div>\n\t\t\t\t\t<div class=\"ead-loading-foot\">\n\t\t\t\t\t\t<div class=\"ead-loading-foot-title\">\n\t\t\t\t\t\t\t<img decoding=\"async\" src=\"https:\/\/engenhariacivil-faeng.ufms.br\/wp-content\/plugins\/embed-any-document\/images\/EAD-logo.svg\" alt=\"EAD Logo\" width=\"36\" height=\"23\"\/>\n\t\t\t\t\t\t\t<span>Taking too long?<\/span>\n\t\t\t\t\t\t<\/div>\n\t\t\t\t\t\t<p>\n\t\t\t\t\t\t\t<div class=\"ead-document-btn ead-reload-btn\" role=\"button\">\n\t\t\t\t\t\t\t\t<img decoding=\"async\" src=\"https:\/\/engenhariacivil-faeng.ufms.br\/wp-content\/plugins\/embed-any-document\/images\/reload.svg\" alt=\"Reload\" width=\"12\" height=\"12\"\/> Reload document\t\t\t\t\t\t\t<\/div>\n\t\t\t\t\t\t\t<span>|<\/span>\n\t\t\t\t\t\t\t<a href=\"https:\/\/engenhariacivil-faeng.ufms.br\/files\/2023\/05\/Procedimentos-TCC-ECIV-v2.pdf\" class=\"ead-document-btn\" target=\"_blank\">\n\t\t\t\t\t\t\t\t<img loading=\"lazy\" decoding=\"async\" src=\"https:\/\/engenhariacivil-faeng.ufms.br\/wp-content\/plugins\/embed-any-document\/images\/open.svg\" alt=\"Open\" width=\"12\" height=\"12\"\/> Open in new tab\t\t\t\t\t\t\t<\/a>\n\t\t\t\t\t<\/div>\n\t\t\t\t<\/div>\n\t\t\t<\/div>\n\t\t<\/div><\/div>\n<hr \/>\n<ul>\n<li>RESOLU\u00c7\u00c3O N\u00ba 595-COGRAD\/UFMS, DE 22 DE JUNHO DE 2022. Aprova o Regulamento de Trabalho de Conclus\u00e3o de Curso dos Cursos de Gradua\u00e7\u00e3o da UFMS.<\/li>\n<\/ul>\n<div class=\"ead-preview\"><div class=\"ead-document\" style=\"position: relative;padding-top: 90%;\"><div class=\"ead-iframe-wrapper\"><iframe src=\"\/\/docs.google.com\/viewer?url=https%3A%2F%2Fengenhariacivil-faeng.ufms.br%2Ffiles%2F2023%2F05%2FRESOLUCAO-COGRAD-n-595-de-22-06-2022.pdf&amp;embedded=true&amp;hl=en\" title=\"Embedded Document\" class=\"ead-iframe\" style=\"width: 100%;height: 100%;border: none;position: absolute;left: 0;top: 0;visibility: hidden;\"><\/iframe><\/div>\t\t\t<div class=\"ead-document-loading\" style=\"width:100%;height:100%;position:absolute;left:0;top:0;z-index:10;\">\n\t\t\t\t<div class=\"ead-loading-wrap\">\n\t\t\t\t\t<div class=\"ead-loading-main\">\n\t\t\t\t\t\t<div class=\"ead-loading\">\n\t\t\t\t\t\t\t<img decoding=\"async\" src=\"https:\/\/engenhariacivil-faeng.ufms.br\/wp-content\/plugins\/embed-any-document\/images\/loading.svg\" width=\"55\" height=\"55\" alt=\"Loader\">\n\t\t\t\t\t\t\t<span>Loading...<\/span>\n\t\t\t\t\t\t<\/div>\n\t\t\t\t\t<\/div>\n\t\t\t\t\t<div class=\"ead-loading-foot\">\n\t\t\t\t\t\t<div class=\"ead-loading-foot-title\">\n\t\t\t\t\t\t\t<img decoding=\"async\" src=\"https:\/\/engenhariacivil-faeng.ufms.br\/wp-content\/plugins\/embed-any-document\/images\/EAD-logo.svg\" alt=\"EAD Logo\" width=\"36\" height=\"23\"\/>\n\t\t\t\t\t\t\t<span>Taking too long?<\/span>\n\t\t\t\t\t\t<\/div>\n\t\t\t\t\t\t<p>\n\t\t\t\t\t\t\t<div class=\"ead-document-btn ead-reload-btn\" role=\"button\">\n\t\t\t\t\t\t\t\t<img decoding=\"async\" src=\"https:\/\/engenhariacivil-faeng.ufms.br\/wp-content\/plugins\/embed-any-document\/images\/reload.svg\" alt=\"Reload\" width=\"12\" height=\"12\"\/> Reload document\t\t\t\t\t\t\t<\/div>\n\t\t\t\t\t\t\t<span>|<\/span>\n\t\t\t\t\t\t\t<a href=\"https:\/\/engenhariacivil-faeng.ufms.br\/files\/2023\/05\/RESOLUCAO-COGRAD-n-595-de-22-06-2022.pdf\" class=\"ead-document-btn\" target=\"_blank\">\n\t\t\t\t\t\t\t\t<img loading=\"lazy\" decoding=\"async\" src=\"https:\/\/engenhariacivil-faeng.ufms.br\/wp-content\/plugins\/embed-any-document\/images\/open.svg\" alt=\"Open\" width=\"12\" height=\"12\"\/> Open in new tab\t\t\t\t\t\t\t<\/a>\n\t\t\t\t\t<\/div>\n\t\t\t\t<\/div>\n\t\t\t<\/div>\n\t\t<\/div><\/div>\n<p>&nbsp;<\/p>\n<hr \/>\n<ul>\n<li>Documento informativo sobre os tipos de pl\u00e1gio acad\u00eamico:<\/li>\n<\/ul>\n<div class=\"ead-preview\"><div class=\"ead-document\" style=\"position: relative;padding-top: 90%;\"><div class=\"ead-iframe-wrapper\"><iframe src=\"\/\/docs.google.com\/viewer?url=https%3A%2F%2Fengenhariacivil-faeng.ufms.br%2Ffiles%2F2023%2F05%2Fplagio_academico.pdf&amp;embedded=true&amp;hl=en\" title=\"Embedded Document\" class=\"ead-iframe\" style=\"width: 100%;height: 100%;border: none;position: absolute;left: 0;top: 0;visibility: hidden;\"><\/iframe><\/div>\t\t\t<div class=\"ead-document-loading\" style=\"width:100%;height:100%;position:absolute;left:0;top:0;z-index:10;\">\n\t\t\t\t<div class=\"ead-loading-wrap\">\n\t\t\t\t\t<div class=\"ead-loading-main\">\n\t\t\t\t\t\t<div class=\"ead-loading\">\n\t\t\t\t\t\t\t<img decoding=\"async\" src=\"https:\/\/engenhariacivil-faeng.ufms.br\/wp-content\/plugins\/embed-any-document\/images\/loading.svg\" width=\"55\" height=\"55\" alt=\"Loader\">\n\t\t\t\t\t\t\t<span>Loading...<\/span>\n\t\t\t\t\t\t<\/div>\n\t\t\t\t\t<\/div>\n\t\t\t\t\t<div class=\"ead-loading-foot\">\n\t\t\t\t\t\t<div class=\"ead-loading-foot-title\">\n\t\t\t\t\t\t\t<img decoding=\"async\" src=\"https:\/\/engenhariacivil-faeng.ufms.br\/wp-content\/plugins\/embed-any-document\/images\/EAD-logo.svg\" alt=\"EAD Logo\" width=\"36\" height=\"23\"\/>\n\t\t\t\t\t\t\t<span>Taking too long?<\/span>\n\t\t\t\t\t\t<\/div>\n\t\t\t\t\t\t<p>\n\t\t\t\t\t\t\t<div class=\"ead-document-btn ead-reload-btn\" role=\"button\">\n\t\t\t\t\t\t\t\t<img decoding=\"async\" src=\"https:\/\/engenhariacivil-faeng.ufms.br\/wp-content\/plugins\/embed-any-document\/images\/reload.svg\" alt=\"Reload\" width=\"12\" height=\"12\"\/> Reload document\t\t\t\t\t\t\t<\/div>\n\t\t\t\t\t\t\t<span>|<\/span>\n\t\t\t\t\t\t\t<a href=\"https:\/\/engenhariacivil-faeng.ufms.br\/files\/2023\/05\/plagio_academico.pdf\" class=\"ead-document-btn\" target=\"_blank\">\n\t\t\t\t\t\t\t\t<img loading=\"lazy\" decoding=\"async\" src=\"https:\/\/engenhariacivil-faeng.ufms.br\/wp-content\/plugins\/embed-any-document\/images\/open.svg\" alt=\"Open\" width=\"12\" height=\"12\"\/> Open in new tab\t\t\t\t\t\t\t<\/a>\n\t\t\t\t\t<\/div>\n\t\t\t\t<\/div>\n\t\t\t<\/div>\n\t\t<\/div><\/div>\n<hr \/>\n<h2>Modelos de documentos<\/h2>\n<ul>\n<li>Modelo para o desenvolvimento do TCC &#8211; Documento em formato de artigo [DOCX\/WORD] (<span style=\"color: #ff0000\">novo<\/span>).<\/li>\n<\/ul>\n<div class=\"ead-preview\"><div class=\"ead-document\" style=\"position: relative;padding-top: 90%;\"><iframe src=\"\/\/view.officeapps.live.com\/op\/embed.aspx?src=https%3A%2F%2Fengenhariacivil-faeng.ufms.br%2Ffiles%2F2023%2F05%2FModelo-TCC-R2_2023-1.docx\" title=\"Embedded Document\" class=\"ead-iframe\" style=\"width: 100%;height: 100%;border: none;position: absolute;left: 0;top: 0;\"><\/iframe><\/div><\/div>\n","protected":false},"excerpt":{"rendered":"<p>Aqui se encontram as informa\u00e7\u00f5es necess\u00e1rias para o estudante sobre o Trabalho de Conclus\u00e3o de Curso, em conformidade com as normas da UFMS e do nosso curso de Engenharia Civil. Art. 1\u00b0 Atendidas as Diretrizes Curriculares Nacionais do Curso, os objetivos do Trabalho de Conclus\u00e3o de Curso s\u00e3o: I \u2013 promover o aprofundamento tem\u00e1tico e [&hellip;]<\/p>\n","protected":false},"author":18957,"featured_media":0,"parent":2630,"menu_order":0,"comment_status":"closed","ping_status":"closed","template":"page-templates\/page-coordenadorias.php","meta":{"footnotes":""},"coauthors":[184],"class_list":["post-1730","page","type-page","status-publish","hentry"],"_links":{"self":[{"href":"https:\/\/engenhariacivil-faeng.ufms.br\/en\/wp-json\/wp\/v2\/pages\/1730","targetHints":{"allow":["GET"]}}],"collection":[{"href":"https:\/\/engenhariacivil-faeng.ufms.br\/en\/wp-json\/wp\/v2\/pages"}],"about":[{"href":"https:\/\/engenhariacivil-faeng.ufms.br\/en\/wp-json\/wp\/v2\/types\/page"}],"author":[{"embeddable":true,"href":"https:\/\/engenhariacivil-faeng.ufms.br\/en\/wp-json\/wp\/v2\/users\/18957"}],"replies":[{"embeddable":true,"href":"https:\/\/engenhariacivil-faeng.ufms.br\/en\/wp-json\/wp\/v2\/comments?post=1730"}],"version-history":[{"count":26,"href":"https:\/\/engenhariacivil-faeng.ufms.br\/en\/wp-json\/wp\/v2\/pages\/1730\/revisions"}],"predecessor-version":[{"id":5057,"href":"https:\/\/engenhariacivil-faeng.ufms.br\/en\/wp-json\/wp\/v2\/pages\/1730\/revisions\/5057"}],"up":[{"embeddable":true,"href":"https:\/\/engenhariacivil-faeng.ufms.br\/en\/wp-json\/wp\/v2\/pages\/2630"}],"wp:attachment":[{"href":"https:\/\/engenhariacivil-faeng.ufms.br\/en\/wp-json\/wp\/v2\/media?parent=1730"}],"wp:term":[{"taxonomy":"author","embeddable":true,"href":"https:\/\/engenhariacivil-faeng.ufms.br\/en\/wp-json\/wp\/v2\/coauthors?post=1730"}],"curies":[{"name":"wp","href":"https:\/\/api.w.org\/{rel}","templated":true}]}}