{"id":229,"date":"2013-12-10T16:34:02","date_gmt":"2013-12-10T19:34:02","guid":{"rendered":"http:\/\/engenhariacivil.draconis.ufms.br\/?page_id=229"},"modified":"2026-04-15T10:09:46","modified_gmt":"2026-04-15T14:09:46","slug":"coord-curso","status":"publish","type":"page","link":"https:\/\/engenhariacivil-faeng.ufms.br\/en\/curso\/coord-curso\/","title":{"rendered":"Coordena\u00e7\u00e3o de Curso"},"content":{"rendered":"<h2>Coordena\u00e7\u00e3o de curso:<\/h2>\n<p>(Conforme PORTARIA N\u00ba 1.628-RTR\/UFMS, DE 15 DE DEZEMBRO DE 2023)<\/p>\n<p>Prof. Sidiclei Formagini, D.Sc. Engenharia Civil<\/p>\n<p><span style=\"text-decoration: underline\">Contato<\/span>: eciv.faeng@ufms.br<\/p>\n<hr \/>\n<h2>Colegiado de Curso:<\/h2>\n<h4><strong>Membros do Colegiado de Curso:<\/strong><\/h4>\n<ul>\n<li>Prof. Sidiclei Formagini, D.Sc. Eng. Civil <em>(Presidente)<\/em><\/li>\n<li>Prof. Julio Alberto Peres Ferencz Junior, Dr. F\u00edsica<\/li>\n<li>Prof\u00aa. Sandra Garcia Gabas, Dra. Eng\u00aa. Civil<\/li>\n<li>Prof\u00aa. Valeria Ramos Baltazar Quevedo, Dra. Eng\u00aa. Civil<\/li>\n<\/ul>\n<hr \/>\n<h2>N\u00facleo Docente Estruturante (NDE)<\/h2>\n<p>(Conforme <a href=\"https:\/\/boletimoficial.ufms.br\/bse\/publicacao?id=529368\">PORTARIA N\u00ba 69-GAB\/FAENG\/UFMS, DE 26 DE JULHO DE 2024<\/a>)<\/p>\n<h4>Membros do NDE:<\/h4>\n<ul>\n<li>Prof. Sidiclei Formagini, D.Sc. Eng. Civil (presidente)<\/li>\n<li>Prof. Andr\u00e9s Batista Cheung, Dr. Eng. Civil<\/li>\n<li>Prof. F\u00e1bio Ver\u00edssimo Gon\u00e7alves, Dr.<\/li>\n<li>Prof\u00aa Janusa Soares de Ara\u00fajo, Ma. Eng. Civil<\/li>\n<li>Prof. Sandro Petry Laureano Leme, Dr.<\/li>\n<\/ul>","protected":false},"excerpt":{"rendered":"<p>Coordena\u00e7\u00e3o de curso: (Conforme PORTARIA N\u00ba 1.628-RTR\/UFMS, DE 15 DE DEZEMBRO DE 2023) Prof. Sidiclei Formagini, D.Sc. Engenharia Civil Contato: eciv.faeng@ufms.br Colegiado de Curso: Membros do Colegiado de Curso: Prof. Sidiclei Formagini, D.Sc. Eng. Civil (Presidente) Prof. Julio Alberto Peres Ferencz Junior, Dr. F\u00edsica Prof\u00aa. Sandra Garcia Gabas, Dra. Eng\u00aa. Civil Prof\u00aa. Valeria Ramos Baltazar [&hellip;]<\/p>\n","protected":false},"author":141,"featured_media":4710,"parent":57,"menu_order":2,"comment_status":"closed","ping_status":"closed","template":"page-templates\/page-coordenadorias.php","meta":{"footnotes":""},"coauthors":[185],"class_list":["post-229","page","type-page","status-publish","has-post-thumbnail","hentry"],"_links":{"self":[{"href":"https:\/\/engenhariacivil-faeng.ufms.br\/en\/wp-json\/wp\/v2\/pages\/229","targetHints":{"allow":["GET"]}}],"collection":[{"href":"https:\/\/engenhariacivil-faeng.ufms.br\/en\/wp-json\/wp\/v2\/pages"}],"about":[{"href":"https:\/\/engenhariacivil-faeng.ufms.br\/en\/wp-json\/wp\/v2\/types\/page"}],"author":[{"embeddable":true,"href":"https:\/\/engenhariacivil-faeng.ufms.br\/en\/wp-json\/wp\/v2\/users\/141"}],"replies":[{"embeddable":true,"href":"https:\/\/engenhariacivil-faeng.ufms.br\/en\/wp-json\/wp\/v2\/comments?post=229"}],"version-history":[{"count":50,"href":"https:\/\/engenhariacivil-faeng.ufms.br\/en\/wp-json\/wp\/v2\/pages\/229\/revisions"}],"predecessor-version":[{"id":5093,"href":"https:\/\/engenhariacivil-faeng.ufms.br\/en\/wp-json\/wp\/v2\/pages\/229\/revisions\/5093"}],"up":[{"embeddable":true,"href":"https:\/\/engenhariacivil-faeng.ufms.br\/en\/wp-json\/wp\/v2\/pages\/57"}],"wp:featuredmedia":[{"embeddable":true,"href":"https:\/\/engenhariacivil-faeng.ufms.br\/en\/wp-json\/wp\/v2\/media\/4710"}],"wp:attachment":[{"href":"https:\/\/engenhariacivil-faeng.ufms.br\/en\/wp-json\/wp\/v2\/media?parent=229"}],"wp:term":[{"taxonomy":"author","embeddable":true,"href":"https:\/\/engenhariacivil-faeng.ufms.br\/en\/wp-json\/wp\/v2\/coauthors?post=229"}],"curies":[{"name":"wp","href":"https:\/\/api.w.org\/{rel}","templated":true}]}}