{"id":233,"date":"2013-12-10T16:36:10","date_gmt":"2013-12-10T19:36:10","guid":{"rendered":"http:\/\/engenhariacivil.draconis.ufms.br\/?page_id=233"},"modified":"2023-01-26T17:22:30","modified_gmt":"2023-01-26T21:22:30","slug":"detalhes-curso","status":"publish","type":"page","link":"https:\/\/engenhariacivil-faeng.ufms.br\/en\/curso\/detalhes-curso\/","title":{"rendered":"Detalhes do Curso"},"content":{"rendered":"<h2 style=\"text-align: left\">Descri\u00e7\u00e3o do Curso<\/h2>\n<p><strong>Denomina\u00e7\u00e3o do curso:<\/strong>\u00a0Engenharia Civil.<br \/>\n<strong>C\u00f3digo E-MEC:<\/strong> 1128355\/15837.<br \/>\n<strong>Modalidade de ensino:<\/strong>\u00a0Presencial.<br \/>\n<strong>Grau Acad\u00eamico Conferido:<\/strong> Bacharelado.<br \/>\n<strong>Regime de Matr\u00edcula:<\/strong>\u00a0Semestral.<\/p>\n<p><strong>Regulamenta\u00e7\u00e3o profissional:<\/strong>\u00a0Lei 5.194 de 24 de dezembro de 1966.<br \/>\n<strong>Unidade Setorial Acad\u00eamica:<\/strong>\u00a0Faculdade de Engenharias, Arquitetura e Urbanismo e Geografia (FAENG).<\/p>\n<p><strong>Tempo de Dura\u00e7\u00e3o (em semestres):<\/strong><br \/>\na) Proposto para Integraliza\u00e7\u00e3o Curricular: 10 Semestres<br \/>\nb) M\u00ednimo CNE: 10 Semestres<br \/>\nc) M\u00e1ximo UFMS: 15 Semestres<\/p>\n<p><strong>Carga Hor\u00e1ria M\u00ednima (em horas):<\/strong><br \/>\na) M\u00ednima CNE: 3600 Horas<br \/>\nb) M\u00ednima UFMS: 3957 Horas<\/p>\n<p><strong>N\u00famero de Vagas Ofertadas por Ingresso<\/strong>: 50 vagas para o curso 2111 e 50 vagas para o curso 2102.<\/p>\n<p><strong>Turno de Funcionamento<\/strong>: Vespertino, Noturno, S\u00e1bado pela manh\u00e3 e S\u00e1bado \u00e0 tarde para o curso 2111; Matutino, Vespertino, S\u00e1bado pela manh\u00e3 e S\u00e1bado \u00e0 tarde para o curso 2102.<\/p>\n<p><strong>Forma de ingresso<\/strong>: As Formas de Ingresso nos Cursos de Gradua\u00e7\u00e3o da UFMS s\u00e3o regidas pela Resolu\u00e7\u00e3o n\u00b0 430, Cograd, de 16 de dezembro de 2021; Cap\u00edtulo VI, Art. 18: O ingresso nos cursos de gradua\u00e7\u00e3o da UFMS ocorre por meio de: I &#8211; Sistema de Sele\u00e7\u00e3o Unificada (Sisu); II &#8211; Vestibular; III &#8211; Programa de Avalia\u00e7\u00e3o Seriada Seletiva (Passe); IV &#8211; sele\u00e7\u00e3o para Vagas Remanescentes; V &#8211; portadores de visto de refugiado, visto humanit\u00e1rio ou visto de reuni\u00e3o familiar; VI &#8211; reingresso; VII &#8211; portadores de diploma de Curso de Gradua\u00e7\u00e3o; VIII &#8211; transfer\u00eancia externa; IX &#8211; movimenta\u00e7\u00e3o interna de estudantes regulares da UFMS; X &#8211; permuta interna entre estudantes regulares da UFMS; e XI &#8211; conv\u00eanios ou outros instrumentos jur\u00eddicos de mesma natureza, firmados com outros pa\u00edses e\/ou \u00f3rg\u00e3os do Governo Federal; XII &#8211; matr\u00edcula cortesia; XIII &#8211; transfer\u00eancia compuls\u00f3ria; XIV &#8211; mobilidade acad\u00eamica; e XV &#8211; complementa\u00e7\u00e3o de estudos no processo de<br \/>\nrevalida\u00e7\u00e3o de diploma. Ainda, poder\u00e3o ser estabelecidos outros crit\u00e9rios e procedimentos para ingresso nos Cursos de Gradua\u00e7\u00e3o por meio de Programas Especiais ou outros atos normativos.<\/p>\n","protected":false},"excerpt":{"rendered":"<p>Descri\u00e7\u00e3o do Curso Denomina\u00e7\u00e3o do curso:\u00a0Engenharia Civil. C\u00f3digo E-MEC: 1128355\/15837. Modalidade de ensino:\u00a0Presencial. Grau Acad\u00eamico Conferido: Bacharelado. Regime de Matr\u00edcula:\u00a0Semestral. Regulamenta\u00e7\u00e3o profissional:\u00a0Lei 5.194 de 24 de dezembro de 1966. Unidade Setorial Acad\u00eamica:\u00a0Faculdade de Engenharias, Arquitetura e Urbanismo e Geografia (FAENG). Tempo de Dura\u00e7\u00e3o (em semestres): a) Proposto para Integraliza\u00e7\u00e3o Curricular: 10 Semestres b) M\u00ednimo CNE: [&hellip;]<\/p>\n","protected":false},"author":141,"featured_media":0,"parent":57,"menu_order":1,"comment_status":"closed","ping_status":"closed","template":"page-templates\/page-coordenadorias.php","meta":{"footnotes":""},"coauthors":[],"class_list":["post-233","page","type-page","status-publish","hentry"],"_links":{"self":[{"href":"https:\/\/engenhariacivil-faeng.ufms.br\/en\/wp-json\/wp\/v2\/pages\/233","targetHints":{"allow":["GET"]}}],"collection":[{"href":"https:\/\/engenhariacivil-faeng.ufms.br\/en\/wp-json\/wp\/v2\/pages"}],"about":[{"href":"https:\/\/engenhariacivil-faeng.ufms.br\/en\/wp-json\/wp\/v2\/types\/page"}],"author":[{"embeddable":true,"href":"https:\/\/engenhariacivil-faeng.ufms.br\/en\/wp-json\/wp\/v2\/users\/141"}],"replies":[{"embeddable":true,"href":"https:\/\/engenhariacivil-faeng.ufms.br\/en\/wp-json\/wp\/v2\/comments?post=233"}],"version-history":[{"count":33,"href":"https:\/\/engenhariacivil-faeng.ufms.br\/en\/wp-json\/wp\/v2\/pages\/233\/revisions"}],"predecessor-version":[{"id":2618,"href":"https:\/\/engenhariacivil-faeng.ufms.br\/en\/wp-json\/wp\/v2\/pages\/233\/revisions\/2618"}],"up":[{"embeddable":true,"href":"https:\/\/engenhariacivil-faeng.ufms.br\/en\/wp-json\/wp\/v2\/pages\/57"}],"wp:attachment":[{"href":"https:\/\/engenhariacivil-faeng.ufms.br\/en\/wp-json\/wp\/v2\/media?parent=233"}],"wp:term":[{"taxonomy":"author","embeddable":true,"href":"https:\/\/engenhariacivil-faeng.ufms.br\/en\/wp-json\/wp\/v2\/coauthors?post=233"}],"curies":[{"name":"wp","href":"https:\/\/api.w.org\/{rel}","templated":true}]}}