{"id":242,"date":"2013-12-10T16:41:54","date_gmt":"2013-12-10T19:41:54","guid":{"rendered":"http:\/\/engenhariacivil.draconis.ufms.br\/?page_id=242"},"modified":"2026-04-15T10:24:15","modified_gmt":"2026-04-15T14:24:15","slug":"docs-e-regulam","status":"publish","type":"page","link":"https:\/\/engenhariacivil-faeng.ufms.br\/en\/informacoes-ao-estudante\/docs-e-regulam\/","title":{"rendered":"Documentos e Regulamentos"},"content":{"rendered":"Esta p\u00e1gina cont\u00e9m os documentos e regulamentos relacionados ao curso de Engenharia Civil da FAENG\/UFMS.<\/p>\n<h3>Regulamento geral PROGRAD:<\/h3>\n<ul>\n<li><a href=\"https:\/\/engenhariacivil.ufms.br\/files\/2019\/06\/RESOLUCAO-COGRAD-n-550-de-20-11-2018.pdf\" target=\"_blank\" rel=\"noopener noreferrer\">RESOLU\u00c7\u00c3O N\u00ba 550, DE 20 DE NOVEMBRO DE 2018<\/a>. (*)<\/li>\n<li>Aprova o Regulamento Geral dos Cursos de Gradua\u00e7\u00e3o da Funda\u00e7\u00e3o Universidade Federal de Mato Grosso do Sul<\/li>\n<\/ul>\n<h3>Projeto Pedag\u00f3gico do Curso de Engenharia Civil:<\/h3>\n<ul>\n<li><a href=\"https:\/\/engenhariacivil.ufms.br\/curso\/projeto-pedagogico\/\" target=\"_blank\" rel=\"noopener noreferrer\">RESOLU\u00c7\u00c3O N\u00ba 274, DE 04 DE DEZEMBRO DE 2020<\/a> .<\/li>\n<li>Projeto Pedag\u00f3gico do Curso de Engenharia Civil \u2013 Bacharelado da Faculdade de Engenharias, Arquitetura e Urbanismo e Geografia.<\/li>\n<\/ul>","protected":false},"excerpt":{"rendered":"<p>Esta p\u00e1gina cont\u00e9m os documentos e regulamentos relacionados ao curso de Engenharia Civil da FAENG\/UFMS. Regulamento geral PROGRAD: RESOLU\u00c7\u00c3O N\u00ba 550, DE 20 DE NOVEMBRO DE 2018. (*) Aprova o Regulamento Geral dos Cursos de Gradua\u00e7\u00e3o da Funda\u00e7\u00e3o Universidade Federal de Mato Grosso do Sul Projeto Pedag\u00f3gico do Curso de Engenharia Civil: RESOLU\u00c7\u00c3O N\u00ba 274, [&hellip;]<\/p>\n","protected":false},"author":141,"featured_media":0,"parent":2630,"menu_order":3,"comment_status":"closed","ping_status":"closed","template":"page-templates\/page-coordenadorias.php","meta":{"footnotes":""},"coauthors":[185],"class_list":["post-242","page","type-page","status-publish","hentry"],"_links":{"self":[{"href":"https:\/\/engenhariacivil-faeng.ufms.br\/en\/wp-json\/wp\/v2\/pages\/242","targetHints":{"allow":["GET"]}}],"collection":[{"href":"https:\/\/engenhariacivil-faeng.ufms.br\/en\/wp-json\/wp\/v2\/pages"}],"about":[{"href":"https:\/\/engenhariacivil-faeng.ufms.br\/en\/wp-json\/wp\/v2\/types\/page"}],"author":[{"embeddable":true,"href":"https:\/\/engenhariacivil-faeng.ufms.br\/en\/wp-json\/wp\/v2\/users\/141"}],"replies":[{"embeddable":true,"href":"https:\/\/engenhariacivil-faeng.ufms.br\/en\/wp-json\/wp\/v2\/comments?post=242"}],"version-history":[{"count":38,"href":"https:\/\/engenhariacivil-faeng.ufms.br\/en\/wp-json\/wp\/v2\/pages\/242\/revisions"}],"predecessor-version":[{"id":5096,"href":"https:\/\/engenhariacivil-faeng.ufms.br\/en\/wp-json\/wp\/v2\/pages\/242\/revisions\/5096"}],"up":[{"embeddable":true,"href":"https:\/\/engenhariacivil-faeng.ufms.br\/en\/wp-json\/wp\/v2\/pages\/2630"}],"wp:attachment":[{"href":"https:\/\/engenhariacivil-faeng.ufms.br\/en\/wp-json\/wp\/v2\/media?parent=242"}],"wp:term":[{"taxonomy":"author","embeddable":true,"href":"https:\/\/engenhariacivil-faeng.ufms.br\/en\/wp-json\/wp\/v2\/coauthors?post=242"}],"curies":[{"name":"wp","href":"https:\/\/api.w.org\/{rel}","templated":true}]}}