{"id":2839,"date":"2021-03-02T15:04:33","date_gmt":"2021-03-02T19:04:33","guid":{"rendered":"https:\/\/engenhariacivil.ufms.br\/?page_id=2839"},"modified":"2026-04-15T10:34:29","modified_gmt":"2026-04-15T14:34:29","slug":"atividades-de-extensao","status":"publish","type":"page","link":"https:\/\/engenhariacivil-faeng.ufms.br\/en\/informacoes-ao-estudante\/atividades-de-extensao\/","title":{"rendered":"Atividades de Extens\u00e3o"},"content":{"rendered":"Aqui se encontram as informa\u00e7\u00f5es necess\u00e1rias para o estudante sobre as Atividades Complementares, em conformidade com as normas da UFMS e do nosso curso de Engenharia Civil.<\/p>\n<blockquote><p>&#8220;Art. 1\u00b0 As Atividades de Extens\u00e3o s\u00e3o atividades enriquecedoras e implementadoras do perfil do formando e dever\u00e3o possibilitar o desenvolvimento de habilidades, conhecimentos, compet\u00eancias e atitudes do acad\u00eamico, inclusive as realizadas fora do ambiente acad\u00eamico, que ser\u00e3o reconhecidas mediante processo avaliativo de acordo com este regulamento.<\/p>\n<p>\u00a71 \u00b0 As Atividades de Extens\u00e3o constituem componente curricular n\u00e3o disciplinar (CCND), integrante da Matriz Curricular como componente curricular obrigat\u00f3rio, cuja carga hor\u00e1ria encontra-se inclu\u00edda \u00e0 carga hor\u00e1ria total necess\u00e1ria para a integraliza\u00e7\u00e3o do curso de gradua\u00e7\u00e3o em Engenharia Civil.<\/p>\n<p>\u00a72 \u00b0 O estabelecido neste regulamento atende \u00e0s Diretrizes para a Extens\u00e3o na Educa\u00e7\u00e3o Superior Brasileira contidas na Resolu\u00e7\u00e3o n\u00ba 7, CNE\/CES de 2018, que define os princ\u00edpios, os fundamentos e os procedimentos que devem ser observados no planejamento, nas pol\u00edticas, na gest\u00e3o e na avalia\u00e7\u00e3o das institui\u00e7\u00f5es de educa\u00e7\u00e3o superior de todos os sistemas de ensino do<br \/>\nBrasil, e RESOLU\u00c7\u00c3O N\u00ba 304- COGRAD\/UFMS, DE 17 DE JUNHO DE 2021 que estabelece as normas para a curriculariza\u00e7\u00e3o da extens\u00e3o nos Cursos de Gradua\u00e7\u00e3o da Funda\u00e7\u00e3o Universidade Federal de Mato Grosso do Sul.&#8221;<\/p><\/blockquote>\n<hr \/>\n<h2>Comiss\u00e3o de Atividades de Extens\u00e3o:<\/h2>\n<ul>\n<li><a href=\"https:\/\/engenhariacivil.ufms.br\/files\/2022\/05\/RESOLUCAO-CGB-ECI-FAENG-N180-de-02-05-2022-Comissao-de-AE.pdf\" target=\"_blank\" rel=\"noopener\">RESOLU\u00c7\u00c3O CGB\/ECI\/FAENG N\u00ba 180, DE 2 DE MAIO DE 2022<\/a> &#8211; Comiss\u00e3o de Atividades de Extens\u00e3o do Curso de Gradua\u00e7\u00e3o em Engenharia Civil.<\/li>\n<\/ul>\n<p>Membros da Comiss\u00e3o (<span style=\"color: #ff0000\" data-uw-styling-context=\"true\">atual<\/span>):<\/p>\n<ul>\n<li><a href=\"https:\/\/engenhariacivil.ufms.br\/corpo-docente\/jose-otavio-se\/\" target=\"_blank\" rel=\"noopener\">Jos\u00e9 Ot\u00e1vio Serr\u00e3o Eleut\u00e9rio<\/a> (Presidente).<\/li>\n<li><a href=\"https:\/\/engenhariacivil.ufms.br\/corpo-docente\/andres-bc\/\" target=\"_blank\" rel=\"noopener\">Andr\u00e9s Batista Cheung<\/a>.<\/li>\n<li><a href=\"https:\/\/engenhariacivil.ufms.br\/corpo-docente\/giovanni-pais-pellizzer\/\" target=\"_blank\" rel=\"noopener\">Giovanni Pais Pellizzer<\/a>.<\/li>\n<\/ul>\n<hr \/>\n<h2>Procedimentos:<\/h2>\n<p>Aqui se encontra um arquivo com a explica\u00e7\u00e3o dos procedimentos a serem adotados pelos alunos quando da contabiliza\u00e7\u00e3o das Atividades de Extens\u00e3o.<\/p>\n<ul>\n<li><a href=\"https:\/\/engenhariacivil.ufms.br\/files\/2022\/05\/Procedimentos-EXT-2022-v1.pdf\" target=\"_blank\" rel=\"noopener\">Procedimentos para contabiliza\u00e7\u00e3o das Atividades de Extens\u00e3o<\/a>. (<span style=\"color: #ff0000\">Atual<\/span>)<\/li>\n<\/ul>\n<p><span style=\"text-decoration: underline\">Importante<\/span>: caso o aluno for terminar o curso e colar grau at\u00e9 o fim do ano de 2022, <span style=\"color: #ff0000\">ele pode pedir dispensa de cursar a extens\u00e3o<\/span>, em conformidade com a <a href=\"https:\/\/boletimoficial.ufms.br\/bse\/publicacao?id=439274\" target=\"_blank\" rel=\"noopener\">INSTRU\u00c7\u00c3O NORMATIVA CONJUNTA N\u00ba 1 &#8211; PROGRAD\/PROECE\/UFMS, DE 3 DE NOVEMBRO DE<\/a><br \/>\n2021.<\/p>\n<ul>\n<li><a href=\"https:\/\/www.loom.com\/share\/1e25ebd8740048d3830ce0922b645bcc\" target=\"_blank\" rel=\"noopener\">Explica\u00e7\u00f5es sobre a dispensa das Atividades de Extens\u00e3o<\/a> &#8211; Grava\u00e7\u00e3o realizada em 21\/03\/2022 e enviada aos alunos.<\/li>\n<\/ul>\n<p>Nesses casos, o aluno deve solicitar um <em>plano de estudos<\/em> \u00e0 coordena\u00e7\u00e3o de curso, via <a href=\"https:\/\/prograd.ufms.br\/requerimento-academico\/\" target=\"_blank\" rel=\"noopener\">Requerimento Acad\u00eamico<\/a>, e mencionar que pretende ser dispensado de cursar a extens\u00e3o. Contudo, deve-se verificar se haver\u00e1 falta de carga hor\u00e1ria para integralizar a estrutura curricular vigente, porque a carga hor\u00e1ria dispensada n\u00e3o entrar\u00e1 para o hist\u00f3rico do aluno. Se for o caso, o aluno dever\u00e1 cumprir mais horas em alguma componente curricular optativa.<\/p>\n<hr \/>\n<h2>Normas e documentos:<\/h2>\n<ul>\n<li><a href=\"https:\/\/engenhariacivil.ufms.br\/files\/2022\/01\/RESOLUCAO-CGB-ECI-FAENG-N-146-Regulamento-de-Atividades-de-Extensao.pdf\" target=\"_blank\" rel=\"noopener\">RESOLU\u00c7\u00c3O CGB\/ECI\/FAENG N\u00ba 146, DE 10 DE DEZEMBRO DE 2021<\/a> &#8211; Regulamento das Atividades de Extens\u00e3o do Curso de Gradua\u00e7\u00e3o em Engenharia Civil.<\/li>\n<li><a href=\"https:\/\/drive.google.com\/file\/d\/1_XsUFO5-rZUTaaFDfvfRZ3p20Kwwoicl\/view?usp=sharing\" target=\"_blank\" rel=\"noopener\">V\u00eddeo com orienta\u00e7\u00f5es sobre as Atividades de Extens\u00e3o<\/a> &#8211; Live de apresenta\u00e7\u00e3o dos projetos de extens\u00e3o dos professores da Engenharia Civil e tira-d\u00favidas.<\/li>\n<\/ul>","protected":false},"excerpt":{"rendered":"<p>Aqui se encontram as informa\u00e7\u00f5es necess\u00e1rias para o estudante sobre as Atividades Complementares, em conformidade com as normas da UFMS e do nosso curso de Engenharia Civil. &#8220;Art. 1\u00b0 As Atividades de Extens\u00e3o s\u00e3o atividades enriquecedoras e implementadoras do perfil do formando e dever\u00e3o possibilitar o desenvolvimento de habilidades, conhecimentos, compet\u00eancias e atitudes do acad\u00eamico, [&hellip;]<\/p>\n","protected":false},"author":18957,"featured_media":0,"parent":2630,"menu_order":0,"comment_status":"closed","ping_status":"closed","template":"page-templates\/page-coordenadorias.php","meta":{"footnotes":""},"coauthors":[184],"class_list":["post-2839","page","type-page","status-publish","hentry"],"_links":{"self":[{"href":"https:\/\/engenhariacivil-faeng.ufms.br\/en\/wp-json\/wp\/v2\/pages\/2839","targetHints":{"allow":["GET"]}}],"collection":[{"href":"https:\/\/engenhariacivil-faeng.ufms.br\/en\/wp-json\/wp\/v2\/pages"}],"about":[{"href":"https:\/\/engenhariacivil-faeng.ufms.br\/en\/wp-json\/wp\/v2\/types\/page"}],"author":[{"embeddable":true,"href":"https:\/\/engenhariacivil-faeng.ufms.br\/en\/wp-json\/wp\/v2\/users\/18957"}],"replies":[{"embeddable":true,"href":"https:\/\/engenhariacivil-faeng.ufms.br\/en\/wp-json\/wp\/v2\/comments?post=2839"}],"version-history":[{"count":11,"href":"https:\/\/engenhariacivil-faeng.ufms.br\/en\/wp-json\/wp\/v2\/pages\/2839\/revisions"}],"predecessor-version":[{"id":5098,"href":"https:\/\/engenhariacivil-faeng.ufms.br\/en\/wp-json\/wp\/v2\/pages\/2839\/revisions\/5098"}],"up":[{"embeddable":true,"href":"https:\/\/engenhariacivil-faeng.ufms.br\/en\/wp-json\/wp\/v2\/pages\/2630"}],"wp:attachment":[{"href":"https:\/\/engenhariacivil-faeng.ufms.br\/en\/wp-json\/wp\/v2\/media?parent=2839"}],"wp:term":[{"taxonomy":"author","embeddable":true,"href":"https:\/\/engenhariacivil-faeng.ufms.br\/en\/wp-json\/wp\/v2\/coauthors?post=2839"}],"curies":[{"name":"wp","href":"https:\/\/api.w.org\/{rel}","templated":true}]}}