{"id":3330,"date":"2022-01-06T21:05:59","date_gmt":"2022-01-07T01:05:59","guid":{"rendered":"https:\/\/engenhariacivil.ufms.br\/?page_id=3330"},"modified":"2022-09-12T20:20:52","modified_gmt":"2022-09-13T00:20:52","slug":"50-anos-engenharia-civil-ufms","status":"publish","type":"page","link":"https:\/\/engenhariacivil-faeng.ufms.br\/en\/50-anos-engenharia-civil-ufms\/","title":{"rendered":"50 ANOS + ENGENHARIA CIVIL UFMS"},"content":{"rendered":"\t\t<div data-elementor-type=\"wp-page\" data-elementor-id=\"3330\" class=\"elementor elementor-3330\">\n\t\t\t\t\t\t<section class=\"elementor-section elementor-top-section elementor-element elementor-element-8827458 elementor-section-boxed elementor-section-height-default elementor-section-height-default\" data-id=\"8827458\" data-element_type=\"section\">\n\t\t\t\t\t\t<div class=\"elementor-container elementor-column-gap-default\">\n\t\t\t\t\t<div class=\"elementor-column elementor-col-50 elementor-top-column elementor-element elementor-element-70c2117\" data-id=\"70c2117\" data-element_type=\"column\">\n\t\t\t<div class=\"elementor-widget-wrap elementor-element-populated\">\n\t\t\t\t\t\t<div class=\"elementor-element elementor-element-0423d4d elementor-widget elementor-widget-image\" data-id=\"0423d4d\" data-element_type=\"widget\" data-widget_type=\"image.default\">\n\t\t\t\t<div class=\"elementor-widget-container\">\n\t\t\t\t\t\t\t\t\t\t\t\t\t\t\t<img fetchpriority=\"high\" decoding=\"async\" width=\"1024\" height=\"989\" src=\"https:\/\/engenhariacivil-faeng.ufms.br\/files\/2022\/03\/IMG_6467-1024x989.jpg\" class=\"attachment-large size-large wp-image-3795\" alt=\"\" srcset=\"https:\/\/engenhariacivil-faeng.ufms.br\/files\/2022\/03\/IMG_6467-1024x989.jpg 1024w, https:\/\/engenhariacivil-faeng.ufms.br\/files\/2022\/03\/IMG_6467-300x290.jpg 300w, https:\/\/engenhariacivil-faeng.ufms.br\/files\/2022\/03\/IMG_6467-768x742.jpg 768w, https:\/\/engenhariacivil-faeng.ufms.br\/files\/2022\/03\/IMG_6467-331x320.jpg 331w, https:\/\/engenhariacivil-faeng.ufms.br\/files\/2022\/03\/IMG_6467.jpg 1142w\" sizes=\"(max-width: 1024px) 100vw, 1024px\" \/>\t\t\t\t\t\t\t\t\t\t\t\t\t\t\t<\/div>\n\t\t\t\t<\/div>\n\t\t\t\t<section class=\"elementor-section elementor-inner-section elementor-element elementor-element-7120f1f elementor-section-boxed elementor-section-height-default elementor-section-height-default\" data-id=\"7120f1f\" data-element_type=\"section\">\n\t\t\t\t\t\t<div class=\"elementor-container elementor-column-gap-default\">\n\t\t\t\t\t<div class=\"elementor-column elementor-col-100 elementor-inner-column elementor-element elementor-element-497d06a\" data-id=\"497d06a\" data-element_type=\"column\">\n\t\t\t<div class=\"elementor-widget-wrap elementor-element-populated\">\n\t\t\t\t\t\t<div class=\"elementor-element elementor-element-f91e65a elementor-widget elementor-widget-text-editor\" data-id=\"f91e65a\" data-element_type=\"widget\" data-widget_type=\"text-editor.default\">\n\t\t\t\t<div class=\"elementor-widget-container\">\n\t\t\t\t\t\t\t\t\t<p>Autoria: Carolina Sanson\u00a0<\/p>\t\t\t\t\t\t\t\t<\/div>\n\t\t\t\t<\/div>\n\t\t\t\t\t<\/div>\n\t\t<\/div>\n\t\t\t\t\t<\/div>\n\t\t<\/section>\n\t\t\t\t<section class=\"elementor-section elementor-inner-section elementor-element elementor-element-5bf90cf elementor-section-content-middle elementor-section-boxed elementor-section-height-default elementor-section-height-default\" data-id=\"5bf90cf\" data-element_type=\"section\" data-settings=\"{&quot;animation&quot;:&quot;none&quot;,&quot;background_background&quot;:&quot;classic&quot;}\">\n\t\t\t\t\t\t<div class=\"elementor-container elementor-column-gap-wide\">\n\t\t\t\t\t<div class=\"elementor-column elementor-col-100 elementor-inner-column elementor-element elementor-element-4f153ce\" data-id=\"4f153ce\" data-element_type=\"column\">\n\t\t\t<div class=\"elementor-widget-wrap elementor-element-populated\">\n\t\t\t\t\t\t<div class=\"elementor-element elementor-element-9e35c71 elementor-align-justify elementor-widget elementor-widget-button\" data-id=\"9e35c71\" data-element_type=\"widget\" data-widget_type=\"button.default\">\n\t\t\t\t<div class=\"elementor-widget-container\">\n\t\t\t\t\t\t\t\t\t<div class=\"elementor-button-wrapper\">\n\t\t\t\t\t<a class=\"elementor-button elementor-button-link elementor-size-md\" href=\"https:\/\/engenhariacivil.ufms.br\/50-anos-engenharia-civil-ufms\/programacao\/\">\n\t\t\t\t\t\t<span class=\"elementor-button-content-wrapper\">\n\t\t\t\t\t\t\t\t\t<span class=\"elementor-button-text\">PROGRAMA\u00c7\u00c3O<\/span>\n\t\t\t\t\t<\/span>\n\t\t\t\t\t<\/a>\n\t\t\t\t<\/div>\n\t\t\t\t\t\t\t\t<\/div>\n\t\t\t\t<\/div>\n\t\t\t\t<div class=\"elementor-element elementor-element-7ccd2f5 elementor-align-justify elementor-widget elementor-widget-button\" data-id=\"7ccd2f5\" data-element_type=\"widget\" data-widget_type=\"button.default\">\n\t\t\t\t<div class=\"elementor-widget-container\">\n\t\t\t\t\t\t\t\t\t<div class=\"elementor-button-wrapper\">\n\t\t\t\t\t<a class=\"elementor-button elementor-button-link elementor-size-md\" href=\"https:\/\/engenhariacivil.ufms.br\/50-anos-engenharia-civil-ufms\/inscricoes\/\">\n\t\t\t\t\t\t<span class=\"elementor-button-content-wrapper\">\n\t\t\t\t\t\t\t\t\t<span class=\"elementor-button-text\">INSCRI\u00c7\u00c3O<\/span>\n\t\t\t\t\t<\/span>\n\t\t\t\t\t<\/a>\n\t\t\t\t<\/div>\n\t\t\t\t\t\t\t\t<\/div>\n\t\t\t\t<\/div>\n\t\t\t\t<div class=\"elementor-element elementor-element-9a4776f elementor-align-justify elementor-widget elementor-widget-button\" data-id=\"9a4776f\" data-element_type=\"widget\" data-widget_type=\"button.default\">\n\t\t\t\t<div class=\"elementor-widget-container\">\n\t\t\t\t\t\t\t\t\t<div class=\"elementor-button-wrapper\">\n\t\t\t\t\t<a class=\"elementor-button elementor-button-link elementor-size-md\" href=\"https:\/\/engenhariacivil.ufms.br\/50-anos-engenharia-civil-ufms\/historias\/\">\n\t\t\t\t\t\t<span class=\"elementor-button-content-wrapper\">\n\t\t\t\t\t\t\t\t\t<span class=\"elementor-button-text\">HIST\u00d3RIAS<\/span>\n\t\t\t\t\t<\/span>\n\t\t\t\t\t<\/a>\n\t\t\t\t<\/div>\n\t\t\t\t\t\t\t\t<\/div>\n\t\t\t\t<\/div>\n\t\t\t\t<div class=\"elementor-element elementor-element-2a92e59 elementor-align-justify elementor-widget elementor-widget-button\" data-id=\"2a92e59\" data-element_type=\"widget\" data-widget_type=\"button.default\">\n\t\t\t\t<div class=\"elementor-widget-container\">\n\t\t\t\t\t\t\t\t\t<div class=\"elementor-button-wrapper\">\n\t\t\t\t\t<a class=\"elementor-button elementor-button-link elementor-size-md\" href=\"https:\/\/engenhariacivil.ufms.br\/50-anos-engenharia-civil-ufms\/organizacao\/\">\n\t\t\t\t\t\t<span class=\"elementor-button-content-wrapper\">\n\t\t\t\t\t\t\t\t\t<span class=\"elementor-button-text\">ORGANIZA\u00c7\u00c3O<\/span>\n\t\t\t\t\t<\/span>\n\t\t\t\t\t<\/a>\n\t\t\t\t<\/div>\n\t\t\t\t\t\t\t\t<\/div>\n\t\t\t\t<\/div>\n\t\t\t\t\t<\/div>\n\t\t<\/div>\n\t\t\t\t\t<\/div>\n\t\t<\/section>\n\t\t\t\t\t<\/div>\n\t\t<\/div>\n\t\t\t\t<div class=\"elementor-column elementor-col-50 elementor-top-column elementor-element elementor-element-a6ada4c\" data-id=\"a6ada4c\" data-element_type=\"column\">\n\t\t\t<div class=\"elementor-widget-wrap elementor-element-populated\">\n\t\t\t\t\t\t<section class=\"elementor-section elementor-inner-section elementor-element elementor-element-0dc9a90 elementor-section-boxed elementor-section-height-default elementor-section-height-default\" data-id=\"0dc9a90\" data-element_type=\"section\">\n\t\t\t\t\t\t<div class=\"elementor-container elementor-column-gap-default\">\n\t\t\t\t\t<div class=\"elementor-column elementor-col-100 elementor-inner-column elementor-element elementor-element-e97b68f\" data-id=\"e97b68f\" data-element_type=\"column\">\n\t\t\t<div class=\"elementor-widget-wrap elementor-element-populated\">\n\t\t\t\t\t\t<div class=\"elementor-element elementor-element-064cbcc elementor-widget elementor-widget-text-editor\" data-id=\"064cbcc\" data-element_type=\"widget\" data-widget_type=\"text-editor.default\">\n\t\t\t\t<div class=\"elementor-widget-container\">\n\t\t\t\t\t\t\t\t\t<p style=\"margin: 0cm 0cm 7.9pt;text-align: justify;text-indent: 45pt;line-height: 15.75pt;background-image: initial;background-position: initial;background-size: initial;background-attachment: initial\"><span style=\"font-size: 11.0pt;font-family: 'Arial',sans-serif;color: #191515\">A Engenharia Civil da UFMS em 12 de agosto de 2020 completou 50 anos desde a sua funda\u00e7\u00e3o. Para celebrar o curso e todos os que fizeram parte desta hist\u00f3ria, o\u00a0<strong>50 ANOS + ENGENHARIA CIVIL UFMS\u00a0<\/strong>\u00e9 um evento idealizado com o intuito de reunir os professores, t\u00e9cnicos estudantes e egressos desta magnifica trajet\u00f3ria.<\/span><\/p><p style=\"margin: 0cm 0cm 7.9pt;text-align: justify;text-indent: 45pt;line-height: 15.75pt;background-image: initial;background-position: initial;background-size: initial;background-attachment: initial\"><span style=\"font-size: 11.0pt;font-family: 'Arial',sans-serif;color: #191515\">A <b>comemora\u00e7\u00e3o do Jubileu de Ouro do curso ENGENHARIA CIVIL da UFMS ser\u00e1 realizado de 14 a 17 de setembro de 2022<\/b>, na Cidade Universit\u00e1ria &#8211; Campo Grande; juntamente a Associa\u00e7\u00e3o dos Engenheiros de Campo Grande e o CREA-MS.<\/span><\/p><p style=\"margin: 0cm 0cm 7.9pt;text-align: justify;text-indent: 45pt;line-height: 15.75pt;background-image: initial;background-position: initial;background-size: initial;background-attachment: initial\"><span style=\"color: #191515;font-family: Arial, sans-serif;font-size: 11pt;text-indent: 45pt\">No primeiro dia, revisitaremos o passado homenageando a velha guarda da academia e egressos do curso,\u00a0ouvindo suas hist\u00f3rias e relatos das experi\u00eancias vividas no Campus. No segundo dia, ser\u00e3o ouvidos os egressos sobre as oportunidades que a faculdade lhes ofereceu para o desenvolvimento de suas carreiras profissionais, propiciando aos estudantes interc\u00e2mbio de experi\u00eancias e perspectivas para o futuro engenheiro. No terceiro dia, o foco ser\u00e1 os debates das novas tecnologias e a solenidade de homenagem aos egressos expoentes. E como fechamento, um dia repleto de atividades esportivas, recreativas e culturais para coroar este encontro comemorativo.<\/span><\/p>\t\t\t\t\t\t\t\t<\/div>\n\t\t\t\t<\/div>\n\t\t\t\t\t<\/div>\n\t\t<\/div>\n\t\t\t\t\t<\/div>\n\t\t<\/section>\n\t\t\t\t<section class=\"elementor-section elementor-inner-section elementor-element elementor-element-b104485 elementor-section-boxed elementor-section-height-default elementor-section-height-default\" data-id=\"b104485\" data-element_type=\"section\">\n\t\t\t\t\t\t<div class=\"elementor-container elementor-column-gap-default\">\n\t\t\t\t\t<div class=\"elementor-column elementor-col-50 elementor-inner-column elementor-element elementor-element-9fd6415\" data-id=\"9fd6415\" data-element_type=\"column\">\n\t\t\t<div class=\"elementor-widget-wrap elementor-element-populated\">\n\t\t\t\t\t\t<div class=\"elementor-element elementor-element-bdd4a0d elementor-widget elementor-widget-text-editor\" data-id=\"bdd4a0d\" data-element_type=\"widget\" data-widget_type=\"text-editor.default\">\n\t\t\t\t<div class=\"elementor-widget-container\">\n\t\t\t\t\t\t\t\t\t<p style=\"margin: 0cm 0cm 7.9pt;text-align: justify;text-indent: 45pt;line-height: 15.75pt;background-image: initial;background-position: initial;background-size: initial;background-attachment: initial\"><span style=\"color: #191515;font-family: Arial, sans-serif;font-size: 11pt;text-indent: 45pt\">E para iniciar esta celebra\u00e7\u00e3o, os egressos por meio do trabalho do <\/span><strong style=\"color: #191515;font-family: Arial, sans-serif;font-size: 11pt;text-indent: 45pt\">artista pl\u00e1stico CARLOS VERA<\/strong><span style=\"color: #191515;font-family: Arial, sans-serif;font-size: 11pt;text-indent: 45pt\"> presenteou o Curso com esta magn\u00edfica arte. A inspira\u00e7\u00e3o partiu da identidade visual da UFMS e da engrenagem s\u00edmbolo representativo da engenharia. E resultou na <strong>marca oficial do Curso<\/strong>, que traduz as aspira\u00e7\u00f5es sem limites dos nossos alunos e egressos para projetar, dimensionar e edificar o progresso da sociedade.\u00a0<\/span><\/p><p style=\"margin: 0cm 0cm 7.9pt;text-align: justify;text-indent: 45pt;line-height: 15.75pt;background-image: initial;background-position: initial;background-size: initial;background-attachment: initial\"><span style=\"color: #191515;font-family: Arial, sans-serif;font-size: 11pt;text-indent: 45pt\">\u00a0<\/span><\/p>\t\t\t\t\t\t\t\t<\/div>\n\t\t\t\t<\/div>\n\t\t\t\t<div class=\"elementor-element elementor-element-71a0c99 elementor-widget-divider--view-line_text elementor-widget-divider--element-align-center elementor-widget elementor-widget-divider\" data-id=\"71a0c99\" data-element_type=\"widget\" data-widget_type=\"divider.default\">\n\t\t\t\t<div class=\"elementor-widget-container\">\n\t\t\t\t\t\t\t<div class=\"elementor-divider\">\n\t\t\t<span class=\"elementor-divider-separator\">\n\t\t\t\t\t\t\t<span class=\"elementor-divider__text elementor-divider__element\">\n\t\t\t\tREDES SOCIAIS\t\t\t\t<\/span>\n\t\t\t\t\t\t<\/span>\n\t\t<\/div>\n\t\t\t\t\t\t<\/div>\n\t\t\t\t<\/div>\n\t\t\t\t<div class=\"elementor-element elementor-element-d7e086e elementor-shape-circle elementor-grid-0 e-grid-align-center elementor-widget elementor-widget-social-icons\" data-id=\"d7e086e\" data-element_type=\"widget\" data-widget_type=\"social-icons.default\">\n\t\t\t\t<div class=\"elementor-widget-container\">\n\t\t\t\t\t\t\t<div class=\"elementor-social-icons-wrapper elementor-grid\">\n\t\t\t\t\t\t\t<span class=\"elementor-grid-item\">\n\t\t\t\t\t<a class=\"elementor-icon elementor-social-icon elementor-social-icon-facebook elementor-repeater-item-6ac7487\" href=\"https:\/\/www.facebook.com\/people\/EngenhariaCivil-Ufms\/100078921610889\/\" target=\"_blank\">\n\t\t\t\t\t\t<span class=\"elementor-screen-only\">Facebook<\/span>\n\t\t\t\t\t\t<i class=\"fab fa-facebook\"><\/i>\t\t\t\t\t<\/a>\n\t\t\t\t<\/span>\n\t\t\t\t\t\t\t<span class=\"elementor-grid-item\">\n\t\t\t\t\t<a class=\"elementor-icon elementor-social-icon elementor-social-icon-youtube elementor-repeater-item-246f579\" href=\"https:\/\/www.youtube.com\/channel\/UC9vL7IvyScchZnoSXrHWtYw\" target=\"_blank\">\n\t\t\t\t\t\t<span class=\"elementor-screen-only\">Youtube<\/span>\n\t\t\t\t\t\t<i class=\"fab fa-youtube\"><\/i>\t\t\t\t\t<\/a>\n\t\t\t\t<\/span>\n\t\t\t\t\t\t\t<span class=\"elementor-grid-item\">\n\t\t\t\t\t<a class=\"elementor-icon elementor-social-icon elementor-social-icon-instagram elementor-repeater-item-ff62dc4\" href=\"https:\/\/www.instagram.com\/engenhariacivil.ufms\/\" target=\"_blank\">\n\t\t\t\t\t\t<span class=\"elementor-screen-only\">Instagram<\/span>\n\t\t\t\t\t\t<i class=\"fab fa-instagram\"><\/i>\t\t\t\t\t<\/a>\n\t\t\t\t<\/span>\n\t\t\t\t\t<\/div>\n\t\t\t\t\t\t<\/div>\n\t\t\t\t<\/div>\n\t\t\t\t\t<\/div>\n\t\t<\/div>\n\t\t\t\t<div class=\"elementor-column elementor-col-50 elementor-inner-column elementor-element elementor-element-2b12b00\" data-id=\"2b12b00\" data-element_type=\"column\">\n\t\t\t<div class=\"elementor-widget-wrap elementor-element-populated\">\n\t\t\t\t\t\t<div class=\"elementor-element elementor-element-cac1fb9 elementor-widget elementor-widget-image\" data-id=\"cac1fb9\" data-element_type=\"widget\" data-widget_type=\"image.default\">\n\t\t\t\t<div class=\"elementor-widget-container\">\n\t\t\t\t\t\t\t\t\t\t\t\t\t\t\t<img decoding=\"async\" width=\"1024\" height=\"1024\" src=\"https:\/\/engenhariacivil-faeng.ufms.br\/files\/2022\/03\/Logo-Final1-1024x1024.png\" class=\"attachment-large size-large wp-image-3757\" alt=\"\" srcset=\"https:\/\/engenhariacivil-faeng.ufms.br\/files\/2022\/03\/Logo-Final1-1024x1024.png 1024w, https:\/\/engenhariacivil-faeng.ufms.br\/files\/2022\/03\/Logo-Final1-300x300.png 300w, https:\/\/engenhariacivil-faeng.ufms.br\/files\/2022\/03\/Logo-Final1-150x150.png 150w, https:\/\/engenhariacivil-faeng.ufms.br\/files\/2022\/03\/Logo-Final1-768x768.png 768w, https:\/\/engenhariacivil-faeng.ufms.br\/files\/2022\/03\/Logo-Final1-1536x1536.png 1536w, https:\/\/engenhariacivil-faeng.ufms.br\/files\/2022\/03\/Logo-Final1-2048x2048.png 2048w, https:\/\/engenhariacivil-faeng.ufms.br\/files\/2022\/03\/Logo-Final1-320x320.png 320w\" sizes=\"(max-width: 1024px) 100vw, 1024px\" \/>\t\t\t\t\t\t\t\t\t\t\t\t\t\t\t<\/div>\n\t\t\t\t<\/div>\n\t\t\t\t<div class=\"elementor-element elementor-element-aa43d19 elementor-widget elementor-widget-text-editor\" data-id=\"aa43d19\" data-element_type=\"widget\" data-widget_type=\"text-editor.default\">\n\t\t\t\t<div class=\"elementor-widget-container\">\n\t\t\t\t\t\t\t\t\t<p>&nbsp; &nbsp; &nbsp;Autoria: Carlos Vera<\/p>\t\t\t\t\t\t\t\t<\/div>\n\t\t\t\t<\/div>\n\t\t\t\t\t<\/div>\n\t\t<\/div>\n\t\t\t\t\t<\/div>\n\t\t<\/section>\n\t\t\t\t\t<\/div>\n\t\t<\/div>\n\t\t\t\t\t<\/div>\n\t\t<\/section>\n\t\t\t\t<section class=\"elementor-section elementor-top-section elementor-element elementor-element-7e347e3 elementor-section-boxed elementor-section-height-default elementor-section-height-default\" data-id=\"7e347e3\" data-element_type=\"section\">\n\t\t\t\t\t\t<div class=\"elementor-container elementor-column-gap-default\">\n\t\t\t\t\t<div class=\"elementor-column elementor-col-50 elementor-top-column elementor-element elementor-element-3b2f204\" data-id=\"3b2f204\" data-element_type=\"column\">\n\t\t\t<div class=\"elementor-widget-wrap elementor-element-populated\">\n\t\t\t\t\t\t<div class=\"elementor-element elementor-element-88aeb87 elementor-widget-divider--view-line_text elementor-widget-divider--element-align-center elementor-widget elementor-widget-divider\" data-id=\"88aeb87\" data-element_type=\"widget\" data-widget_type=\"divider.default\">\n\t\t\t\t<div class=\"elementor-widget-container\">\n\t\t\t\t\t\t\t<div class=\"elementor-divider\">\n\t\t\t<span class=\"elementor-divider-separator\">\n\t\t\t\t\t\t\t<span class=\"elementor-divider__text elementor-divider__element\">\n\t\t\t\tREALIZA\u00c7\u00c3O\t\t\t\t<\/span>\n\t\t\t\t\t\t<\/span>\n\t\t<\/div>\n\t\t\t\t\t\t<\/div>\n\t\t\t\t<\/div>\n\t\t\t\t<div class=\"elementor-element elementor-element-bbfcf53 elementor-widget elementor-widget-image\" data-id=\"bbfcf53\" data-element_type=\"widget\" data-widget_type=\"image.default\">\n\t\t\t\t<div class=\"elementor-widget-container\">\n\t\t\t\t\t\t\t\t\t\t\t\t\t\t\t<img decoding=\"async\" width=\"415\" height=\"700\" src=\"https:\/\/engenhariacivil-faeng.ufms.br\/files\/2022\/09\/50-programacao-4-e1662507278164.png\" class=\"attachment-full size-full wp-image-4457\" alt=\"\" srcset=\"https:\/\/engenhariacivil-faeng.ufms.br\/files\/2022\/09\/50-programacao-4-e1662507278164.png 415w, https:\/\/engenhariacivil-faeng.ufms.br\/files\/2022\/09\/50-programacao-4-e1662507278164-178x300.png 178w, https:\/\/engenhariacivil-faeng.ufms.br\/files\/2022\/09\/50-programacao-4-e1662507278164-190x320.png 190w\" sizes=\"(max-width: 415px) 100vw, 415px\" \/>\t\t\t\t\t\t\t\t\t\t\t\t\t\t\t<\/div>\n\t\t\t\t<\/div>\n\t\t\t\t\t<\/div>\n\t\t<\/div>\n\t\t\t\t<div class=\"elementor-column elementor-col-50 elementor-top-column elementor-element elementor-element-25b360a\" data-id=\"25b360a\" data-element_type=\"column\">\n\t\t\t<div class=\"elementor-widget-wrap elementor-element-populated\">\n\t\t\t\t\t\t<div class=\"elementor-element elementor-element-d1107fc elementor-widget-divider--view-line_text elementor-widget-divider--element-align-center elementor-widget elementor-widget-divider\" data-id=\"d1107fc\" data-element_type=\"widget\" data-widget_type=\"divider.default\">\n\t\t\t\t<div class=\"elementor-widget-container\">\n\t\t\t\t\t\t\t<div class=\"elementor-divider\">\n\t\t\t<span class=\"elementor-divider-separator\">\n\t\t\t\t\t\t\t<span class=\"elementor-divider__text elementor-divider__element\">\n\t\t\t\tAPOIADORES\t\t\t\t<\/span>\n\t\t\t\t\t\t<\/span>\n\t\t<\/div>\n\t\t\t\t\t\t<\/div>\n\t\t\t\t<\/div>\n\t\t\t\t<div class=\"elementor-element elementor-element-d52445c elementor-widget elementor-widget-image\" data-id=\"d52445c\" data-element_type=\"widget\" data-widget_type=\"image.default\">\n\t\t\t\t<div class=\"elementor-widget-container\">\n\t\t\t\t\t\t\t\t\t\t\t\t\t\t\t<img loading=\"lazy\" decoding=\"async\" width=\"1024\" height=\"589\" src=\"https:\/\/engenhariacivil-faeng.ufms.br\/files\/2022\/09\/50-programacao-1-1-e1663028440765-1024x589.png\" class=\"attachment-large size-large wp-image-4521\" alt=\"\" srcset=\"https:\/\/engenhariacivil-faeng.ufms.br\/files\/2022\/09\/50-programacao-1-1-e1663028440765-1024x589.png 1024w, https:\/\/engenhariacivil-faeng.ufms.br\/files\/2022\/09\/50-programacao-1-1-e1663028440765-300x173.png 300w, https:\/\/engenhariacivil-faeng.ufms.br\/files\/2022\/09\/50-programacao-1-1-e1663028440765-768x442.png 768w, https:\/\/engenhariacivil-faeng.ufms.br\/files\/2022\/09\/50-programacao-1-1-e1663028440765-1536x883.png 1536w, https:\/\/engenhariacivil-faeng.ufms.br\/files\/2022\/09\/50-programacao-1-1-e1663028440765-557x320.png 557w, https:\/\/engenhariacivil-faeng.ufms.br\/files\/2022\/09\/50-programacao-1-1-e1663028440765.png 2000w\" sizes=\"(max-width: 1024px) 100vw, 1024px\" \/>\t\t\t\t\t\t\t\t\t\t\t\t\t\t\t<\/div>\n\t\t\t\t<\/div>\n\t\t\t\t\t<\/div>\n\t\t<\/div>\n\t\t\t\t\t<\/div>\n\t\t<\/section>\n\t\t\t\t<\/div>\n\t\t","protected":false},"excerpt":{"rendered":"<p>Autoria: Carolina Sanson\u00a0 PROGRAMA\u00c7\u00c3O INSCRI\u00c7\u00c3O HIST\u00d3RIAS ORGANIZA\u00c7\u00c3O A Engenharia Civil da UFMS em 12 de agosto de 2020 completou 50 anos desde a sua funda\u00e7\u00e3o. Para celebrar o curso e todos os que fizeram parte desta hist\u00f3ria, o\u00a050 ANOS + ENGENHARIA CIVIL UFMS\u00a0\u00e9 um evento idealizado com o intuito de reunir os professores, t\u00e9cnicos estudantes [&hellip;]<\/p>\n","protected":false},"author":710,"featured_media":0,"parent":0,"menu_order":0,"comment_status":"closed","ping_status":"closed","template":"page-templates\/full-width.php","meta":{"footnotes":""},"coauthors":[],"class_list":["post-3330","page","type-page","status-publish","hentry"],"_links":{"self":[{"href":"https:\/\/engenhariacivil-faeng.ufms.br\/en\/wp-json\/wp\/v2\/pages\/3330","targetHints":{"allow":["GET"]}}],"collection":[{"href":"https:\/\/engenhariacivil-faeng.ufms.br\/en\/wp-json\/wp\/v2\/pages"}],"about":[{"href":"https:\/\/engenhariacivil-faeng.ufms.br\/en\/wp-json\/wp\/v2\/types\/page"}],"author":[{"embeddable":true,"href":"https:\/\/engenhariacivil-faeng.ufms.br\/en\/wp-json\/wp\/v2\/users\/710"}],"replies":[{"embeddable":true,"href":"https:\/\/engenhariacivil-faeng.ufms.br\/en\/wp-json\/wp\/v2\/comments?post=3330"}],"version-history":[{"count":161,"href":"https:\/\/engenhariacivil-faeng.ufms.br\/en\/wp-json\/wp\/v2\/pages\/3330\/revisions"}],"predecessor-version":[{"id":4732,"href":"https:\/\/engenhariacivil-faeng.ufms.br\/en\/wp-json\/wp\/v2\/pages\/3330\/revisions\/4732"}],"wp:attachment":[{"href":"https:\/\/engenhariacivil-faeng.ufms.br\/en\/wp-json\/wp\/v2\/media?parent=3330"}],"wp:term":[{"taxonomy":"author","embeddable":true,"href":"https:\/\/engenhariacivil-faeng.ufms.br\/en\/wp-json\/wp\/v2\/coauthors?post=3330"}],"curies":[{"name":"wp","href":"https:\/\/api.w.org\/{rel}","templated":true}]}}