{"id":3341,"date":"2022-01-06T21:16:19","date_gmt":"2022-01-07T01:16:19","guid":{"rendered":"https:\/\/engenhariacivil.ufms.br\/?page_id=3341"},"modified":"2022-06-28T19:18:10","modified_gmt":"2022-06-28T23:18:10","slug":"historias","status":"publish","type":"page","link":"https:\/\/engenhariacivil-faeng.ufms.br\/en\/50-anos-engenharia-civil-ufms\/historias\/","title":{"rendered":"Hist\u00f3rias"},"content":{"rendered":"\t\t<div data-elementor-type=\"wp-page\" data-elementor-id=\"3341\" class=\"elementor elementor-3341\">\n\t\t\t\t\t\t<section class=\"elementor-section elementor-top-section elementor-element elementor-element-e444b00 elementor-section-boxed elementor-section-height-default elementor-section-height-default\" data-id=\"e444b00\" data-element_type=\"section\">\n\t\t\t\t\t\t<div class=\"elementor-container elementor-column-gap-default\">\n\t\t\t\t\t<div class=\"elementor-column elementor-col-100 elementor-top-column elementor-element elementor-element-fade448\" data-id=\"fade448\" data-element_type=\"column\">\n\t\t\t<div class=\"elementor-widget-wrap elementor-element-populated\">\n\t\t\t\t\t\t<div class=\"elementor-element elementor-element-b5bbed5 elementor-widget elementor-widget-heading\" data-id=\"b5bbed5\" data-element_type=\"widget\" data-widget_type=\"heading.default\">\n\t\t\t\t<div class=\"elementor-widget-container\">\n\t\t\t\t\t<h2 class=\"elementor-heading-title elementor-size-default\">1 - Relato do Professor Olavo de Oliveira Lima Sobrinho<\/h2>\t\t\t\t<\/div>\n\t\t\t\t<\/div>\n\t\t\t\t\t<\/div>\n\t\t<\/div>\n\t\t\t\t\t<\/div>\n\t\t<\/section>\n\t\t\t\t<section class=\"elementor-section elementor-top-section elementor-element elementor-element-d6f33b3 elementor-section-boxed elementor-section-height-default elementor-section-height-default\" data-id=\"d6f33b3\" data-element_type=\"section\">\n\t\t\t\t\t\t<div class=\"elementor-container elementor-column-gap-default\">\n\t\t\t\t\t<div class=\"elementor-column elementor-col-100 elementor-top-column elementor-element elementor-element-62ec203\" data-id=\"62ec203\" data-element_type=\"column\">\n\t\t\t<div class=\"elementor-widget-wrap elementor-element-populated\">\n\t\t\t\t\t\t<section class=\"elementor-section elementor-inner-section elementor-element elementor-element-245992a elementor-section-boxed elementor-section-height-default elementor-section-height-default\" data-id=\"245992a\" data-element_type=\"section\">\n\t\t\t\t\t\t<div class=\"elementor-container elementor-column-gap-default\">\n\t\t\t\t\t<div class=\"elementor-column elementor-col-100 elementor-inner-column elementor-element elementor-element-9e95d2e\" data-id=\"9e95d2e\" data-element_type=\"column\">\n\t\t\t<div class=\"elementor-widget-wrap elementor-element-populated\">\n\t\t\t\t\t\t<div class=\"elementor-element elementor-element-fb600e8 elementor-widget elementor-widget-text-editor\" data-id=\"fb600e8\" data-element_type=\"widget\" data-widget_type=\"text-editor.default\">\n\t\t\t\t<div class=\"elementor-widget-container\">\n\t\t\t\t\t\t\t\t\t<p class=\"MsoNormal\" style=\"text-align: justify\">\u00a0 \u00a0 O professor Olavo \u00e9 um dos mais antigos professores atuantes na \u00e1rea de geotecnia da UFMS, e que ainda est\u00e1 na ativa lecionando, contribuindo para o desenvolvimento profissional de muitos alunos que passaram, e ainda est\u00e3o, pelas salas da FAENG. Em entrevista com ele, nos contou sua caminhada dentro da Universidade, regado de momentos saudosos, e como o curso se desenvolveu, conforme relata no trecho:<\/p>\t\t\t\t\t\t\t\t<\/div>\n\t\t\t\t<\/div>\n\t\t\t\t\t<\/div>\n\t\t<\/div>\n\t\t\t\t\t<\/div>\n\t\t<\/section>\n\t\t\t\t<section class=\"elementor-section elementor-inner-section elementor-element elementor-element-50afa1c elementor-section-boxed elementor-section-height-default elementor-section-height-default\" data-id=\"50afa1c\" data-element_type=\"section\">\n\t\t\t\t\t\t<div class=\"elementor-container elementor-column-gap-default\">\n\t\t\t\t\t<div class=\"elementor-column elementor-col-50 elementor-inner-column elementor-element elementor-element-ac3b974\" data-id=\"ac3b974\" data-element_type=\"column\">\n\t\t\t<div class=\"elementor-widget-wrap elementor-element-populated\">\n\t\t\t\t\t\t<div class=\"elementor-element elementor-element-622bc15 elementor-widget elementor-widget-text-editor\" data-id=\"622bc15\" data-element_type=\"widget\" data-widget_type=\"text-editor.default\">\n\t\t\t\t<div class=\"elementor-widget-container\">\n\t\t\t\t\t\t\t\t\t<p class=\"MsoNormal\" style=\"text-align: justify\"><i>\u00a0 \u00a0 \u00a0 \u00a0\u201cEm 01 de fevereiro de 1975 fui admitido na UEMT (Universidade Estadual de Mato Grosso), para ocupar o cargo de professor do Magist\u00e9rio Superior na \u00e1rea de Geotecnia, a fim de ministrar as disciplinas de Mec\u00e2nica dos Solos, Obras de Terra e Funda\u00e7\u00f5es. Durante essa caminhada de mais de 46 anos nesta institui\u00e7\u00e3o como docente, me dediquei muito para adquirir experi\u00eancia, com o objetivo de cada vez mais levar um conhecimento da pr\u00e1tica da engenharia para os alunos&#8230; Como docente, boas amizades foram adquiridas nesses anos, com colegas professores, t\u00e9cnicos de laborat\u00f3rios, t\u00e9cnicos administrativos, alunos, ex-alunos e com funcion\u00e1rios de limpeza em geral. No tempo do Departamento de Hidr\u00e1ulica e Transportes (DHT), viv\u00edamos como uma fam\u00edlia. Nessa \u00e9poca, as salas de professores eram pr\u00f3ximas umas das outras e com uma const\u00e2ncia de \u00e0 copa para saborear um bom caf\u00e9zinho, onde sempre est\u00e1vamos reunidos, assim \u00e9ramos sempre felizes. Com o passar do tempo, houve grandes mudan\u00e7as no espa\u00e7o f\u00edsico das salas de professores e extin\u00e7\u00e3o DHT, o que implicou no distanciamento dos professores, dificultando os nossos encontros com frequ\u00eancia. Mesmo assim as amizades permaneceram. Ainda, com o passar do tempo, v\u00e1rios colegas das \u00e9pocas passadas foram se aposentando, e alguns faleceram, sendo que, atualmente, resta bem poucos colegas ainda na ativa e as conviv\u00eancias do dia a dia se distanciaram. Logo tamb\u00e9m vou me aposentar e a minha grande expectativa \u00e9 um substituto para assumir o meu lugar para dar continuidade na disciplina, com experi\u00eancia e muita dedica\u00e7\u00e3o para ministrar Funda\u00e7\u00f5es&#8230;\u201d<\/i>\u00a0 \u00a0 \u00a0<\/p><p class=\"MsoNormal\" style=\"text-align: justify\">\u00a0 \u00a0 \u00a0Ainda, quando perguntamos sobre o processo construtivo do Laborat\u00f3rio de Mec\u00e2nica dos Solos, comumente conhecido como Laborat\u00f3rio de Transportes, nos contou sobre o quanto foi dif\u00edcil alcan\u00e7ar esse objetivo.<\/p>\t\t\t\t\t\t\t\t<\/div>\n\t\t\t\t<\/div>\n\t\t\t\t\t<\/div>\n\t\t<\/div>\n\t\t\t\t<div class=\"elementor-column elementor-col-50 elementor-inner-column elementor-element elementor-element-5f3fd2d\" data-id=\"5f3fd2d\" data-element_type=\"column\">\n\t\t\t<div class=\"elementor-widget-wrap elementor-element-populated\">\n\t\t\t\t\t\t<div class=\"elementor-element elementor-element-573c987 elementor-widget elementor-widget-image\" data-id=\"573c987\" data-element_type=\"widget\" data-widget_type=\"image.default\">\n\t\t\t\t<div class=\"elementor-widget-container\">\n\t\t\t\t\t\t\t\t\t\t\t\t<figure class=\"wp-caption\">\n\t\t\t\t\t\t\t\t\t\t<img fetchpriority=\"high\" decoding=\"async\" width=\"768\" height=\"1024\" src=\"https:\/\/engenhariacivil-faeng.ufms.br\/files\/2022\/06\/WhatsApp-Image-2022-06-27-at-21.44.14-768x1024.jpeg\" class=\"attachment-large size-large wp-image-4227\" alt=\"\" srcset=\"https:\/\/engenhariacivil-faeng.ufms.br\/files\/2022\/06\/WhatsApp-Image-2022-06-27-at-21.44.14-768x1024.jpeg 768w, https:\/\/engenhariacivil-faeng.ufms.br\/files\/2022\/06\/WhatsApp-Image-2022-06-27-at-21.44.14-225x300.jpeg 225w, https:\/\/engenhariacivil-faeng.ufms.br\/files\/2022\/06\/WhatsApp-Image-2022-06-27-at-21.44.14-240x320.jpeg 240w, https:\/\/engenhariacivil-faeng.ufms.br\/files\/2022\/06\/WhatsApp-Image-2022-06-27-at-21.44.14.jpeg 960w\" sizes=\"(max-width: 768px) 100vw, 768px\" \/>\t\t\t\t\t\t\t\t\t\t\t<figcaption class=\"widget-image-caption wp-caption-text\">LATRAN atualmente.<\/figcaption>\n\t\t\t\t\t\t\t\t\t\t<\/figure>\n\t\t\t\t\t\t\t\t\t<\/div>\n\t\t\t\t<\/div>\n\t\t\t\t\t<\/div>\n\t\t<\/div>\n\t\t\t\t\t<\/div>\n\t\t<\/section>\n\t\t\t\t<section class=\"elementor-section elementor-inner-section elementor-element elementor-element-0d93291 elementor-section-boxed elementor-section-height-default elementor-section-height-default\" data-id=\"0d93291\" data-element_type=\"section\">\n\t\t\t\t\t\t<div class=\"elementor-container elementor-column-gap-default\">\n\t\t\t\t\t<div class=\"elementor-column elementor-col-100 elementor-inner-column elementor-element elementor-element-d181f21\" data-id=\"d181f21\" data-element_type=\"column\">\n\t\t\t<div class=\"elementor-widget-wrap elementor-element-populated\">\n\t\t\t\t\t\t<div class=\"elementor-element elementor-element-affa14e elementor-widget elementor-widget-text-editor\" data-id=\"affa14e\" data-element_type=\"widget\" data-widget_type=\"text-editor.default\">\n\t\t\t\t<div class=\"elementor-widget-container\">\n\t\t\t\t\t\t\t\t\t<p class=\"MsoNormal\" style=\"text-align: justify\"><i>\u00a0 \u00a0 \u00a0\u201cA grande expectativa, no in\u00edcio, era ter um pr\u00e9dio pr\u00f3prio, mais espa\u00e7oso, para o Laborat\u00f3rio de Solos, pois as aulas eram ministradas numa sala ao lado do Laborat\u00f3rio de Materiais de Constru\u00e7\u00e3o Civil, e aquisi\u00e7\u00e3o de mais equipamentos. Mas, naquela \u00e9poca, era imposs\u00edvel a constru\u00e7\u00e3o de pr\u00e9dio com espa\u00e7o f\u00edsico adequado para o laborat\u00f3rio, devido \u00e0 falta de recursos. Somente na d\u00e9cada de 1980 que o pr\u00e9dio foi constru\u00eddo e, assim, abrigou-se nesse espa\u00e7o f\u00edsico, tamb\u00e9m, o Laborat\u00f3rio de Estradas. Somente assim foi poss\u00edvel adquirir mais equipamentos essenciais para ensaios. Com a cria\u00e7\u00e3o de novos cursos, como Engenharia Ambiental e Arquitetura e Urbanismo, em julho de 2005, o laborat\u00f3rio precisou passar por uma reforma com amplia\u00e7\u00e3o, onde houve um aumento significativo do espa\u00e7o f\u00edsico. E, depois outra expectativa surgiu, ocorreu a aquisi\u00e7\u00e3o de prensas para ensaios especiais, como o de Cisalhamento Direto e Triaxial&#8230;\u201d<\/i><\/p>\t\t\t\t\t\t\t\t<\/div>\n\t\t\t\t<\/div>\n\t\t\t\t\t<\/div>\n\t\t<\/div>\n\t\t\t\t\t<\/div>\n\t\t<\/section>\n\t\t\t\t<section class=\"elementor-section elementor-inner-section elementor-element elementor-element-e941b73 elementor-section-boxed elementor-section-height-default elementor-section-height-default\" data-id=\"e941b73\" data-element_type=\"section\">\n\t\t\t\t\t\t<div class=\"elementor-container elementor-column-gap-default\">\n\t\t\t\t\t<div class=\"elementor-column elementor-col-50 elementor-inner-column elementor-element elementor-element-6f15553\" data-id=\"6f15553\" data-element_type=\"column\">\n\t\t\t<div class=\"elementor-widget-wrap elementor-element-populated\">\n\t\t\t\t\t\t<div class=\"elementor-element elementor-element-5594d7b elementor-widget elementor-widget-image\" data-id=\"5594d7b\" data-element_type=\"widget\" data-widget_type=\"image.default\">\n\t\t\t\t<div class=\"elementor-widget-container\">\n\t\t\t\t\t\t\t\t\t\t\t\t<figure class=\"wp-caption\">\n\t\t\t\t\t\t\t\t\t\t<img decoding=\"async\" width=\"768\" height=\"1024\" src=\"https:\/\/engenhariacivil-faeng.ufms.br\/files\/2022\/06\/WhatsApp-Image-2022-06-27-at-21.37.31-768x1024.jpeg\" class=\"attachment-large size-large wp-image-4226\" alt=\"\" srcset=\"https:\/\/engenhariacivil-faeng.ufms.br\/files\/2022\/06\/WhatsApp-Image-2022-06-27-at-21.37.31-768x1024.jpeg 768w, https:\/\/engenhariacivil-faeng.ufms.br\/files\/2022\/06\/WhatsApp-Image-2022-06-27-at-21.37.31-225x300.jpeg 225w, https:\/\/engenhariacivil-faeng.ufms.br\/files\/2022\/06\/WhatsApp-Image-2022-06-27-at-21.37.31-240x320.jpeg 240w, https:\/\/engenhariacivil-faeng.ufms.br\/files\/2022\/06\/WhatsApp-Image-2022-06-27-at-21.37.31.jpeg 960w\" sizes=\"(max-width: 768px) 100vw, 768px\" \/>\t\t\t\t\t\t\t\t\t\t\t<figcaption class=\"widget-image-caption wp-caption-text\">Entrevista com o Professor Olavo.<\/figcaption>\n\t\t\t\t\t\t\t\t\t\t<\/figure>\n\t\t\t\t\t\t\t\t\t<\/div>\n\t\t\t\t<\/div>\n\t\t\t\t\t<\/div>\n\t\t<\/div>\n\t\t\t\t<div class=\"elementor-column elementor-col-50 elementor-inner-column elementor-element elementor-element-d1a25f0\" data-id=\"d1a25f0\" data-element_type=\"column\">\n\t\t\t<div class=\"elementor-widget-wrap elementor-element-populated\">\n\t\t\t\t\t\t<div class=\"elementor-element elementor-element-9fb8e56 elementor-widget elementor-widget-text-editor\" data-id=\"9fb8e56\" data-element_type=\"widget\" data-widget_type=\"text-editor.default\">\n\t\t\t\t<div class=\"elementor-widget-container\">\n\t\t\t\t\t\t\t\t\t<p style=\"text-align: justify\">\u00a0 \u00a0 \u00a0 Ele tamb\u00e9m dividiu conosco como foi a evolu\u00e7\u00e3o do corpo docente da Engenharia Civil, pois no primeiro semestre em que ele foi contratado, era o respons\u00e1vel por ministrar as aulas te\u00f3ricas de Funda\u00e7\u00f5es I e Mec\u00e2nica dos solos. No semestre seguinte, foi contratado o Prof. Lauro Rodrigues Furtado, o qual come\u00e7ou a ministrar as disciplinas de Obras de Terra e Mec\u00e2nica dos Solos. No entanto, em mar\u00e7o de 1977, o Prof. Lauro foi cedido para a Prefeitura Municipal de Campo Grande \u2013 MS, e a partir disso as disciplinas ficaram sob a responsabilidade do Prof. Olavo. As duas disciplinas voltaram a ser ministradas pelo Prof. Lauro somente em mar\u00e7o de 1980, quando ele se afasta da Prefeitura e retorna \u00e0 Universidade.<\/p><p style=\"text-align: justify\"><span>\u00a0 \u00a0 \u00a0No final do ano de 1980, o Prof. Olavo se afastou da Universidade para cursar Mestrado na \u00e1rea de Geotecnia pela Universidade de S\u00e3o Paulo, ingressando o Prof. Marcos Aur\u00e9lio Rondon para ocupar o cargo de professor de Funda\u00e7\u00f5es I e II. Com o seu retorno no segundo semestre de 1983, voltou a ministrar a disciplina de Funda\u00e7\u00f5es, ocupando esta fun\u00e7\u00e3o at\u00e9 hoje.\u00a0 Em abril de 1985, foi contratado o Prof. Cl\u00e1udio Luiz Resta Frangelli para auxiliar nas aulas te\u00f3ricas das disciplinas de Obras de Terra e Mec\u00e2nica dos Solos, juntamente com o Prof. Lauro.<\/span><strong>\u00a0<\/strong><\/p><p style=\"text-align: justify\"><span>\u00a0 \u00a0 \u00a0Com este relato, trazemos lembran\u00e7as de bons momentos vividos a v\u00e1rios alunos que passaram pela faculdade e, tamb\u00e9m, hist\u00f3rias para os que ainda ir\u00e3o sentar naquelas carteiras. Por isso a import\u00e2ncia de celebrarmos o evento dos 50 anos + da Engenharia Civil, para que n\u00e3o somente a hist\u00f3ria do Prof. Olavo, mas como de muitos outros que contribu\u00edram e ainda contribuem, possam ser compartilhadas.\u00a0<\/span><\/p><p style=\"text-align: justify\"><strong>Prof\u00ba Dr. Olavo de Oliveira Lima Sobrinho, graduado em Engenharia Civil pela Faculdade Educacional de Bauru \u2013 SP, Mestre em Geotecnia pela Universidade de S\u00e3o Paulo \u2013 Escola de Engenharia de S\u00e3o Carlos (USP) e Doutor em Ci\u00eancia da Educa\u00e7\u00e3o pela Universidad T\u00e9cnica de Comercializaci\u00f3n y Desarrollo (UTCD, Paraguay).<\/strong><\/p>\t\t\t\t\t\t\t\t<\/div>\n\t\t\t\t<\/div>\n\t\t\t\t\t<\/div>\n\t\t<\/div>\n\t\t\t\t\t<\/div>\n\t\t<\/section>\n\t\t\t\t\t<\/div>\n\t\t<\/div>\n\t\t\t\t\t<\/div>\n\t\t<\/section>\n\t\t\t\t<\/div>\n\t\t","protected":false},"excerpt":{"rendered":"<p>1 &#8211; Relato do Professor Olavo de Oliveira Lima Sobrinho \u00a0 \u00a0 O professor Olavo \u00e9 um dos mais antigos professores atuantes na \u00e1rea de geotecnia da UFMS, e que ainda est\u00e1 na ativa lecionando, contribuindo para o desenvolvimento profissional de muitos alunos que passaram, e ainda est\u00e3o, pelas salas da FAENG. Em entrevista com [&hellip;]<\/p>\n","protected":false},"author":710,"featured_media":0,"parent":3330,"menu_order":0,"comment_status":"closed","ping_status":"closed","template":"page-templates\/full-width.php","meta":{"footnotes":""},"coauthors":[],"class_list":["post-3341","page","type-page","status-publish","hentry"],"_links":{"self":[{"href":"https:\/\/engenhariacivil-faeng.ufms.br\/en\/wp-json\/wp\/v2\/pages\/3341","targetHints":{"allow":["GET"]}}],"collection":[{"href":"https:\/\/engenhariacivil-faeng.ufms.br\/en\/wp-json\/wp\/v2\/pages"}],"about":[{"href":"https:\/\/engenhariacivil-faeng.ufms.br\/en\/wp-json\/wp\/v2\/types\/page"}],"author":[{"embeddable":true,"href":"https:\/\/engenhariacivil-faeng.ufms.br\/en\/wp-json\/wp\/v2\/users\/710"}],"replies":[{"embeddable":true,"href":"https:\/\/engenhariacivil-faeng.ufms.br\/en\/wp-json\/wp\/v2\/comments?post=3341"}],"version-history":[{"count":25,"href":"https:\/\/engenhariacivil-faeng.ufms.br\/en\/wp-json\/wp\/v2\/pages\/3341\/revisions"}],"predecessor-version":[{"id":4269,"href":"https:\/\/engenhariacivil-faeng.ufms.br\/en\/wp-json\/wp\/v2\/pages\/3341\/revisions\/4269"}],"up":[{"embeddable":true,"href":"https:\/\/engenhariacivil-faeng.ufms.br\/en\/wp-json\/wp\/v2\/pages\/3330"}],"wp:attachment":[{"href":"https:\/\/engenhariacivil-faeng.ufms.br\/en\/wp-json\/wp\/v2\/media?parent=3341"}],"wp:term":[{"taxonomy":"author","embeddable":true,"href":"https:\/\/engenhariacivil-faeng.ufms.br\/en\/wp-json\/wp\/v2\/coauthors?post=3341"}],"curies":[{"name":"wp","href":"https:\/\/api.w.org\/{rel}","templated":true}]}}