{"id":3395,"date":"2022-01-14T13:59:49","date_gmt":"2022-01-14T17:59:49","guid":{"rendered":"https:\/\/engenhariacivil.ufms.br\/?page_id=3395"},"modified":"2022-01-28T17:07:56","modified_gmt":"2022-01-28T21:07:56","slug":"corpo-docente-lista-antiga","status":"publish","type":"page","link":"https:\/\/engenhariacivil-faeng.ufms.br\/en\/corpo-docente-lista-antiga\/","title":{"rendered":"Corpo docente (lista antiga)"},"content":{"rendered":"<h3>Lista de Docentes do Curso de Gradua\u00e7\u00e3o em Engenharia Civil:<\/h3>\n<h6 style=\"text-align: right\">(Clique para mais informa\u00e7\u00f5es)<\/h6>\n<ul>\n<li style=\"text-align: left\"><a title=\"Ana Paula da Silva Milani\" href=\"https:\/\/engenhariacivil.ufms.br\/corpo-docente\/ana-paula-sm\/\">Ana Paula da Silva Milani<\/a><\/li>\n<li style=\"text-align: left\"><a title=\"Andr\u00e9s Batista Cheung\" href=\"https:\/\/engenhariacivil.ufms.br\/corpo-docente\/andres-bc\/\">Andr\u00e9s Batista Cheung<\/a><\/li>\n<li style=\"text-align: left\"><a href=\"https:\/\/engenhariacivil.ufms.br\/corpo-docente\/armando-gab\/\">Armando Garcia Arnal Barbedo<\/a><\/li>\n<li style=\"text-align: left\"><a href=\"https:\/\/engenhariacivil.ufms.br\/corpo-docente\/arthur-ss\/\">Arthur Santos Silva<\/a><\/li>\n<li style=\"text-align: left\"><a title=\"Christiane Areias Trindade\" href=\"https:\/\/engenhariacivil.ufms.br\/corpo-docente\/christiane-at\/\">Christiane Areias Trindade<\/a><\/li>\n<li style=\"text-align: left\"><a title=\"Cl\u00e1udio Luiz Fragelli\" href=\"https:\/\/engenhariacivil.ufms.br\/corpo-docente\/claudio-luiz-rf\/\">Cl\u00e1udio Luiz Resta Fragelli<\/a><\/li>\n<li style=\"text-align: left\"><a title=\"Daniel Anijar de Matos\" href=\"https:\/\/engenhariacivil.ufms.br\/corpo-docente\/daniel-am\/\">Daniel Anijar de Matos<\/a><\/li>\n<li style=\"text-align: left\"><a href=\"https:\/\/engenhariacivil.ufms.br\/corpo-docente\/david-aas\/\">David Alex Aranc\u00edbia Suarez<\/a><\/li>\n<li style=\"text-align: left\"><a title=\"Ganem Jean Tebcharani\" href=\"https:\/\/engenhariacivil.ufms.br\/corpo-docente\/ganem-jt\/\">Ganem Jean Tebcharani<\/a><\/li>\n<li style=\"text-align: left\"><a href=\"https:\/\/engenhariacivil.ufms.br\/corpo-docente\/geovani-fa\/\">Geovani Ferreira Alves<\/a><\/li>\n<li><a href=\"https:\/\/engenhariacivil.ufms.br\/corpo-docente\/giovanni-pais-pellizzer\/\">Giovanni Pais Pellizzer<\/a><\/li>\n<li style=\"text-align: left\"><a class=\"row-title\" href=\"https:\/\/engenhariacivil.ufms.br\/corpo-docente\/fabio-vg\/\">F\u00e1bio Ver\u00edssimo Gon\u00e7alves<\/a><\/li>\n<li style=\"text-align: left\"><a title=\"Isabel Kaufmann de Almeida\" href=\"https:\/\/engenhariacivil.ufms.br\/corpo-docente\/isabel-ka\/\">Isabel Kaufmann de Almeida<\/a><\/li>\n<li style=\"text-align: left\"><a href=\"https:\/\/engenhariacivil.ufms.br\/corpo-docente\/janusa-sa\/\">Janusa Soares de Ara\u00fajo<\/a><\/li>\n<li style=\"text-align: left\"><a href=\"https:\/\/engenhariacivil.ufms.br\/corpo-docente\/jose-otavio-se\/\">Jos\u00e9 Ot\u00e1vio Serr\u00e3o\u00a0Eleut\u00e9rio<\/a><\/li>\n<li style=\"text-align: left\"><a href=\"https:\/\/engenhariacivil.ufms.br\/corpo-docente\/johannes-gj\/\">Johannes Gerson Janzen<\/a><\/li>\n<li style=\"text-align: left\"><a href=\"https:\/\/engenhariacivil.ufms.br\/corpo-docente\/julio-alberto-pfj\/\">Julio Alberto Peres Ferencz Junior<\/a><\/li>\n<li style=\"text-align: left\"><a href=\"https:\/\/engenhariacivil.ufms.br\/corpo-docente\/marcia-aparecida-ms\/\">M\u00e1rcia Aparecida Mendes Saraiva<\/a><\/li>\n<li style=\"text-align: left\"><a href=\"https:\/\/engenhariacivil.ufms.br\/corpo-docente\/mauro-polizer\/\">Mauro Polizer<\/a><\/li>\n<li style=\"text-align: left\"><a title=\"Michele Giongo\" href=\"https:\/\/engenhariacivil.ufms.br\/corpo-docente\/michele-giongo\/\">Michele Giongo<\/a><\/li>\n<li style=\"text-align: left\"><a title=\"Munir Mohamed Kassab\" href=\"https:\/\/engenhariacivil.ufms.br\/corpo-docente\/munir-mk\/\">Munir Mohamed Kassab<\/a><\/li>\n<li style=\"text-align: left\"><a title=\"Olavo de Oliveira Lima Sobrinho\" href=\"https:\/\/engenhariacivil.ufms.br\/corpo-docente\/olavo-ols\/\">Olavo de Oliveira Lima Sobrinho<\/a><\/li>\n<li style=\"text-align: left\"><a href=\"https:\/\/engenhariacivil.ufms.br\/corpo-docente\/paulo-tarso-so\/\">Paulo Tarso Sanches de Oliveira<\/a><\/li>\n<li style=\"text-align: left\"><a href=\"https:\/\/engenhariacivil.ufms.br\/corpo-docente\/rafael-as\/\">Rafael Araujo de Sousa<\/a><\/li>\n<li style=\"text-align: left\"><a title=\"Robert Schiaveto de Souza\" href=\"https:\/\/engenhariacivil.ufms.br\/corpo-docente\/robert-ss\/\">Robert Schiaveto de Souza<\/a><\/li>\n<li style=\"text-align: left\"><a href=\"https:\/\/engenhariacivil.ufms.br\/corpo-docente\/rogerio-prataviera\/\">Rog\u00e9rio Prataviera<\/a><\/li>\n<li style=\"text-align: left\"><a title=\"Sandra Garcia Gabas\" href=\"https:\/\/engenhariacivil.ufms.br\/corpo-docente\/sandra-gg\/\">Sandra Garcia Gabas<\/a><\/li>\n<li style=\"text-align: left\"><a href=\"https:\/\/engenhariacivil.ufms.br\/corpo-docente\/sergio-ov\/\">S\u00e9rgio de Oliveira Vasconcelos<\/a><\/li>\n<li style=\"text-align: left\"><a href=\"https:\/\/engenhariacivil.ufms.br\/corpo-docente\/sergio-m-okano\/\">S\u00e9rgio Massafumi Okano<\/a><\/li>\n<li style=\"text-align: left\"><a href=\"https:\/\/engenhariacivil.ufms.br\/corpo-docente\/sidiclei-formagini\/\">Sidiclei Formagini<\/a><\/li>\n<li style=\"text-align: left\"><a href=\"https:\/\/engenhariacivil.ufms.br\/corpo-docente\/teodorico-as\/\">Teodorico Alves Sobrinho<\/a><\/li>\n<\/ul>\n","protected":false},"excerpt":{"rendered":"<p>Lista de Docentes do Curso de Gradua\u00e7\u00e3o em Engenharia Civil: (Clique para mais informa\u00e7\u00f5es) Ana Paula da Silva Milani Andr\u00e9s Batista Cheung Armando Garcia Arnal Barbedo Arthur Santos Silva Christiane Areias Trindade Cl\u00e1udio Luiz Resta Fragelli Daniel Anijar de Matos David Alex Aranc\u00edbia Suarez Ganem Jean Tebcharani Geovani Ferreira Alves Giovanni Pais Pellizzer F\u00e1bio Ver\u00edssimo [&hellip;]<\/p>\n","protected":false},"author":18957,"featured_media":0,"parent":0,"menu_order":0,"comment_status":"closed","ping_status":"closed","template":"page-templates\/page-coordenadorias.php","meta":{"footnotes":""},"coauthors":[],"class_list":["post-3395","page","type-page","status-publish","hentry"],"_links":{"self":[{"href":"https:\/\/engenhariacivil-faeng.ufms.br\/en\/wp-json\/wp\/v2\/pages\/3395","targetHints":{"allow":["GET"]}}],"collection":[{"href":"https:\/\/engenhariacivil-faeng.ufms.br\/en\/wp-json\/wp\/v2\/pages"}],"about":[{"href":"https:\/\/engenhariacivil-faeng.ufms.br\/en\/wp-json\/wp\/v2\/types\/page"}],"author":[{"embeddable":true,"href":"https:\/\/engenhariacivil-faeng.ufms.br\/en\/wp-json\/wp\/v2\/users\/18957"}],"replies":[{"embeddable":true,"href":"https:\/\/engenhariacivil-faeng.ufms.br\/en\/wp-json\/wp\/v2\/comments?post=3395"}],"version-history":[{"count":1,"href":"https:\/\/engenhariacivil-faeng.ufms.br\/en\/wp-json\/wp\/v2\/pages\/3395\/revisions"}],"predecessor-version":[{"id":3396,"href":"https:\/\/engenhariacivil-faeng.ufms.br\/en\/wp-json\/wp\/v2\/pages\/3395\/revisions\/3396"}],"wp:attachment":[{"href":"https:\/\/engenhariacivil-faeng.ufms.br\/en\/wp-json\/wp\/v2\/media?parent=3395"}],"wp:term":[{"taxonomy":"author","embeddable":true,"href":"https:\/\/engenhariacivil-faeng.ufms.br\/en\/wp-json\/wp\/v2\/coauthors?post=3395"}],"curies":[{"name":"wp","href":"https:\/\/api.w.org\/{rel}","templated":true}]}}