{"id":3585,"date":"2022-02-17T15:19:43","date_gmt":"2022-02-17T19:19:43","guid":{"rendered":"https:\/\/engenhariacivil.ufms.br\/?page_id=3585"},"modified":"2022-03-03T14:40:14","modified_gmt":"2022-03-03T18:40:14","slug":"horarios-2022-1","status":"publish","type":"page","link":"https:\/\/engenhariacivil-faeng.ufms.br\/en\/informacoes-ao-estudante\/horarios-2022-1\/","title":{"rendered":"Hor\u00e1rios 2022.1"},"content":{"rendered":"<p>Abaixo se encontram os hor\u00e1rios das disciplinas do curso de Engenharia Civil para o <strong>semestre de 2022.1<\/strong> em formato de calend\u00e1rio semanal. Para cada semestre do curso s\u00e3o indicados o curso que oferta a disciplina (2102 ou 2111) e as disciplinas, turmas, professores e sala.<\/p>\n<p>Conforme instru\u00e7\u00f5es da UFMS e o Plano de Biosseguran\u00e7a 6.0, <span style=\"text-decoration: underline\">o semestre 2022.1 ser\u00e1 ministrado de forma presencial, com possibilidade de oferta de disciplinas em formato EaD<\/span>. Antes do per\u00edodo de matr\u00edcula, os estudantes ter\u00e3o acesso aos planos de ensino das disciplinas. \u00c9 neste plano de ensino que o docente informar\u00e1 como a disciplina ser\u00e1 ministrada, se ser\u00e1 100% presencial, 100% EaD ou com carga hor\u00e1ria EaD de maneira parcial.<\/p>\n<p><span style=\"color: #ff0000\">VER -&gt;&gt;&gt;<\/span> <a href=\"https:\/\/engenhariacivil.ufms.br\/disciplinas-com-carga-horaria-ead-em-2022-1\/\" target=\"_blank\" rel=\"noopener\">Disciplinas com carga hor\u00e1ria EaD em 2022\/1<\/a><\/p>\n<p>Obs.1: Havendo qualquer altera\u00e7\u00e3o com rela\u00e7\u00e3o \u00e0s informa\u00e7\u00f5es anteriores a coordena\u00e7\u00e3o comunicar\u00e1 aos alunos, docentes e t\u00e9cnicos-administrativos.<\/p>\n<p>Obs.2: Os hor\u00e1rios contemplam a lista de oferta das turmas regulares com a indica\u00e7\u00e3o de turmas alternativas (de outros cursos) que ofertaram vagas para o curso de Engenharia Civil (c\u00f3digos 2102 e\/ou 2111).<\/p>\n<p>Obs.3: O hor\u00e1rio pode sofrer altera\u00e7\u00f5es durante eventualmente \u2013 confirmar os hor\u00e1rios no sistema por ocasi\u00e3o da matr\u00edcula.<\/p>\n<hr \/>\n[gview file=&#8221;https:\/\/engenhariacivil.ufms.br\/files\/2022\/02\/Horario-de-aulas-ECIV-sou-UFMS-2022-12.pdf&#8221;]\n","protected":false},"excerpt":{"rendered":"<p>Abaixo se encontram os hor\u00e1rios das disciplinas do curso de Engenharia Civil para o semestre de 2022.1 em formato de calend\u00e1rio semanal. Para cada semestre do curso s\u00e3o indicados o curso que oferta a disciplina (2102 ou 2111) e as disciplinas, turmas, professores e sala. Conforme instru\u00e7\u00f5es da UFMS e o Plano de Biosseguran\u00e7a 6.0, [&hellip;]<\/p>\n","protected":false},"author":18957,"featured_media":0,"parent":2630,"menu_order":0,"comment_status":"closed","ping_status":"closed","template":"page-templates\/page-coordenadorias.php","meta":{"footnotes":""},"coauthors":[],"class_list":["post-3585","page","type-page","status-publish","hentry"],"_links":{"self":[{"href":"https:\/\/engenhariacivil-faeng.ufms.br\/en\/wp-json\/wp\/v2\/pages\/3585","targetHints":{"allow":["GET"]}}],"collection":[{"href":"https:\/\/engenhariacivil-faeng.ufms.br\/en\/wp-json\/wp\/v2\/pages"}],"about":[{"href":"https:\/\/engenhariacivil-faeng.ufms.br\/en\/wp-json\/wp\/v2\/types\/page"}],"author":[{"embeddable":true,"href":"https:\/\/engenhariacivil-faeng.ufms.br\/en\/wp-json\/wp\/v2\/users\/18957"}],"replies":[{"embeddable":true,"href":"https:\/\/engenhariacivil-faeng.ufms.br\/en\/wp-json\/wp\/v2\/comments?post=3585"}],"version-history":[{"count":4,"href":"https:\/\/engenhariacivil-faeng.ufms.br\/en\/wp-json\/wp\/v2\/pages\/3585\/revisions"}],"predecessor-version":[{"id":3713,"href":"https:\/\/engenhariacivil-faeng.ufms.br\/en\/wp-json\/wp\/v2\/pages\/3585\/revisions\/3713"}],"up":[{"embeddable":true,"href":"https:\/\/engenhariacivil-faeng.ufms.br\/en\/wp-json\/wp\/v2\/pages\/2630"}],"wp:attachment":[{"href":"https:\/\/engenhariacivil-faeng.ufms.br\/en\/wp-json\/wp\/v2\/media?parent=3585"}],"wp:term":[{"taxonomy":"author","embeddable":true,"href":"https:\/\/engenhariacivil-faeng.ufms.br\/en\/wp-json\/wp\/v2\/coauthors?post=3585"}],"curies":[{"name":"wp","href":"https:\/\/api.w.org\/{rel}","templated":true}]}}