{"id":4015,"date":"2022-04-14T11:11:38","date_gmt":"2022-04-14T15:11:38","guid":{"rendered":"https:\/\/engenhariacivil.ufms.br\/?page_id=4015"},"modified":"2022-04-14T11:11:38","modified_gmt":"2022-04-14T15:11:38","slug":"guilherme-henrique-cavazzana","status":"publish","type":"page","link":"https:\/\/engenhariacivil-faeng.ufms.br\/en\/corpo-docente\/guilherme-henrique-cavazzana\/","title":{"rendered":"Guilherme Henrique Cavazzana"},"content":{"rendered":"<p><a href=\"https:\/\/engenhariacivil.ufms.br\/files\/2022\/04\/guilherme-cavazzana-foto.jpg\"><img decoding=\"async\" class=\" wp-image-4016 alignnone\" src=\"https:\/\/engenhariacivil.ufms.br\/files\/2022\/04\/guilherme-cavazzana-foto.jpg\" alt=\"\" width=\"161\" height=\"175\" srcset=\"https:\/\/engenhariacivil-faeng.ufms.br\/files\/2022\/04\/guilherme-cavazzana-foto.jpg 768w, https:\/\/engenhariacivil-faeng.ufms.br\/files\/2022\/04\/guilherme-cavazzana-foto-276x300.jpg 276w, https:\/\/engenhariacivil-faeng.ufms.br\/files\/2022\/04\/guilherme-cavazzana-foto-294x320.jpg 294w\" sizes=\"(max-width: 161px) 100vw, 161px\" \/><\/a><\/p>\n<h2>Professor<\/h2>\n<p>Lattes: <a href=\"http:\/\/lattes.cnpq.br\/0755282331375818\" target=\"_blank\" rel=\"noopener\">http:\/\/lattes.cnpq.br\/0755282331375818<\/a><\/p>\n<h3>Forma\u00e7\u00e3o:<\/h3>\n<ul>\n<li>Gradua\u00e7\u00e3o em Engenharia Ambienta pela Universidade Federal de Mato Grosso do Sul (UFMS, 2008)<\/li>\n<li>Mestrado em Tecnologias Ambientais pela Universidade Federal de Mato Grosso do Sul (UFMS, 2011)<\/li>\n<li>Doutorado em Tecnologias Ambientais pela Universidade Federal de Mato Grosso do Sul (UFMS, 2018)<\/li>\n<\/ul>\n<h3><strong>Disciplinas anteriormente lecionadas:<\/strong><\/h3>\n<ol>\n<li>Topografia<\/li>\n<\/ol>\n<h3><strong>\u00c1reas de Atua\u00e7\u00e3o:<\/strong><\/h3>\n<ol>\n<li>Hidrogeologia<\/li>\n<li>Recursos H\u00eddricos<\/li>\n<li>Conserva\u00e7\u00e3o e Manejo do Solo e da \u00c1gua<\/li>\n<li>Saneamento Ambiental<\/li>\n<li>Sistemas Hidr\u00e1ulicos em Saneamento B\u00e1sico<\/li>\n<li>Educa\u00e7\u00e3o Ambiental<\/li>\n<\/ol>\n<p><strong>Contato<\/strong>: guilherme.cavazzana@ufms.br<\/p>\n","protected":false},"excerpt":{"rendered":"<p>Professor Lattes: http:\/\/lattes.cnpq.br\/0755282331375818 Forma\u00e7\u00e3o: Gradua\u00e7\u00e3o em Engenharia Ambienta pela Universidade Federal de Mato Grosso do Sul (UFMS, 2008) Mestrado em Tecnologias Ambientais pela Universidade Federal de Mato Grosso do Sul (UFMS, 2011) Doutorado em Tecnologias Ambientais pela Universidade Federal de Mato Grosso do Sul (UFMS, 2018) Disciplinas anteriormente lecionadas: Topografia \u00c1reas de Atua\u00e7\u00e3o: Hidrogeologia Recursos [&hellip;]<\/p>\n","protected":false},"author":18957,"featured_media":0,"parent":71,"menu_order":0,"comment_status":"closed","ping_status":"closed","template":"page-templates\/page-coordenadorias.php","meta":{"footnotes":""},"coauthors":[],"class_list":["post-4015","page","type-page","status-publish","hentry"],"_links":{"self":[{"href":"https:\/\/engenhariacivil-faeng.ufms.br\/en\/wp-json\/wp\/v2\/pages\/4015","targetHints":{"allow":["GET"]}}],"collection":[{"href":"https:\/\/engenhariacivil-faeng.ufms.br\/en\/wp-json\/wp\/v2\/pages"}],"about":[{"href":"https:\/\/engenhariacivil-faeng.ufms.br\/en\/wp-json\/wp\/v2\/types\/page"}],"author":[{"embeddable":true,"href":"https:\/\/engenhariacivil-faeng.ufms.br\/en\/wp-json\/wp\/v2\/users\/18957"}],"replies":[{"embeddable":true,"href":"https:\/\/engenhariacivil-faeng.ufms.br\/en\/wp-json\/wp\/v2\/comments?post=4015"}],"version-history":[{"count":1,"href":"https:\/\/engenhariacivil-faeng.ufms.br\/en\/wp-json\/wp\/v2\/pages\/4015\/revisions"}],"predecessor-version":[{"id":4017,"href":"https:\/\/engenhariacivil-faeng.ufms.br\/en\/wp-json\/wp\/v2\/pages\/4015\/revisions\/4017"}],"up":[{"embeddable":true,"href":"https:\/\/engenhariacivil-faeng.ufms.br\/en\/wp-json\/wp\/v2\/pages\/71"}],"wp:attachment":[{"href":"https:\/\/engenhariacivil-faeng.ufms.br\/en\/wp-json\/wp\/v2\/media?parent=4015"}],"wp:term":[{"taxonomy":"author","embeddable":true,"href":"https:\/\/engenhariacivil-faeng.ufms.br\/en\/wp-json\/wp\/v2\/coauthors?post=4015"}],"curies":[{"name":"wp","href":"https:\/\/api.w.org\/{rel}","templated":true}]}}