{"id":4018,"date":"2022-04-14T11:18:33","date_gmt":"2022-04-14T15:18:33","guid":{"rendered":"https:\/\/engenhariacivil.ufms.br\/?page_id=4018"},"modified":"2022-04-14T11:18:33","modified_gmt":"2022-04-14T15:18:33","slug":"josivaldo-godoy-da-silva","status":"publish","type":"page","link":"https:\/\/engenhariacivil-faeng.ufms.br\/en\/corpo-docente\/josivaldo-godoy-da-silva\/","title":{"rendered":"Josivaldo Godoy da Silva"},"content":{"rendered":"<p><a href=\"https:\/\/engenhariacivil.ufms.br\/files\/2022\/04\/josivaldo-godoy-foto.png\"><img decoding=\"async\" class=\" wp-image-4019 alignnone\" src=\"https:\/\/engenhariacivil.ufms.br\/files\/2022\/04\/josivaldo-godoy-foto.png\" alt=\"\" width=\"142\" height=\"142\" \/><\/a><\/p>\n<h2>Professor<\/h2>\n<p>Lattes: <a href=\"http:\/\/lattes.cnpq.br\/0026475828944450\" target=\"_blank\" rel=\"noopener\">http:\/\/lattes.cnpq.br\/0026475828944450<\/a><\/p>\n<h3>Forma\u00e7\u00e3o:<\/h3>\n<ul>\n<li>Gradua\u00e7\u00e3o em Engenharia El\u00e9trica pela Universidade Estadual Paulista J\u00falio de Mesquita Filho (UNESP, 1994)<\/li>\n<li>Mestrado em Engenharia El\u00e9trica pela Universidade Estadual Paulista J\u00falio de Mesquita Filho (UNESP, 1998)<\/li>\n<li>Doutorado em Engenharia El\u00e9trica pela Universidade Estadual Paulista J\u00falio de Mesquita Filho (UNESP, 2004)<\/li>\n<li>P\u00f3s-Doutorado pela Universidade Estadual Paulista J\u00falio de Mesquita Filho (UNESP, 2007)<\/li>\n<li>P\u00f3s-Doutorado pela Universidade Federal de Mato Grosso do Sul (UFMS, 2009)<\/li>\n<\/ul>\n<h3><strong>Disciplinas anteriormente lecionadas:<\/strong><\/h3>\n<ol>\n<li>Eletricidade<\/li>\n<li>Cidades Inteligentes do S\u00e9culo XXI<\/li>\n<\/ol>\n<h3><strong>\u00c1reas de Atua\u00e7\u00e3o:<\/strong><\/h3>\n<ol>\n<li>Engenharia Biom\u00e9dica<\/li>\n<li>Tecnologia Assistiva<\/li>\n<li>Engenharia de Reabilita\u00e7\u00e3o<\/li>\n<li>Controle e Instrumenta\u00e7\u00e3o industrial<\/li>\n<li>Engenharia Biom\u00e9dica<\/li>\n<li>Automa\u00e7\u00e3o e Controle<\/li>\n<li>Mecatr\u00f4nica<\/li>\n<li>Sensores<\/li>\n<\/ol>\n<p><strong>Contato<\/strong>: josivaldo.silva@ufms.br<\/p>\n","protected":false},"excerpt":{"rendered":"<p>Professor Lattes: http:\/\/lattes.cnpq.br\/0026475828944450 Forma\u00e7\u00e3o: Gradua\u00e7\u00e3o em Engenharia El\u00e9trica pela Universidade Estadual Paulista J\u00falio de Mesquita Filho (UNESP, 1994) Mestrado em Engenharia El\u00e9trica pela Universidade Estadual Paulista J\u00falio de Mesquita Filho (UNESP, 1998) Doutorado em Engenharia El\u00e9trica pela Universidade Estadual Paulista J\u00falio de Mesquita Filho (UNESP, 2004) P\u00f3s-Doutorado pela Universidade Estadual Paulista J\u00falio de Mesquita Filho [&hellip;]<\/p>\n","protected":false},"author":18957,"featured_media":0,"parent":71,"menu_order":0,"comment_status":"closed","ping_status":"closed","template":"page-templates\/page-coordenadorias.php","meta":{"footnotes":""},"coauthors":[],"class_list":["post-4018","page","type-page","status-publish","hentry"],"_links":{"self":[{"href":"https:\/\/engenhariacivil-faeng.ufms.br\/en\/wp-json\/wp\/v2\/pages\/4018","targetHints":{"allow":["GET"]}}],"collection":[{"href":"https:\/\/engenhariacivil-faeng.ufms.br\/en\/wp-json\/wp\/v2\/pages"}],"about":[{"href":"https:\/\/engenhariacivil-faeng.ufms.br\/en\/wp-json\/wp\/v2\/types\/page"}],"author":[{"embeddable":true,"href":"https:\/\/engenhariacivil-faeng.ufms.br\/en\/wp-json\/wp\/v2\/users\/18957"}],"replies":[{"embeddable":true,"href":"https:\/\/engenhariacivil-faeng.ufms.br\/en\/wp-json\/wp\/v2\/comments?post=4018"}],"version-history":[{"count":1,"href":"https:\/\/engenhariacivil-faeng.ufms.br\/en\/wp-json\/wp\/v2\/pages\/4018\/revisions"}],"predecessor-version":[{"id":4020,"href":"https:\/\/engenhariacivil-faeng.ufms.br\/en\/wp-json\/wp\/v2\/pages\/4018\/revisions\/4020"}],"up":[{"embeddable":true,"href":"https:\/\/engenhariacivil-faeng.ufms.br\/en\/wp-json\/wp\/v2\/pages\/71"}],"wp:attachment":[{"href":"https:\/\/engenhariacivil-faeng.ufms.br\/en\/wp-json\/wp\/v2\/media?parent=4018"}],"wp:term":[{"taxonomy":"author","embeddable":true,"href":"https:\/\/engenhariacivil-faeng.ufms.br\/en\/wp-json\/wp\/v2\/coauthors?post=4018"}],"curies":[{"name":"wp","href":"https:\/\/api.w.org\/{rel}","templated":true}]}}