{"id":4024,"date":"2022-04-14T11:31:09","date_gmt":"2022-04-14T15:31:09","guid":{"rendered":"https:\/\/engenhariacivil.ufms.br\/?page_id=4024"},"modified":"2024-01-24T09:50:25","modified_gmt":"2024-01-24T13:50:25","slug":"valeria-ramos-baltazar-quevedo","status":"publish","type":"page","link":"https:\/\/engenhariacivil-faeng.ufms.br\/en\/corpo-docente\/valeria-ramos-baltazar-quevedo\/","title":{"rendered":"Val\u00e9ria Ramos Baltazar Quevedo"},"content":{"rendered":"<p><a href=\"https:\/\/engenhariacivil.ufms.br\/files\/2022\/04\/valeria-baltazar-foto.jpg\"><img decoding=\"async\" class=\" wp-image-4025 alignnone\" src=\"https:\/\/engenhariacivil.ufms.br\/files\/2022\/04\/valeria-baltazar-foto.jpg\" alt=\"\" width=\"170\" height=\"154\" srcset=\"https:\/\/engenhariacivil-faeng.ufms.br\/files\/2022\/04\/valeria-baltazar-foto.jpg 1180w, https:\/\/engenhariacivil-faeng.ufms.br\/files\/2022\/04\/valeria-baltazar-foto-300x270.jpg 300w, https:\/\/engenhariacivil-faeng.ufms.br\/files\/2022\/04\/valeria-baltazar-foto-1024x922.jpg 1024w, https:\/\/engenhariacivil-faeng.ufms.br\/files\/2022\/04\/valeria-baltazar-foto-768x692.jpg 768w, https:\/\/engenhariacivil-faeng.ufms.br\/files\/2022\/04\/valeria-baltazar-foto-355x320.jpg 355w\" sizes=\"(max-width: 170px) 100vw, 170px\" \/><\/a><\/p>\n<h2>Professora<\/h2>\n<p>Lattes: <a href=\"http:\/\/lattes.cnpq.br\/7525169921357112\" target=\"_blank\" rel=\"noopener\">http:\/\/lattes.cnpq.br\/7525169921357112<\/a><\/p>\n<h3>Forma\u00e7\u00e3o:<\/h3>\n<ul>\n<li>Gradua\u00e7\u00e3o em Engenharia Civil pela Universidade Federal de Mato Grosso do Sul (UFMS, 2008)<\/li>\n<li>Mestrado em Engenharia Civil pela Universidade Tecnol\u00f3gica Federal do Paran\u00e1 (UTFPR, 2013)<\/li>\n<li>Doutorado em Ensino de Ci\u00eancias pela Universidade Federal de Mato Grosso do Sul (UFMS, 2022)<\/li>\n<\/ul>\n<h3><strong>Disciplinas anteriormente lecionadas:<\/strong><\/h3>\n<ol>\n<li>Materiais de Constru\u00e7\u00e3o Civil I<\/li>\n<\/ol>\n<h3><strong>\u00c1reas de Atua\u00e7\u00e3o:<\/strong><\/h3>\n<ol>\n<li>Processos construtivos<\/li>\n<li>Ci\u00eancias ambientais<\/li>\n<li>Materiais e componentes da constru\u00e7\u00e3o<\/li>\n<\/ol>\n<p><strong>Contato<\/strong>: valeria.baltazar@ufms.br<\/p>\n","protected":false},"excerpt":{"rendered":"<p>Professora Lattes: http:\/\/lattes.cnpq.br\/7525169921357112 Forma\u00e7\u00e3o: Gradua\u00e7\u00e3o em Engenharia Civil pela Universidade Federal de Mato Grosso do Sul (UFMS, 2008) Mestrado em Engenharia Civil pela Universidade Tecnol\u00f3gica Federal do Paran\u00e1 (UTFPR, 2013) Doutorado em Ensino de Ci\u00eancias pela Universidade Federal de Mato Grosso do Sul (UFMS, 2022) Disciplinas anteriormente lecionadas: Materiais de Constru\u00e7\u00e3o Civil I \u00c1reas de [&hellip;]<\/p>\n","protected":false},"author":18957,"featured_media":0,"parent":71,"menu_order":0,"comment_status":"closed","ping_status":"closed","template":"page-templates\/page-coordenadorias.php","meta":{"footnotes":""},"coauthors":[],"class_list":["post-4024","page","type-page","status-publish","hentry"],"_links":{"self":[{"href":"https:\/\/engenhariacivil-faeng.ufms.br\/en\/wp-json\/wp\/v2\/pages\/4024","targetHints":{"allow":["GET"]}}],"collection":[{"href":"https:\/\/engenhariacivil-faeng.ufms.br\/en\/wp-json\/wp\/v2\/pages"}],"about":[{"href":"https:\/\/engenhariacivil-faeng.ufms.br\/en\/wp-json\/wp\/v2\/types\/page"}],"author":[{"embeddable":true,"href":"https:\/\/engenhariacivil-faeng.ufms.br\/en\/wp-json\/wp\/v2\/users\/18957"}],"replies":[{"embeddable":true,"href":"https:\/\/engenhariacivil-faeng.ufms.br\/en\/wp-json\/wp\/v2\/comments?post=4024"}],"version-history":[{"count":4,"href":"https:\/\/engenhariacivil-faeng.ufms.br\/en\/wp-json\/wp\/v2\/pages\/4024\/revisions"}],"predecessor-version":[{"id":4910,"href":"https:\/\/engenhariacivil-faeng.ufms.br\/en\/wp-json\/wp\/v2\/pages\/4024\/revisions\/4910"}],"up":[{"embeddable":true,"href":"https:\/\/engenhariacivil-faeng.ufms.br\/en\/wp-json\/wp\/v2\/pages\/71"}],"wp:attachment":[{"href":"https:\/\/engenhariacivil-faeng.ufms.br\/en\/wp-json\/wp\/v2\/media?parent=4024"}],"wp:term":[{"taxonomy":"author","embeddable":true,"href":"https:\/\/engenhariacivil-faeng.ufms.br\/en\/wp-json\/wp\/v2\/coauthors?post=4024"}],"curies":[{"name":"wp","href":"https:\/\/api.w.org\/{rel}","templated":true}]}}