{"id":4027,"date":"2022-04-14T11:38:04","date_gmt":"2022-04-14T15:38:04","guid":{"rendered":"https:\/\/engenhariacivil.ufms.br\/?page_id=4027"},"modified":"2022-04-14T11:38:04","modified_gmt":"2022-04-14T15:38:04","slug":"paula-de-melo-rodrigues","status":"publish","type":"page","link":"https:\/\/engenhariacivil-faeng.ufms.br\/en\/corpo-docente\/paula-de-melo-rodrigues\/","title":{"rendered":"Paula de Melo Rodrigues"},"content":{"rendered":"<p>&nbsp;<\/p>\n<h2>Professora Assistente<\/h2>\n<p>Lattes: <a href=\"http:\/\/lattes.cnpq.br\/7081325522018406\" target=\"_blank\" rel=\"noopener\">http:\/\/lattes.cnpq.br\/7081325522018406<\/a><\/p>\n<h3>Forma\u00e7\u00e3o:<\/h3>\n<ul>\n<li>Gradua\u00e7\u00e3o em Produ\u00e7\u00e3o Cultural pela Universidade Federal Fluminense (UFF, 2008)<\/li>\n<li>Gradua\u00e7\u00e3o em Inova\u00e7\u00e3o e Empreendedorismo pela Universidade Federal Fluminense (UFF, 2010)<\/li>\n<li>Gradua\u00e7\u00e3o em Administra\u00e7\u00e3o Faculdade Paulista S\u00e3o Jos\u00e9 (FPS, 2013)<\/li>\n<li>Especializa\u00e7\u00e3o em MBA em Organiza\u00e7\u00f5es e Estrat\u00e9gia pela Universidade Federal Fluminense (UFF, 2010)<\/li>\n<li>Mestrado em Sistemas de Gest\u00e3o pela Universidade Federal Fluminense (UFF, 2013)<\/li>\n<\/ul>\n<h3><strong>Disciplinas anteriormente lecionadas:<\/strong><\/h3>\n<ol>\n<li>Empreendedorismo e Inova\u00e7\u00e3o Tecnol\u00f3gica<\/li>\n<li>Fundamentos da Administra\u00e7\u00e3o<\/li>\n<li>Fundamentos de Economia<\/li>\n<\/ol>\n<h3><strong>\u00c1reas de Atua\u00e7\u00e3o:<\/strong><\/h3>\n<ol>\n<li>Empreendedorismo e Inova\u00e7\u00e3o<\/li>\n<li>Mercadologia<\/li>\n<li>Gest\u00e3o de Projetos<\/li>\n<\/ol>\n<p><strong>Contato<\/strong>: paula.melo@ufms.br<\/p>\n","protected":false},"excerpt":{"rendered":"<p>&nbsp; Professora Assistente Lattes: http:\/\/lattes.cnpq.br\/7081325522018406 Forma\u00e7\u00e3o: Gradua\u00e7\u00e3o em Produ\u00e7\u00e3o Cultural pela Universidade Federal Fluminense (UFF, 2008) Gradua\u00e7\u00e3o em Inova\u00e7\u00e3o e Empreendedorismo pela Universidade Federal Fluminense (UFF, 2010) Gradua\u00e7\u00e3o em Administra\u00e7\u00e3o Faculdade Paulista S\u00e3o Jos\u00e9 (FPS, 2013) Especializa\u00e7\u00e3o em MBA em Organiza\u00e7\u00f5es e Estrat\u00e9gia pela Universidade Federal Fluminense (UFF, 2010) Mestrado em Sistemas de Gest\u00e3o pela [&hellip;]<\/p>\n","protected":false},"author":18957,"featured_media":0,"parent":71,"menu_order":0,"comment_status":"closed","ping_status":"closed","template":"page-templates\/page-coordenadorias.php","meta":{"footnotes":""},"coauthors":[],"class_list":["post-4027","page","type-page","status-publish","hentry"],"_links":{"self":[{"href":"https:\/\/engenhariacivil-faeng.ufms.br\/en\/wp-json\/wp\/v2\/pages\/4027","targetHints":{"allow":["GET"]}}],"collection":[{"href":"https:\/\/engenhariacivil-faeng.ufms.br\/en\/wp-json\/wp\/v2\/pages"}],"about":[{"href":"https:\/\/engenhariacivil-faeng.ufms.br\/en\/wp-json\/wp\/v2\/types\/page"}],"author":[{"embeddable":true,"href":"https:\/\/engenhariacivil-faeng.ufms.br\/en\/wp-json\/wp\/v2\/users\/18957"}],"replies":[{"embeddable":true,"href":"https:\/\/engenhariacivil-faeng.ufms.br\/en\/wp-json\/wp\/v2\/comments?post=4027"}],"version-history":[{"count":1,"href":"https:\/\/engenhariacivil-faeng.ufms.br\/en\/wp-json\/wp\/v2\/pages\/4027\/revisions"}],"predecessor-version":[{"id":4028,"href":"https:\/\/engenhariacivil-faeng.ufms.br\/en\/wp-json\/wp\/v2\/pages\/4027\/revisions\/4028"}],"up":[{"embeddable":true,"href":"https:\/\/engenhariacivil-faeng.ufms.br\/en\/wp-json\/wp\/v2\/pages\/71"}],"wp:attachment":[{"href":"https:\/\/engenhariacivil-faeng.ufms.br\/en\/wp-json\/wp\/v2\/media?parent=4027"}],"wp:term":[{"taxonomy":"author","embeddable":true,"href":"https:\/\/engenhariacivil-faeng.ufms.br\/en\/wp-json\/wp\/v2\/coauthors?post=4027"}],"curies":[{"name":"wp","href":"https:\/\/api.w.org\/{rel}","templated":true}]}}