{"id":4043,"date":"2022-04-14T12:02:58","date_gmt":"2022-04-14T16:02:58","guid":{"rendered":"https:\/\/engenhariacivil.ufms.br\/?page_id=4043"},"modified":"2025-08-06T09:35:16","modified_gmt":"2025-08-06T13:35:16","slug":"horarios-de-aula","status":"publish","type":"page","link":"https:\/\/engenhariacivil-faeng.ufms.br\/en\/informacoes-ao-estudante\/horarios-de-aula\/","title":{"rendered":"Hor\u00e1rios de aula"},"content":{"rendered":"<p>A seguir se encontram as informa\u00e7\u00f5es com os hor\u00e1rios de aula ao longo dos semestres:<\/p>\n<ul>\n<li><a href=\"https:\/\/engenhariacivil-faeng.ufms.br\/files\/2025\/08\/Horario-de-aulas-ECIV-2025-2_Final-1.pdf\">Lista de oferta e Hor\u00e1rios de aula 2025\/2<\/a>.<\/li>\n<li><a href=\"https:\/\/engenhariacivil-faeng.ufms.br\/lista-de-oferta-e-matricula-do-periodo-de-2025-1\/\">Lista de oferta e Hor\u00e1rios de aula 2025\/1<\/a>.<\/li>\n<li><a href=\"https:\/\/engenhariacivil-faeng.ufms.br\/lista-de-oferta-e-matricula-do-periodo-de-2024-2\/\">Lista de oferta e Hor\u00e1rios de aula 2024\/2<\/a>.<\/li>\n<li><a href=\"https:\/\/engenhariacivil-faeng.ufms.br\/lista-de-oferta-e-matricula-do-periodo-de-2024-1\/\">Lista de oferta e Hor\u00e1rios de aula 2024\/1<\/a>.<\/li>\n<li><a href=\"https:\/\/engenhariacivil-faeng.ufms.br\/lista-de-oferta-e-matricula-do-periodo-de-verao-de-2023-2\/\">Lista de oferta e Hor\u00e1rios de aula de per\u00edodo especial 2023\/2<\/a> (ver\u00e3o).<\/li>\n<li><a href=\"https:\/\/engenhariacivil-faeng.ufms.br\/lista-de-oferta-e-matricula-do-periodo-de-2023-2\/\" target=\"_blank\" rel=\"noopener\">Lista de oferta e Hor\u00e1rios de aula 2023\/2<\/a>.<\/li>\n<li><a href=\"https:\/\/engenhariacivil-faeng.ufms.br\/lista-de-oferta-e-matricula-do-periodo-de-inverno-2023-1\/\" target=\"_blank\" rel=\"noopener\">Lista de oferta e Hor\u00e1rios de aula de per\u00edodo especial 2023\/1 (inverno)<\/a>.<\/li>\n<li><a href=\"https:\/\/engenhariacivil-faeng.ufms.br\/lista-de-oferta-do-periodo-de-2023-1\/\" target=\"_blank\" rel=\"noopener\">Lista de oferta e Hor\u00e1rios de aula 2023\/1<\/a> .<\/li>\n<li><a href=\"https:\/\/engenhariacivil-faeng.ufms.br\/lista-de-oferta-e-matricula-do-periodo-de-verao-2022-2\/\" target=\"_blank\" rel=\"noopener\">Lista de oferta e Hor\u00e1rios de aula de per\u00edodo especial 2022\/2 (ver\u00e3o)<\/a>.<\/li>\n<li><a href=\"https:\/\/engenhariacivil.ufms.br\/lista-de-oferta-do-periodo-de-2022-2\/\" target=\"_blank\" rel=\"noopener\">Lista de oferta e Hor\u00e1rios de aula 2022\/2<\/a> .<\/li>\n<li><a href=\"https:\/\/engenhariacivil.ufms.br\/lista-de-oferta-e-matricula-do-periodo-de-inverno-2022-1\/\" target=\"_blank\" rel=\"noopener\">Lista de oferta e Hor\u00e1rios de aula de per\u00edodo especial 2022\/1 (inverno)<\/a> .<\/li>\n<li><a href=\"https:\/\/engenhariacivil.ufms.br\/informacoes-ao-estudante\/horarios-2022-1\/\" target=\"_blank\" rel=\"noopener\">Lista de oferta e Hor\u00e1rios de aula 2022\/1<\/a> .<\/li>\n<li><a href=\"https:\/\/engenhariacivil.ufms.br\/informacoes-ao-estudante\/horarios-2021-2-verao\/\" target=\"_blank\" rel=\"noopener\">Lista de oferta e Hor\u00e1rios de aula de per\u00edodo especial 2021\/2 (ver\u00e3o)<\/a> .<\/li>\n<li><a href=\"https:\/\/engenhariacivil.ufms.br\/informacoes-ao-estudante\/horarios-2021-2\/\" target=\"_blank\" rel=\"noopener\">Lista de oferta e Hor\u00e1rios de aula 2021\/2<\/a> .<\/li>\n<li><a href=\"https:\/\/engenhariacivil.ufms.br\/informacoes-ao-estudante\/informacoes-ao-estudante-horarios-2021-1\/\" target=\"_blank\" rel=\"noopener\">Lista de oferta e Hor\u00e1rios de aula 2021\/1<\/a> .<\/li>\n<li><a href=\"https:\/\/engenhariacivil.ufms.br\/horarios-2020-2\/\" target=\"_blank\" rel=\"noopener\">Lista de oferta e\u00a0Hor\u00e1rios de aula 2020\/2<\/a> .<\/li>\n<\/ul>\n<p>&nbsp;<\/p>\n","protected":false},"excerpt":{"rendered":"<p>A seguir se encontram as informa\u00e7\u00f5es com os hor\u00e1rios de aula ao longo dos semestres: Lista de oferta e Hor\u00e1rios de aula 2025\/2. Lista de oferta e Hor\u00e1rios de aula 2025\/1. Lista de oferta e Hor\u00e1rios de aula 2024\/2. Lista de oferta e Hor\u00e1rios de aula 2024\/1. Lista de oferta e Hor\u00e1rios de aula de [&hellip;]<\/p>\n","protected":false},"author":18957,"featured_media":4707,"parent":2630,"menu_order":0,"comment_status":"closed","ping_status":"closed","template":"page-templates\/page-coordenadorias.php","meta":{"footnotes":""},"coauthors":[184],"class_list":["post-4043","page","type-page","status-publish","has-post-thumbnail","hentry"],"_links":{"self":[{"href":"https:\/\/engenhariacivil-faeng.ufms.br\/en\/wp-json\/wp\/v2\/pages\/4043","targetHints":{"allow":["GET"]}}],"collection":[{"href":"https:\/\/engenhariacivil-faeng.ufms.br\/en\/wp-json\/wp\/v2\/pages"}],"about":[{"href":"https:\/\/engenhariacivil-faeng.ufms.br\/en\/wp-json\/wp\/v2\/types\/page"}],"author":[{"embeddable":true,"href":"https:\/\/engenhariacivil-faeng.ufms.br\/en\/wp-json\/wp\/v2\/users\/18957"}],"replies":[{"embeddable":true,"href":"https:\/\/engenhariacivil-faeng.ufms.br\/en\/wp-json\/wp\/v2\/comments?post=4043"}],"version-history":[{"count":15,"href":"https:\/\/engenhariacivil-faeng.ufms.br\/en\/wp-json\/wp\/v2\/pages\/4043\/revisions"}],"predecessor-version":[{"id":5053,"href":"https:\/\/engenhariacivil-faeng.ufms.br\/en\/wp-json\/wp\/v2\/pages\/4043\/revisions\/5053"}],"up":[{"embeddable":true,"href":"https:\/\/engenhariacivil-faeng.ufms.br\/en\/wp-json\/wp\/v2\/pages\/2630"}],"wp:featuredmedia":[{"embeddable":true,"href":"https:\/\/engenhariacivil-faeng.ufms.br\/en\/wp-json\/wp\/v2\/media\/4707"}],"wp:attachment":[{"href":"https:\/\/engenhariacivil-faeng.ufms.br\/en\/wp-json\/wp\/v2\/media?parent=4043"}],"wp:term":[{"taxonomy":"author","embeddable":true,"href":"https:\/\/engenhariacivil-faeng.ufms.br\/en\/wp-json\/wp\/v2\/coauthors?post=4043"}],"curies":[{"name":"wp","href":"https:\/\/api.w.org\/{rel}","templated":true}]}}