{"id":622,"date":"2014-02-05T14:20:26","date_gmt":"2014-02-05T17:20:26","guid":{"rendered":"http:\/\/engenhariacivil.draconis.ufms.br\/?page_id=622"},"modified":"2022-01-28T17:09:57","modified_gmt":"2022-01-28T21:09:57","slug":"daniel-am","status":"publish","type":"page","link":"https:\/\/engenhariacivil-faeng.ufms.br\/en\/corpo-docente\/daniel-am\/","title":{"rendered":"Daniel Anijar de Matos"},"content":{"rendered":"<address>\u00a0<\/address>\n<h2>Professor Adjunto III<\/h2>\n<p>Lattes: <a href=\"http:\/\/lattes.cnpq.br\/7218506851037579\" target=\"_blank\" rel=\"noopener\">http:\/\/lattes.cnpq.br\/7218506851037579<\/a><\/p>\n<h3><strong>Forma\u00e7\u00e3o:<\/strong><\/h3>\n<ul>\n<li>Graduado\u00a0em em Engenharia Civil pela Universidade Federal de Mato Grosso do Sul (2004, UFMS)<\/li>\n<li>Mestre em Engenharia de Transportes &#8211; Escola de Engenharia de S\u00e3o Carlos\/ Universidade de S\u00e3o Paulo (2007, EESC\/USP)<\/li>\n<li>Doutor em Engenharia de Transportes &#8211; Escola de Engenharia de S\u00e3o Carlos\/ Universidade de S\u00e3o Paulo (2012, EESC\/USP)<\/li>\n<\/ul>\n<h3><strong>Disciplinas anteriormente lecionadas:<\/strong><\/h3>\n<ol>\n<li>Topografia I<\/li>\n<li>Topografia II<\/li>\n<li>Mec\u00e2nica dos Solos (pr\u00e1tica)<\/li>\n<li>Aeroportos<\/li>\n<li>Ferrovias<\/li>\n<li>T\u00e9cnica e Economia dos Transportes<\/li>\n<li>Engenharia de Tr\u00e1fego<\/li>\n<li>Planejamento Urbano<\/li>\n<li>Planejamento de Transporte<\/li>\n<li>Pesquisa Operacional<\/li>\n<\/ol>\n<h3><strong>\u00c1reas de Atua\u00e7\u00e3o:<\/strong><\/h3>\n<ol>\n<li>Opera\u00e7\u00e3o de Sistemas de Transporte<\/li>\n<li>Log\u00edstica Reversa (Res\u00edduos S\u00f3lidos, Dom\u00e9sticos e Industriais)<\/li>\n<li>Economia dos Transportes<\/li>\n<li>Planejamento e Organiza\u00e7\u00e3o do Sistema de Transporte<\/li>\n<li>Rodovias (Projeto e Constru\u00e7\u00e3o)<\/li>\n<\/ol>\n<p><strong>Contato<\/strong>:\u00a0<span style=\"color: #000000\">daniel.matos@ufms.br<\/span><\/p>\n","protected":false},"excerpt":{"rendered":"<p>\u00a0 Professor Adjunto III Lattes: http:\/\/lattes.cnpq.br\/7218506851037579 Forma\u00e7\u00e3o: Graduado\u00a0em em Engenharia Civil pela Universidade Federal de Mato Grosso do Sul (2004, UFMS) Mestre em Engenharia de Transportes &#8211; Escola de Engenharia de S\u00e3o Carlos\/ Universidade de S\u00e3o Paulo (2007, EESC\/USP) Doutor em Engenharia de Transportes &#8211; Escola de Engenharia de S\u00e3o Carlos\/ Universidade de S\u00e3o Paulo [&hellip;]<\/p>\n","protected":false},"author":141,"featured_media":0,"parent":71,"menu_order":0,"comment_status":"closed","ping_status":"closed","template":"page-templates\/page-coordenadorias.php","meta":{"footnotes":""},"coauthors":[],"class_list":["post-622","page","type-page","status-publish","hentry"],"_links":{"self":[{"href":"https:\/\/engenhariacivil-faeng.ufms.br\/en\/wp-json\/wp\/v2\/pages\/622","targetHints":{"allow":["GET"]}}],"collection":[{"href":"https:\/\/engenhariacivil-faeng.ufms.br\/en\/wp-json\/wp\/v2\/pages"}],"about":[{"href":"https:\/\/engenhariacivil-faeng.ufms.br\/en\/wp-json\/wp\/v2\/types\/page"}],"author":[{"embeddable":true,"href":"https:\/\/engenhariacivil-faeng.ufms.br\/en\/wp-json\/wp\/v2\/users\/141"}],"replies":[{"embeddable":true,"href":"https:\/\/engenhariacivil-faeng.ufms.br\/en\/wp-json\/wp\/v2\/comments?post=622"}],"version-history":[{"count":33,"href":"https:\/\/engenhariacivil-faeng.ufms.br\/en\/wp-json\/wp\/v2\/pages\/622\/revisions"}],"predecessor-version":[{"id":3488,"href":"https:\/\/engenhariacivil-faeng.ufms.br\/en\/wp-json\/wp\/v2\/pages\/622\/revisions\/3488"}],"up":[{"embeddable":true,"href":"https:\/\/engenhariacivil-faeng.ufms.br\/en\/wp-json\/wp\/v2\/pages\/71"}],"wp:attachment":[{"href":"https:\/\/engenhariacivil-faeng.ufms.br\/en\/wp-json\/wp\/v2\/media?parent=622"}],"wp:term":[{"taxonomy":"author","embeddable":true,"href":"https:\/\/engenhariacivil-faeng.ufms.br\/en\/wp-json\/wp\/v2\/coauthors?post=622"}],"curies":[{"name":"wp","href":"https:\/\/api.w.org\/{rel}","templated":true}]}}