{"id":651,"date":"2014-02-06T08:53:00","date_gmt":"2014-02-06T11:53:00","guid":{"rendered":"http:\/\/engenhariacivil.draconis.ufms.br\/?page_id=651"},"modified":"2022-01-28T16:55:22","modified_gmt":"2022-01-28T20:55:22","slug":"andres-bc","status":"publish","type":"page","link":"https:\/\/engenhariacivil-faeng.ufms.br\/en\/corpo-docente\/andres-bc\/","title":{"rendered":"Andr\u00e9s Batista Cheung"},"content":{"rendered":"<address><img decoding=\"async\" class=\"wp-image-1671 alignnone\" src=\"https:\/\/engenhariacivil.ufms.br\/files\/2014\/02\/andr\u00e9s.jpg\" alt=\"\" width=\"119\" height=\"154\" srcset=\"https:\/\/engenhariacivil-faeng.ufms.br\/files\/2014\/02\/andr\u00e9s.jpg 627w, https:\/\/engenhariacivil-faeng.ufms.br\/files\/2014\/02\/andr\u00e9s-233x300.jpg 233w, https:\/\/engenhariacivil-faeng.ufms.br\/files\/2014\/02\/andr\u00e9s-249x320.jpg 249w\" sizes=\"(max-width: 119px) 100vw, 119px\" \/><\/address>\n<h2>Professor Associado<\/h2>\n<p>Lattes: <a href=\"http:\/\/lattes.cnpq.br\/1543643691353412\" target=\"_blank\" rel=\"noopener\">http:\/\/lattes.cnpq.br\/1543643691353412<\/a><\/p>\n<h3><strong>Forma\u00e7\u00e3o:<\/strong><\/h3>\n<ul>\n<li>Graduado em Engenharia Civil pela Universidade Federal de Mato Grosso do Sul (UFMS, 2000)<\/li>\n<li>Mestre em Engenharia de Estruturas &#8211; Escola de Engenharia de S\u00e3o Carlos\/ Universidade de S\u00e3o Paulo (EESC\/USP, 2003)<\/li>\n<li>Doutor em\u00a0Engenharia de Estruturas &#8211; Escola de Engenharia de S\u00e3o Carlos\/ Universidade de S\u00e3o Paulo (EESC\/USP, 2007)<\/li>\n<\/ul>\n<h3><strong>Disciplinas anteriormente lecionadas:<\/strong><\/h3>\n<ol>\n<li>Est\u00e1tica das Estruturas I<\/li>\n<li>Estat\u00edstica<\/li>\n<li>Resist\u00eancia dos Materiais I<\/li>\n<li>Inform\u00e1tica Aplicada ao Desenho de Projeto I<\/li>\n<li>Concreto Armado I<\/li>\n<li>Concreto Armado II<\/li>\n<li>Mec\u00e2nica dos Solos (Laborat\u00f3rio)<\/li>\n<li>Projeto de Edif\u00edcios<\/li>\n<li>Estruturas de Madeiras<\/li>\n<li>Estruturas de concreto, a\u00e7o e madeira<\/li>\n<li>Sistemas Estruturais<\/li>\n<li>Pr\u00e9-Dimensionamento de Estruturas<\/li>\n<li>Pontes de Concreto<\/li>\n<\/ol>\n<h3><strong>\u00c1reas de Atua\u00e7\u00e3o:<\/strong><\/h3>\n<ol>\n<li>Mec\u00e2nica das Estruturas (\u00eanfase em silo)<\/li>\n<li>Estruturas de Madeiras<\/li>\n<li>Estruturas de Concreto<\/li>\n<li>Modelos Estoc\u00e1sticos e Confiabilidade Estrutural<\/li>\n<li>An\u00e1lise experimental de estruturas<\/li>\n<\/ol>\n<p><strong>Contato<\/strong>: <span style=\"color: #000000\"><a style=\"color: #000000\" href=\"mailto:andres.cheung@ufms.br\">andres.cheung@ufms.br<\/a><\/span><b><br \/>\n<\/b><\/p>\n","protected":false},"excerpt":{"rendered":"<p>Professor Associado Lattes: http:\/\/lattes.cnpq.br\/1543643691353412 Forma\u00e7\u00e3o: Graduado em Engenharia Civil pela Universidade Federal de Mato Grosso do Sul (UFMS, 2000) Mestre em Engenharia de Estruturas &#8211; Escola de Engenharia de S\u00e3o Carlos\/ Universidade de S\u00e3o Paulo (EESC\/USP, 2003) Doutor em\u00a0Engenharia de Estruturas &#8211; Escola de Engenharia de S\u00e3o Carlos\/ Universidade de S\u00e3o Paulo (EESC\/USP, 2007) Disciplinas [&hellip;]<\/p>\n","protected":false},"author":141,"featured_media":0,"parent":71,"menu_order":0,"comment_status":"closed","ping_status":"closed","template":"page-templates\/page-coordenadorias.php","meta":{"footnotes":""},"coauthors":[],"class_list":["post-651","page","type-page","status-publish","hentry"],"_links":{"self":[{"href":"https:\/\/engenhariacivil-faeng.ufms.br\/en\/wp-json\/wp\/v2\/pages\/651","targetHints":{"allow":["GET"]}}],"collection":[{"href":"https:\/\/engenhariacivil-faeng.ufms.br\/en\/wp-json\/wp\/v2\/pages"}],"about":[{"href":"https:\/\/engenhariacivil-faeng.ufms.br\/en\/wp-json\/wp\/v2\/types\/page"}],"author":[{"embeddable":true,"href":"https:\/\/engenhariacivil-faeng.ufms.br\/en\/wp-json\/wp\/v2\/users\/141"}],"replies":[{"embeddable":true,"href":"https:\/\/engenhariacivil-faeng.ufms.br\/en\/wp-json\/wp\/v2\/comments?post=651"}],"version-history":[{"count":26,"href":"https:\/\/engenhariacivil-faeng.ufms.br\/en\/wp-json\/wp\/v2\/pages\/651\/revisions"}],"predecessor-version":[{"id":1301,"href":"https:\/\/engenhariacivil-faeng.ufms.br\/en\/wp-json\/wp\/v2\/pages\/651\/revisions\/1301"}],"up":[{"embeddable":true,"href":"https:\/\/engenhariacivil-faeng.ufms.br\/en\/wp-json\/wp\/v2\/pages\/71"}],"wp:attachment":[{"href":"https:\/\/engenhariacivil-faeng.ufms.br\/en\/wp-json\/wp\/v2\/media?parent=651"}],"wp:term":[{"taxonomy":"author","embeddable":true,"href":"https:\/\/engenhariacivil-faeng.ufms.br\/en\/wp-json\/wp\/v2\/coauthors?post=651"}],"curies":[{"name":"wp","href":"https:\/\/api.w.org\/{rel}","templated":true}]}}