{"id":665,"date":"2014-02-06T13:00:43","date_gmt":"2014-02-06T16:00:43","guid":{"rendered":"http:\/\/engenhariacivil.draconis.ufms.br\/?page_id=665"},"modified":"2022-01-28T17:13:51","modified_gmt":"2022-01-28T21:13:51","slug":"fabio-vg","status":"publish","type":"page","link":"https:\/\/engenhariacivil-faeng.ufms.br\/en\/corpo-docente\/fabio-vg\/","title":{"rendered":"F\u00e1bio Ver\u00edssimo Gon\u00e7alves"},"content":{"rendered":"<p><img decoding=\"async\" class=\"alignnone\" src=\"http:\/\/servicosweb.cnpq.br\/wspessoa\/servletrecuperafoto?tipo=1&amp;id=K4773646H4\" alt=\"\" width=\"133\" height=\"177\" \/><\/p>\n<h2>Professor Associado<\/h2>\n<p>Lattes: <a href=\"http:\/\/lattes.cnpq.br\/8133907731850115\" target=\"_blank\" rel=\"noopener\">http:\/\/lattes.cnpq.br\/8133907731850115<\/a><\/p>\n<h3><strong>Forma\u00e7\u00e3o<\/strong><\/h3>\n<ul>\n<li>Graduado em Engenharia Civil pela\u00a0Universidade Anhanguera (Uniderp,\u00a02000)<\/li>\n<li>Mestre em Tecnologias Ambientais\u00a0pela\u00a0Universidade Federal de Mato Grosso do Sul (UFMS, 2005)<\/li>\n<li>Doutor em Engenharia Civil Instituto Superior T\u00e9cnico, IST, Portugal (IST, 2012)<\/li>\n<\/ul>\n<h3><strong>Disciplinas anteriormente lecionadas:<\/strong><\/h3>\n<ol>\n<li>Hidr\u00e1ulica I<\/li>\n<li>Hidr\u00e1ulica II<\/li>\n<li>Hidrologia Geral<\/li>\n<li>Hidrologia Aplicada<\/li>\n<li>Instala\u00e7\u00f5es Hidr\u00e1ulicas Prediais<\/li>\n<li>Inform\u00e1tica Aplicada ao Desenho de Projetos<\/li>\n<\/ol>\n<h3><strong>\u00c1reas e Atua\u00e7\u00e3o<\/strong><\/h3>\n<ol>\n<li>Hidrossedimentologia<\/li>\n<li>Hidr\u00e1ulica<\/li>\n<li>Utiliza\u00e7\u00e3o de novos materiais construtivos<\/li>\n<li>Modela\u00e7\u00e3o em EPANET<\/li>\n<li>Estudos de Efici\u00eancia Hidr\u00e1ulica e Energ\u00e9tica em Redes de Distribui\u00e7\u00e3o de \u00c1gua<\/li>\n<li>Otimiza\u00e7\u00e3o de Sistemas H\u00edbridos Energ\u00e9ticos em SAA<\/li>\n<li>Redes Neurais em SAA<\/li>\n<\/ol>\n<p>Contato:\u00a0<a href=\"mailto:fabio.goncalves@ufms.br\">fabio.goncalves@ufms.br<\/a><\/p>\n<address>\u00a0<\/address>\n","protected":false},"excerpt":{"rendered":"<p>Professor Associado Lattes: http:\/\/lattes.cnpq.br\/8133907731850115 Forma\u00e7\u00e3o Graduado em Engenharia Civil pela\u00a0Universidade Anhanguera (Uniderp,\u00a02000) Mestre em Tecnologias Ambientais\u00a0pela\u00a0Universidade Federal de Mato Grosso do Sul (UFMS, 2005) Doutor em Engenharia Civil Instituto Superior T\u00e9cnico, IST, Portugal (IST, 2012) Disciplinas anteriormente lecionadas: Hidr\u00e1ulica I Hidr\u00e1ulica II Hidrologia Geral Hidrologia Aplicada Instala\u00e7\u00f5es Hidr\u00e1ulicas Prediais Inform\u00e1tica Aplicada ao Desenho de Projetos [&hellip;]<\/p>\n","protected":false},"author":141,"featured_media":0,"parent":71,"menu_order":0,"comment_status":"closed","ping_status":"closed","template":"page-templates\/page-coordenadorias.php","meta":{"footnotes":""},"coauthors":[],"class_list":["post-665","page","type-page","status-publish","hentry"],"_links":{"self":[{"href":"https:\/\/engenhariacivil-faeng.ufms.br\/en\/wp-json\/wp\/v2\/pages\/665","targetHints":{"allow":["GET"]}}],"collection":[{"href":"https:\/\/engenhariacivil-faeng.ufms.br\/en\/wp-json\/wp\/v2\/pages"}],"about":[{"href":"https:\/\/engenhariacivil-faeng.ufms.br\/en\/wp-json\/wp\/v2\/types\/page"}],"author":[{"embeddable":true,"href":"https:\/\/engenhariacivil-faeng.ufms.br\/en\/wp-json\/wp\/v2\/users\/141"}],"replies":[{"embeddable":true,"href":"https:\/\/engenhariacivil-faeng.ufms.br\/en\/wp-json\/wp\/v2\/comments?post=665"}],"version-history":[{"count":16,"href":"https:\/\/engenhariacivil-faeng.ufms.br\/en\/wp-json\/wp\/v2\/pages\/665\/revisions"}],"predecessor-version":[{"id":3491,"href":"https:\/\/engenhariacivil-faeng.ufms.br\/en\/wp-json\/wp\/v2\/pages\/665\/revisions\/3491"}],"up":[{"embeddable":true,"href":"https:\/\/engenhariacivil-faeng.ufms.br\/en\/wp-json\/wp\/v2\/pages\/71"}],"wp:attachment":[{"href":"https:\/\/engenhariacivil-faeng.ufms.br\/en\/wp-json\/wp\/v2\/media?parent=665"}],"wp:term":[{"taxonomy":"author","embeddable":true,"href":"https:\/\/engenhariacivil-faeng.ufms.br\/en\/wp-json\/wp\/v2\/coauthors?post=665"}],"curies":[{"name":"wp","href":"https:\/\/api.w.org\/{rel}","templated":true}]}}