{"id":667,"date":"2014-02-06T13:12:52","date_gmt":"2014-02-06T16:12:52","guid":{"rendered":"http:\/\/engenhariacivil.draconis.ufms.br\/?page_id=667"},"modified":"2022-01-28T17:36:14","modified_gmt":"2022-01-28T21:36:14","slug":"ganem-jt","status":"publish","type":"page","link":"https:\/\/engenhariacivil-faeng.ufms.br\/en\/corpo-docente\/ganem-jt\/","title":{"rendered":"Ganem Jean Tebcharani"},"content":{"rendered":"<p><img decoding=\"async\" class=\"alignnone wp-image-1321\" src=\"https:\/\/engenhariacivil.ufms.br\/files\/2014\/02\/ganem-jt.jpg\" alt=\"\" width=\"154\" height=\"145\" \/><\/p>\n<h2>Professor Assistente<\/h2>\n<p>Lattes: <a href=\"http:\/\/lattes.cnpq.br\/1163970700080112\" target=\"_blank\" rel=\"noopener\">http:\/\/lattes.cnpq.br\/1163970700080112<\/a><\/p>\n<h3><strong>Forma\u00e7\u00e3o:<\/strong><\/h3>\n<ul>\n<li>Graduado em Engenharia Civil pela\u00a0Universidade Federal de Mato Grosso do Sul (UFMS, 2004)<\/li>\n<li>Mestre em Tecnologias Ambientais\u00a0pela Universidade Federal de Mato Grosso do Sul (UFMS, 2007)<\/li>\n<\/ul>\n<h3><strong>Disciplinas anteriormente lecionadas:<\/strong><\/h3>\n<ol>\n<li>C\u00e1lculo I, II e II<\/li>\n<li>Fen\u00f4menos dos Transportes<\/li>\n<li>F\u00edsica I, II e III<\/li>\n<li>Inform\u00e1tica Aplicada ao Desenho de Projeto I<\/li>\n<li>Mec\u00e2nica Geral<\/li>\n<li>M\u00e9todos Num\u00e9ricos<\/li>\n<li>Probabilidade e Estat\u00edstica<\/li>\n<li>Programa\u00e7\u00e3o de Computadores I<\/li>\n<li>Resist\u00eancia dos Materiais I e II<\/li>\n<li>Vetores e Geometria Anal\u00edtica<\/li>\n<li>Est\u00e1tica das Estruturas I e II<\/li>\n<li>Hidr\u00e1ulica I e II<\/li>\n<li>Hidrologia Geral<\/li>\n<li>Instala\u00e7\u00f5es Hidr\u00e1ulicas e Prediais<\/li>\n<li>Complementos de Mec\u00e2nica dos Fluidos<\/li>\n<li>Adutoras e Elevat\u00f3rias<\/li>\n<li>Aproveitamentos Hidr\u00e1ulicos<\/li>\n<li>Aquavias e Dutovias<\/li>\n<li>Efici\u00eancia Energ\u00e9tica em Hidr\u00e1ulica e Saneamento<\/li>\n<li>Equa\u00e7\u00f5es Diferenciais<\/li>\n<li>Hidr\u00e1ulica Computacional<\/li>\n<li>Hidr\u00e1ulica Fluvial<\/li>\n<li>Hidrometria<\/li>\n<li>Maquinas Hidr\u00e1ulicas<\/li>\n<li>Obras Hidr\u00e1ulicas<\/li>\n<\/ol>\n<h3><strong>\u00c1reas de Atua\u00e7\u00e3o:<\/strong><\/h3>\n<ol>\n<li>Hidr\u00e1ulica<\/li>\n<li>Hidrologia<\/li>\n<li>Linguagem de Programa\u00e7\u00e3o<\/li>\n<li>Instala\u00e7\u00f5es Hidr\u00e1ulicas-Sanit\u00e1rias<\/li>\n<li>Recursos H\u00eddricos<\/li>\n<\/ol>\n<p><strong>Contato<\/strong>:\u00a0ganem.tebcharani@ufms.br<\/p>\n","protected":false},"excerpt":{"rendered":"<p>Professor Assistente Lattes: http:\/\/lattes.cnpq.br\/1163970700080112 Forma\u00e7\u00e3o: Graduado em Engenharia Civil pela\u00a0Universidade Federal de Mato Grosso do Sul (UFMS, 2004) Mestre em Tecnologias Ambientais\u00a0pela Universidade Federal de Mato Grosso do Sul (UFMS, 2007) Disciplinas anteriormente lecionadas: C\u00e1lculo I, II e II Fen\u00f4menos dos Transportes F\u00edsica I, II e III Inform\u00e1tica Aplicada ao Desenho de Projeto I Mec\u00e2nica [&hellip;]<\/p>\n","protected":false},"author":141,"featured_media":0,"parent":71,"menu_order":0,"comment_status":"closed","ping_status":"closed","template":"page-templates\/page-coordenadorias.php","meta":{"footnotes":""},"coauthors":[],"class_list":["post-667","page","type-page","status-publish","hentry"],"_links":{"self":[{"href":"https:\/\/engenhariacivil-faeng.ufms.br\/en\/wp-json\/wp\/v2\/pages\/667","targetHints":{"allow":["GET"]}}],"collection":[{"href":"https:\/\/engenhariacivil-faeng.ufms.br\/en\/wp-json\/wp\/v2\/pages"}],"about":[{"href":"https:\/\/engenhariacivil-faeng.ufms.br\/en\/wp-json\/wp\/v2\/types\/page"}],"author":[{"embeddable":true,"href":"https:\/\/engenhariacivil-faeng.ufms.br\/en\/wp-json\/wp\/v2\/users\/141"}],"replies":[{"embeddable":true,"href":"https:\/\/engenhariacivil-faeng.ufms.br\/en\/wp-json\/wp\/v2\/comments?post=667"}],"version-history":[{"count":8,"href":"https:\/\/engenhariacivil-faeng.ufms.br\/en\/wp-json\/wp\/v2\/pages\/667\/revisions"}],"predecessor-version":[{"id":3492,"href":"https:\/\/engenhariacivil-faeng.ufms.br\/en\/wp-json\/wp\/v2\/pages\/667\/revisions\/3492"}],"up":[{"embeddable":true,"href":"https:\/\/engenhariacivil-faeng.ufms.br\/en\/wp-json\/wp\/v2\/pages\/71"}],"wp:attachment":[{"href":"https:\/\/engenhariacivil-faeng.ufms.br\/en\/wp-json\/wp\/v2\/media?parent=667"}],"wp:term":[{"taxonomy":"author","embeddable":true,"href":"https:\/\/engenhariacivil-faeng.ufms.br\/en\/wp-json\/wp\/v2\/coauthors?post=667"}],"curies":[{"name":"wp","href":"https:\/\/api.w.org\/{rel}","templated":true}]}}