{"id":669,"date":"2014-02-06T13:22:18","date_gmt":"2014-02-06T16:22:18","guid":{"rendered":"http:\/\/engenhariacivil.draconis.ufms.br\/?page_id=669"},"modified":"2022-01-28T17:42:11","modified_gmt":"2022-01-28T21:42:11","slug":"isabel-ka","status":"publish","type":"page","link":"https:\/\/engenhariacivil-faeng.ufms.br\/en\/corpo-docente\/isabel-ka\/","title":{"rendered":"Isabel Kaufmann de Almeida"},"content":{"rendered":"<p>&nbsp;<\/p>\n<h2>Professora Adjunta<\/h2>\n<p>Lattes: <a href=\"http:\/\/lattes.cnpq.br\/7494871013945299\" target=\"_blank\" rel=\"noopener\">http:\/\/lattes.cnpq.br\/7494871013945299<\/a><\/p>\n<h3>Forma\u00e7\u00e3o:<\/h3>\n<ul>\n<li>Graduada em Engenharia Civil pela\u00a0Pontif\u00edcia Universidade Cat\u00f3lica do Rio Grande do Sul (PUCRS, 1994)<\/li>\n<li>Especialista em Metodologia do Ensino pela Faculdades Integradas de Fatima do Sul (FIFASUL, 1995)<\/li>\n<li>Mestre em Tecnologias Ambientais pela Universidade Federal de Mato Grosso do Sul (UFMS, 2009)<\/li>\n<li>Doutora em Tecnologias Ambientais<span class=\"ajaxCAPES\"> pela\u00a0Universidade Federal de Mato Grosso do Sul (UFMS, 2014)<\/span><\/li>\n<\/ul>\n<h3><strong>Disciplinas anteriormente lecionadas:<\/strong><\/h3>\n<ol>\n<li>F\u00edsica I, II, III e IV<\/li>\n<li>C\u00e1lculo Diferencial e Integral II e III<\/li>\n<li>\u00c1lgebra Linear<\/li>\n<li>Fen\u00f4menos do Transporte<\/li>\n<li>Resist\u00eancia dos Materiais<\/li>\n<li>Mec\u00e2nica Geral<\/li>\n<li>Mec\u00e2nica dos Flu\u00eddos<\/li>\n<li>Teoria das Estruturas<\/li>\n<li>Hidrologia Aplicada<\/li>\n<li>Concreto I<\/li>\n<li>Funda\u00e7\u00f5es<\/li>\n<li>Ponte<\/li>\n<\/ol>\n<h3><strong>\u00c1reas de Atua\u00e7\u00e3o:<\/strong><\/h3>\n<ol>\n<li>Engenharias \/ \u00c1rea: Engenharia Civil \/ Engenharia Hidr\u00e1ulica \/ Recursos H\u00eddricos, Hidrologia e Modela\u00e7\u00e3o em Bacias Hidrogr\u00e1ficas;<\/li>\n<li>Ensino-Aprendizagem \/ Especialidade: M\u00e9todos e T\u00e9cnicas de Ensino.<\/li>\n<\/ol>\n<p><strong>Contato<\/strong>:\u00a0isabel.almeida@ufms.br<\/p>\n","protected":false},"excerpt":{"rendered":"<p>&nbsp; Professora Adjunta Lattes: http:\/\/lattes.cnpq.br\/7494871013945299 Forma\u00e7\u00e3o: Graduada em Engenharia Civil pela\u00a0Pontif\u00edcia Universidade Cat\u00f3lica do Rio Grande do Sul (PUCRS, 1994) Especialista em Metodologia do Ensino pela Faculdades Integradas de Fatima do Sul (FIFASUL, 1995) Mestre em Tecnologias Ambientais pela Universidade Federal de Mato Grosso do Sul (UFMS, 2009) Doutora em Tecnologias Ambientais pela\u00a0Universidade Federal de [&hellip;]<\/p>\n","protected":false},"author":141,"featured_media":0,"parent":71,"menu_order":0,"comment_status":"closed","ping_status":"closed","template":"page-templates\/page-coordenadorias.php","meta":{"footnotes":""},"coauthors":[],"class_list":["post-669","page","type-page","status-publish","hentry"],"_links":{"self":[{"href":"https:\/\/engenhariacivil-faeng.ufms.br\/en\/wp-json\/wp\/v2\/pages\/669","targetHints":{"allow":["GET"]}}],"collection":[{"href":"https:\/\/engenhariacivil-faeng.ufms.br\/en\/wp-json\/wp\/v2\/pages"}],"about":[{"href":"https:\/\/engenhariacivil-faeng.ufms.br\/en\/wp-json\/wp\/v2\/types\/page"}],"author":[{"embeddable":true,"href":"https:\/\/engenhariacivil-faeng.ufms.br\/en\/wp-json\/wp\/v2\/users\/141"}],"replies":[{"embeddable":true,"href":"https:\/\/engenhariacivil-faeng.ufms.br\/en\/wp-json\/wp\/v2\/comments?post=669"}],"version-history":[{"count":9,"href":"https:\/\/engenhariacivil-faeng.ufms.br\/en\/wp-json\/wp\/v2\/pages\/669\/revisions"}],"predecessor-version":[{"id":3498,"href":"https:\/\/engenhariacivil-faeng.ufms.br\/en\/wp-json\/wp\/v2\/pages\/669\/revisions\/3498"}],"up":[{"embeddable":true,"href":"https:\/\/engenhariacivil-faeng.ufms.br\/en\/wp-json\/wp\/v2\/pages\/71"}],"wp:attachment":[{"href":"https:\/\/engenhariacivil-faeng.ufms.br\/en\/wp-json\/wp\/v2\/media?parent=669"}],"wp:term":[{"taxonomy":"author","embeddable":true,"href":"https:\/\/engenhariacivil-faeng.ufms.br\/en\/wp-json\/wp\/v2\/coauthors?post=669"}],"curies":[{"name":"wp","href":"https:\/\/api.w.org\/{rel}","templated":true}]}}