{"id":672,"date":"2014-02-06T13:29:26","date_gmt":"2014-02-06T16:29:26","guid":{"rendered":"http:\/\/engenhariacivil.draconis.ufms.br\/?page_id=672"},"modified":"2022-01-28T17:45:21","modified_gmt":"2022-01-28T21:45:21","slug":"jose-otavio-se","status":"publish","type":"page","link":"https:\/\/engenhariacivil-faeng.ufms.br\/en\/corpo-docente\/jose-otavio-se\/","title":{"rendered":"Jos\u00e9 Ot\u00e1vio Serr\u00e3o Eleuterio"},"content":{"rendered":"<p>&nbsp;<\/p>\n<h2>Professor Assistente<\/h2>\n<p>Lattes: <a href=\"http:\/\/lattes.cnpq.br\/8650177598545888\" target=\"_blank\" rel=\"noopener\">http:\/\/lattes.cnpq.br\/8650177598545888<\/a><\/p>\n<h3>Forma\u00e7\u00e3o:<\/h3>\n<ul>\n<li>Graduado em Engenharia Civil\u00a0pela Universidade Federal do Amazonas (UFAM, 2010)<\/li>\n<li>Mestre em Engenharia Civil\/Geotecnia\u00a0pela Universidade Federal do Rio de Janeiro (UFRJ, 2013)<\/li>\n<li>Doutorando em Engenharia Civil\/Geotecnia\u00a0pela Universidade Federal do Rio de Janeiro (UFRJ, )<\/li>\n<\/ul>\n<h3><strong>Disciplinas anteriormente lecionadas:<\/strong><\/h3>\n<ol>\n<li>Mec\u00e2nica dos Solos I e II<\/li>\n<li>Funda\u00e7\u00f5es I e II<\/li>\n<\/ol>\n<h3><strong>\u00c1reas de Atua\u00e7\u00e3o:<\/strong><\/h3>\n<ol>\n<li>Simula\u00e7\u00e3o Num\u00e9rica Geot\u00e9cnica<\/li>\n<li>Aterros estaqueados com geogrelhas<\/li>\n<\/ol>\n<p><strong>Contato<\/strong>: otavio.eleuterio@ufms.br<b><br \/>\n<\/b><\/p>\n","protected":false},"excerpt":{"rendered":"<p>&nbsp; Professor Assistente Lattes: http:\/\/lattes.cnpq.br\/8650177598545888 Forma\u00e7\u00e3o: Graduado em Engenharia Civil\u00a0pela Universidade Federal do Amazonas (UFAM, 2010) Mestre em Engenharia Civil\/Geotecnia\u00a0pela Universidade Federal do Rio de Janeiro (UFRJ, 2013) Doutorando em Engenharia Civil\/Geotecnia\u00a0pela Universidade Federal do Rio de Janeiro (UFRJ, ) Disciplinas anteriormente lecionadas: Mec\u00e2nica dos Solos I e II Funda\u00e7\u00f5es I e II \u00c1reas de [&hellip;]<\/p>\n","protected":false},"author":141,"featured_media":0,"parent":71,"menu_order":0,"comment_status":"closed","ping_status":"closed","template":"page-templates\/page-coordenadorias.php","meta":{"footnotes":""},"coauthors":[],"class_list":["post-672","page","type-page","status-publish","hentry"],"_links":{"self":[{"href":"https:\/\/engenhariacivil-faeng.ufms.br\/en\/wp-json\/wp\/v2\/pages\/672","targetHints":{"allow":["GET"]}}],"collection":[{"href":"https:\/\/engenhariacivil-faeng.ufms.br\/en\/wp-json\/wp\/v2\/pages"}],"about":[{"href":"https:\/\/engenhariacivil-faeng.ufms.br\/en\/wp-json\/wp\/v2\/types\/page"}],"author":[{"embeddable":true,"href":"https:\/\/engenhariacivil-faeng.ufms.br\/en\/wp-json\/wp\/v2\/users\/141"}],"replies":[{"embeddable":true,"href":"https:\/\/engenhariacivil-faeng.ufms.br\/en\/wp-json\/wp\/v2\/comments?post=672"}],"version-history":[{"count":11,"href":"https:\/\/engenhariacivil-faeng.ufms.br\/en\/wp-json\/wp\/v2\/pages\/672\/revisions"}],"predecessor-version":[{"id":3501,"href":"https:\/\/engenhariacivil-faeng.ufms.br\/en\/wp-json\/wp\/v2\/pages\/672\/revisions\/3501"}],"up":[{"embeddable":true,"href":"https:\/\/engenhariacivil-faeng.ufms.br\/en\/wp-json\/wp\/v2\/pages\/71"}],"wp:attachment":[{"href":"https:\/\/engenhariacivil-faeng.ufms.br\/en\/wp-json\/wp\/v2\/media?parent=672"}],"wp:term":[{"taxonomy":"author","embeddable":true,"href":"https:\/\/engenhariacivil-faeng.ufms.br\/en\/wp-json\/wp\/v2\/coauthors?post=672"}],"curies":[{"name":"wp","href":"https:\/\/api.w.org\/{rel}","templated":true}]}}