{"id":674,"date":"2014-02-06T13:34:57","date_gmt":"2014-02-06T16:34:57","guid":{"rendered":"http:\/\/engenhariacivil.draconis.ufms.br\/?page_id=674"},"modified":"2020-05-26T19:42:36","modified_gmt":"2020-05-26T23:42:36","slug":"rafael-as","status":"publish","type":"page","link":"https:\/\/engenhariacivil-faeng.ufms.br\/en\/corpo-docente\/rafael-as\/","title":{"rendered":"Rafael Araujo de Sousa"},"content":{"rendered":"<address>\n<table>\n<tbody>\n<tr>\n<th><img decoding=\"async\" class=\"alignnone wp-image-1396\" src=\"https:\/\/engenhariacivil.ufms.br\/files\/2014\/02\/download-1.jpg\" alt=\"\" width=\"140\" height=\"140\" \/><\/th>\n<th><a href=\"http:\/\/lattes.cnpq.br\/3312840272491716\" target=\"_blank\" rel=\"noopener noreferrer\"><img decoding=\"async\" class=\"alignleft\" src=\"http:\/\/engenhariacivil.draconis.ufms.br\/wp-content\/blogs.dir\/65\/files\/2014\/02\/lattesnew-300x122.png\" alt=\"lattesnew\" width=\"144\" height=\"58\" \/><\/a><\/th>\n<\/tr>\n<\/tbody>\n<\/table>\n<\/address>\n<h2>Professor Adjunto A<\/h2>\n<h3><strong>Forma\u00e7\u00e3o:<\/strong><\/h3>\n<ul>\n<li>Gradua\u00e7\u00e3o em Engenharia Civil pela Universidade Federal\u00a0do Par\u00e1 (UFPA, 2005)<\/li>\n<li>Mestre em Engenharia Civil\/Estruturas pela\u00a0Pontif\u00edcia Universidade Cat\u00f3lica do Rio de Janeiro (PUC-Rio, 2007)<\/li>\n<li>Doutor em Engenharia Civil\/Estruturas pela Pontif\u00edcia Universidade Cat\u00f3lica do Rio de Janeiro (PUC-Rio, 2011)<\/li>\n<\/ul>\n<h3>\u00a0<strong>Disciplinas anteriormente lecionadas:<\/strong><\/h3>\n<ol>\n<li>Est\u00e1tica I e II<\/li>\n<li>Resist\u00eancia dos Materiais I, II e III<\/li>\n<li>An\u00e1lise Matricial de Estruturas<\/li>\n<li>Elementos Finitos<\/li>\n<\/ol>\n<h3>\u00a0<strong>\u00c1reas de Atua\u00e7\u00e3o:<\/strong><\/h3>\n<ol>\n<li><a href=\"https:\/\/engenhariacivil.ufms.br\/area-de-atuacao\/estruturas\/\">Estruturas<\/a><\/li>\n<\/ol>\n<p>Contato: <span style=\"color: #000000\">rafael.a.sousa<a style=\"color: #000000\" href=\"rafael.a.sousa@ufms.br\">@<\/a>ufms.br<\/span><\/p>\n<address>\u00a0<\/address>\n","protected":false},"excerpt":{"rendered":"<p>Professor Adjunto A Forma\u00e7\u00e3o: Gradua\u00e7\u00e3o em Engenharia Civil pela Universidade Federal\u00a0do Par\u00e1 (UFPA, 2005) Mestre em Engenharia Civil\/Estruturas pela\u00a0Pontif\u00edcia Universidade Cat\u00f3lica do Rio de Janeiro (PUC-Rio, 2007) Doutor em Engenharia Civil\/Estruturas pela Pontif\u00edcia Universidade Cat\u00f3lica do Rio de Janeiro (PUC-Rio, 2011) \u00a0Disciplinas anteriormente lecionadas: Est\u00e1tica I e II Resist\u00eancia dos Materiais I, II e III [&hellip;]<\/p>\n","protected":false},"author":141,"featured_media":0,"parent":71,"menu_order":0,"comment_status":"closed","ping_status":"closed","template":"","meta":{"footnotes":""},"coauthors":[],"class_list":["post-674","page","type-page","status-publish","hentry"],"_links":{"self":[{"href":"https:\/\/engenhariacivil-faeng.ufms.br\/en\/wp-json\/wp\/v2\/pages\/674","targetHints":{"allow":["GET"]}}],"collection":[{"href":"https:\/\/engenhariacivil-faeng.ufms.br\/en\/wp-json\/wp\/v2\/pages"}],"about":[{"href":"https:\/\/engenhariacivil-faeng.ufms.br\/en\/wp-json\/wp\/v2\/types\/page"}],"author":[{"embeddable":true,"href":"https:\/\/engenhariacivil-faeng.ufms.br\/en\/wp-json\/wp\/v2\/users\/141"}],"replies":[{"embeddable":true,"href":"https:\/\/engenhariacivil-faeng.ufms.br\/en\/wp-json\/wp\/v2\/comments?post=674"}],"version-history":[{"count":14,"href":"https:\/\/engenhariacivil-faeng.ufms.br\/en\/wp-json\/wp\/v2\/pages\/674\/revisions"}],"predecessor-version":[{"id":2335,"href":"https:\/\/engenhariacivil-faeng.ufms.br\/en\/wp-json\/wp\/v2\/pages\/674\/revisions\/2335"}],"up":[{"embeddable":true,"href":"https:\/\/engenhariacivil-faeng.ufms.br\/en\/wp-json\/wp\/v2\/pages\/71"}],"wp:attachment":[{"href":"https:\/\/engenhariacivil-faeng.ufms.br\/en\/wp-json\/wp\/v2\/media?parent=674"}],"wp:term":[{"taxonomy":"author","embeddable":true,"href":"https:\/\/engenhariacivil-faeng.ufms.br\/en\/wp-json\/wp\/v2\/coauthors?post=674"}],"curies":[{"name":"wp","href":"https:\/\/api.w.org\/{rel}","templated":true}]}}