{"id":683,"date":"2014-02-06T14:04:52","date_gmt":"2014-02-06T17:04:52","guid":{"rendered":"http:\/\/engenhariacivil.draconis.ufms.br\/?page_id=683"},"modified":"2020-05-26T19:34:34","modified_gmt":"2020-05-26T23:34:34","slug":"michele-giongo","status":"publish","type":"page","link":"https:\/\/engenhariacivil-faeng.ufms.br\/en\/corpo-docente\/michele-giongo\/","title":{"rendered":"Michele Giongo"},"content":{"rendered":"<address>\n<table>\n<tbody>\n<tr>\n<th><img decoding=\"async\" class=\"alignleft\" src=\"http:\/\/servicosweb.cnpq.br\/wspessoa\/servletrecuperafoto?tipo=1&amp;id=K4751380Z7\" alt=\"\" width=\"120\" height=\"131\" \/><\/th>\n<th><a href=\"http:\/\/lattes.cnpq.br\/1323200822538506\" target=\"_blank\" rel=\"noopener noreferrer\"><img decoding=\"async\" class=\"alignleft\" src=\"http:\/\/engenhariacivil.draconis.ufms.br\/wp-content\/blogs.dir\/65\/files\/2014\/02\/lattesnew-300x122.png\" alt=\"lattesnew\" width=\"144\" height=\"58\" \/><\/a><\/th>\n<\/tr>\n<\/tbody>\n<\/table>\n<\/address>\n<h2>Professora Assistente I<\/h2>\n<h3><strong>Forma\u00e7\u00e3o:<\/strong><\/h3>\n<ul>\n<li>Graduada em Engenharia Civil pela Universidade Federal de Mato Grosso do Sul (UFMS, 2003)<\/li>\n<li>Mestre em Engenharia Civil\/Constru\u00e7\u00e3o Civil pela Universidade Federal de Santa Catarina (UFSC, 2007)<\/li>\n<\/ul>\n<h3><strong>Disciplinas anteriormente lecionadas:<\/strong><\/h3>\n<ol>\n<li>Materiais de Constru\u00e7\u00e3o Civil I<\/li>\n<li>Materiais e T\u00e9cnicas Construtivas I<\/li>\n<li>Materiais e T\u00e9cnicas Construtivas II<\/li>\n<li>Desenho T\u00e9cnico e Arquitet\u00f4nico<\/li>\n<li>Constru\u00e7\u00f5es Rurais<\/li>\n<li>Constru\u00e7\u00e3o Civil<\/li>\n<li>Materiais de Constru\u00e7\u00e3o Civil<\/li>\n<\/ol>\n<h3><strong>\u00c1reas de Atua\u00e7\u00e3o:<\/strong><\/h3>\n<ol>\n<li><a href=\"https:\/\/engenhariacivil.ufms.br\/area-de-atuacao\/materiais-e-componentes-de-construcao\/\">Materiais e Componentes de Constru\u00e7\u00e3o<\/a><\/li>\n<li><a href=\"https:\/\/engenhariacivil.ufms.br\/area-de-atuacao\/processos-construtivos\/\">Processos Construtivos<\/a><\/li>\n<li><a href=\"https:\/\/engenhariacivil.ufms.br\/area-de-atuacao\/construcao-civil\/\">Constru\u00e7\u00e3o Civil<\/a><\/li>\n<li><a href=\"https:\/\/engenhariacivil.ufms.br\/area-de-atuacao\/patologia-das-construcoes\/\">Patologia das Constru\u00e7\u00f5es<\/a><\/li>\n<\/ol>\n<p><strong>Contato<\/strong>:\u00a0<a href=\"mailto:michele.giongo@ufms.br\">michele.giongo@ufms.br<\/a><\/p>\n","protected":false},"excerpt":{"rendered":"<p>Professora Assistente I Forma\u00e7\u00e3o: Graduada em Engenharia Civil pela Universidade Federal de Mato Grosso do Sul (UFMS, 2003) Mestre em Engenharia Civil\/Constru\u00e7\u00e3o Civil pela Universidade Federal de Santa Catarina (UFSC, 2007) Disciplinas anteriormente lecionadas: Materiais de Constru\u00e7\u00e3o Civil I Materiais e T\u00e9cnicas Construtivas I Materiais e T\u00e9cnicas Construtivas II Desenho T\u00e9cnico e Arquitet\u00f4nico Constru\u00e7\u00f5es Rurais [&hellip;]<\/p>\n","protected":false},"author":141,"featured_media":0,"parent":71,"menu_order":0,"comment_status":"closed","ping_status":"closed","template":"","meta":{"footnotes":""},"coauthors":[],"class_list":["post-683","page","type-page","status-publish","hentry"],"_links":{"self":[{"href":"https:\/\/engenhariacivil-faeng.ufms.br\/en\/wp-json\/wp\/v2\/pages\/683","targetHints":{"allow":["GET"]}}],"collection":[{"href":"https:\/\/engenhariacivil-faeng.ufms.br\/en\/wp-json\/wp\/v2\/pages"}],"about":[{"href":"https:\/\/engenhariacivil-faeng.ufms.br\/en\/wp-json\/wp\/v2\/types\/page"}],"author":[{"embeddable":true,"href":"https:\/\/engenhariacivil-faeng.ufms.br\/en\/wp-json\/wp\/v2\/users\/141"}],"replies":[{"embeddable":true,"href":"https:\/\/engenhariacivil-faeng.ufms.br\/en\/wp-json\/wp\/v2\/comments?post=683"}],"version-history":[{"count":9,"href":"https:\/\/engenhariacivil-faeng.ufms.br\/en\/wp-json\/wp\/v2\/pages\/683\/revisions"}],"predecessor-version":[{"id":2325,"href":"https:\/\/engenhariacivil-faeng.ufms.br\/en\/wp-json\/wp\/v2\/pages\/683\/revisions\/2325"}],"up":[{"embeddable":true,"href":"https:\/\/engenhariacivil-faeng.ufms.br\/en\/wp-json\/wp\/v2\/pages\/71"}],"wp:attachment":[{"href":"https:\/\/engenhariacivil-faeng.ufms.br\/en\/wp-json\/wp\/v2\/media?parent=683"}],"wp:term":[{"taxonomy":"author","embeddable":true,"href":"https:\/\/engenhariacivil-faeng.ufms.br\/en\/wp-json\/wp\/v2\/coauthors?post=683"}],"curies":[{"name":"wp","href":"https:\/\/api.w.org\/{rel}","templated":true}]}}