{"id":685,"date":"2014-02-06T14:10:35","date_gmt":"2014-02-06T17:10:35","guid":{"rendered":"http:\/\/engenhariacivil.draconis.ufms.br\/?page_id=685"},"modified":"2020-05-26T19:36:46","modified_gmt":"2020-05-26T23:36:46","slug":"munir-mk","status":"publish","type":"page","link":"https:\/\/engenhariacivil-faeng.ufms.br\/en\/corpo-docente\/munir-mk\/","title":{"rendered":"Munir Mohamed Kassab"},"content":{"rendered":"<table>\n<tbody>\n<tr>\n<th><\/th>\n<th><a href=\"http:\/\/lattes.cnpq.br\/7682423700040317\" target=\"_blank\" rel=\"noopener noreferrer\"><img decoding=\"async\" class=\"alignleft\" src=\"http:\/\/engenhariacivil.draconis.ufms.br\/wp-content\/blogs.dir\/65\/files\/2014\/02\/lattesnew-300x122.png\" alt=\"lattesnew\" width=\"144\" height=\"58\" \/><\/a><\/th>\n<\/tr>\n<\/tbody>\n<\/table>\n<h2>Professor Adjunto IV<\/h2>\n<h3><strong>Forma\u00e7\u00e3o:<\/strong><\/h3>\n<ul>\n<li>Graduado em Telecomunica\u00e7\u00f5es\u00a0pelo Centro de Ensino Superior Pl\u00ednio Mendes\u00a0(CESUP, 1990)<\/li>\n<li>Graduado em Engenharia Civil pela Universidade Federal de Mato Grosso do Sul\u00a0(UFMS, 1999)<\/li>\n<li>Mestre em Engenharia de Estruturas pela Escola de Polit\u00e9cnica da Universidade de S\u00e3o Paulo (EPUSP\/USP, 2005)<\/li>\n<li>Doutor em Engenharia de Estruturas\u00a0pela Escola de Polit\u00e9cnica da Universidade de S\u00e3o Paulo (EPUSP\/USP, 2008)<\/li>\n<\/ul>\n<h3>\u00a0<strong>Disciplinas anteriormente lecionadas:<\/strong><\/h3>\n<ol>\n<li>\u00c1lgebra Linear<\/li>\n<li>An\u00e1lise Matricial de Estruturas<\/li>\n<li>C\u00e1lculo I<\/li>\n<li>C\u00e1lculo II<\/li>\n<li>Concreto Armado I<\/li>\n<li>Estabilidade das Constru\u00e7\u00f5es<\/li>\n<li>Est\u00e1tica I<\/li>\n<li>Est\u00e1tica II<\/li>\n<li>Din\u00e2mica das Estruturas<\/li>\n<li>Mec\u00e2nica para Engenharia<\/li>\n<li>Resist\u00eancia dos Materiais I<\/li>\n<\/ol>\n<h3>\u00a0\u00a0<strong>\u00c1reas de Atua\u00e7\u00e3o:<\/strong><\/h3>\n<ol>\n<li><a href=\"https:\/\/engenhariacivil.ufms.br\/area-de-atuacao\/estruturas-de-concreto\/\">Estruturas de Concreto<\/a><\/li>\n<li><a href=\"https:\/\/engenhariacivil.ufms.br\/area-de-atuacao\/mecanica-das-estruturas\/\">Mec\u00e2nica das Estruturas<\/a><\/li>\n<li><a href=\"https:\/\/engenhariacivil.ufms.br\/area-de-atuacao\/construcao-civil\/\">Constru\u00e7\u00e3o Civil<\/a><\/li>\n<li><a href=\"https:\/\/engenhariacivil.ufms.br\/area-de-atuacao\/dinamica-das-estruturas\/\">Din\u00e2mica das Estruturas<\/a><\/li>\n<\/ol>\n<p>Contato:\u00a0munir.kassab@ufms.br<\/p>\n","protected":false},"excerpt":{"rendered":"<p>Professor Adjunto IV Forma\u00e7\u00e3o: Graduado em Telecomunica\u00e7\u00f5es\u00a0pelo Centro de Ensino Superior Pl\u00ednio Mendes\u00a0(CESUP, 1990) Graduado em Engenharia Civil pela Universidade Federal de Mato Grosso do Sul\u00a0(UFMS, 1999) Mestre em Engenharia de Estruturas pela Escola de Polit\u00e9cnica da Universidade de S\u00e3o Paulo (EPUSP\/USP, 2005) Doutor em Engenharia de Estruturas\u00a0pela Escola de Polit\u00e9cnica da Universidade de S\u00e3o [&hellip;]<\/p>\n","protected":false},"author":141,"featured_media":0,"parent":71,"menu_order":0,"comment_status":"closed","ping_status":"closed","template":"","meta":{"footnotes":""},"coauthors":[],"class_list":["post-685","page","type-page","status-publish","hentry"],"_links":{"self":[{"href":"https:\/\/engenhariacivil-faeng.ufms.br\/en\/wp-json\/wp\/v2\/pages\/685","targetHints":{"allow":["GET"]}}],"collection":[{"href":"https:\/\/engenhariacivil-faeng.ufms.br\/en\/wp-json\/wp\/v2\/pages"}],"about":[{"href":"https:\/\/engenhariacivil-faeng.ufms.br\/en\/wp-json\/wp\/v2\/types\/page"}],"author":[{"embeddable":true,"href":"https:\/\/engenhariacivil-faeng.ufms.br\/en\/wp-json\/wp\/v2\/users\/141"}],"replies":[{"embeddable":true,"href":"https:\/\/engenhariacivil-faeng.ufms.br\/en\/wp-json\/wp\/v2\/comments?post=685"}],"version-history":[{"count":16,"href":"https:\/\/engenhariacivil-faeng.ufms.br\/en\/wp-json\/wp\/v2\/pages\/685\/revisions"}],"predecessor-version":[{"id":2327,"href":"https:\/\/engenhariacivil-faeng.ufms.br\/en\/wp-json\/wp\/v2\/pages\/685\/revisions\/2327"}],"up":[{"embeddable":true,"href":"https:\/\/engenhariacivil-faeng.ufms.br\/en\/wp-json\/wp\/v2\/pages\/71"}],"wp:attachment":[{"href":"https:\/\/engenhariacivil-faeng.ufms.br\/en\/wp-json\/wp\/v2\/media?parent=685"}],"wp:term":[{"taxonomy":"author","embeddable":true,"href":"https:\/\/engenhariacivil-faeng.ufms.br\/en\/wp-json\/wp\/v2\/coauthors?post=685"}],"curies":[{"name":"wp","href":"https:\/\/api.w.org\/{rel}","templated":true}]}}