{"id":71,"date":"2013-04-21T17:02:21","date_gmt":"2013-04-21T21:02:21","guid":{"rendered":"http:\/\/engenhariacivil.draconis.ufms.br\/?page_id=71"},"modified":"2023-01-26T17:11:36","modified_gmt":"2023-01-26T21:11:36","slug":"corpo-docente","status":"publish","type":"page","link":"https:\/\/engenhariacivil-faeng.ufms.br\/en\/corpo-docente\/","title":{"rendered":"Corpo Docente"},"content":{"rendered":"<p>Lista dos docentes do curso de gradua\u00e7\u00e3o em Engenharia Civil (2022 &#8211; atual)<\/p>\n<p>Para informa\u00e7\u00f5es de outros cursos, acessar: &lt; https:\/\/ensino.ufms.br\/docentes\/ &gt;.<\/p>\n","protected":false},"excerpt":{"rendered":"<p>Lista dos docentes do curso de gradua\u00e7\u00e3o em Engenharia Civil (2022 &#8211; atual) Para informa\u00e7\u00f5es de outros cursos, acessar: &lt; https:\/\/ensino.ufms.br\/docentes\/ &gt;.<\/p>\n","protected":false},"author":18957,"featured_media":4709,"parent":0,"menu_order":4,"comment_status":"closed","ping_status":"closed","template":"page-templates\/page-coordenadorias.php","meta":{"footnotes":""},"coauthors":[],"class_list":["post-71","page","type-page","status-publish","has-post-thumbnail","hentry"],"_links":{"self":[{"href":"https:\/\/engenhariacivil-faeng.ufms.br\/en\/wp-json\/wp\/v2\/pages\/71","targetHints":{"allow":["GET"]}}],"collection":[{"href":"https:\/\/engenhariacivil-faeng.ufms.br\/en\/wp-json\/wp\/v2\/pages"}],"about":[{"href":"https:\/\/engenhariacivil-faeng.ufms.br\/en\/wp-json\/wp\/v2\/types\/page"}],"author":[{"embeddable":true,"href":"https:\/\/engenhariacivil-faeng.ufms.br\/en\/wp-json\/wp\/v2\/users\/18957"}],"replies":[{"embeddable":true,"href":"https:\/\/engenhariacivil-faeng.ufms.br\/en\/wp-json\/wp\/v2\/comments?post=71"}],"version-history":[{"count":91,"href":"https:\/\/engenhariacivil-faeng.ufms.br\/en\/wp-json\/wp\/v2\/pages\/71\/revisions"}],"predecessor-version":[{"id":4039,"href":"https:\/\/engenhariacivil-faeng.ufms.br\/en\/wp-json\/wp\/v2\/pages\/71\/revisions\/4039"}],"wp:featuredmedia":[{"embeddable":true,"href":"https:\/\/engenhariacivil-faeng.ufms.br\/en\/wp-json\/wp\/v2\/media\/4709"}],"wp:attachment":[{"href":"https:\/\/engenhariacivil-faeng.ufms.br\/en\/wp-json\/wp\/v2\/media?parent=71"}],"wp:term":[{"taxonomy":"author","embeddable":true,"href":"https:\/\/engenhariacivil-faeng.ufms.br\/en\/wp-json\/wp\/v2\/coauthors?post=71"}],"curies":[{"name":"wp","href":"https:\/\/api.w.org\/{rel}","templated":true}]}}