{"id":77,"date":"2013-04-21T17:09:01","date_gmt":"2013-04-21T21:09:01","guid":{"rendered":"http:\/\/engenhariacivil.draconis.ufms.br\/?page_id=77"},"modified":"2023-01-26T17:07:16","modified_gmt":"2023-01-26T21:07:16","slug":"laboratorios","status":"publish","type":"page","link":"https:\/\/engenhariacivil-faeng.ufms.br\/en\/laboratorios\/","title":{"rendered":"Laborat\u00f3rios"},"content":{"rendered":"<p>Abaixo est\u00e3o as informa\u00e7\u00f5es sobre os\u00a0Laborat\u00f3rios\u00a0vinculados ao curso de Engenharia Civil da FAENG\/UFMS, que realizam atividades diversas de Ensino, Pesquisa e Extens\u00e3o:<\/p>\n<p>&nbsp;<\/p>\n","protected":false},"excerpt":{"rendered":"<p>Abaixo est\u00e3o as informa\u00e7\u00f5es sobre os\u00a0Laborat\u00f3rios\u00a0vinculados ao curso de Engenharia Civil da FAENG\/UFMS, que realizam atividades diversas de Ensino, Pesquisa e Extens\u00e3o: &nbsp;<\/p>\n","protected":false},"author":141,"featured_media":4708,"parent":0,"menu_order":4,"comment_status":"closed","ping_status":"closed","template":"page-templates\/page-coordenadorias.php","meta":{"footnotes":""},"coauthors":[],"class_list":["post-77","page","type-page","status-publish","has-post-thumbnail","hentry"],"_links":{"self":[{"href":"https:\/\/engenhariacivil-faeng.ufms.br\/en\/wp-json\/wp\/v2\/pages\/77","targetHints":{"allow":["GET"]}}],"collection":[{"href":"https:\/\/engenhariacivil-faeng.ufms.br\/en\/wp-json\/wp\/v2\/pages"}],"about":[{"href":"https:\/\/engenhariacivil-faeng.ufms.br\/en\/wp-json\/wp\/v2\/types\/page"}],"author":[{"embeddable":true,"href":"https:\/\/engenhariacivil-faeng.ufms.br\/en\/wp-json\/wp\/v2\/users\/141"}],"replies":[{"embeddable":true,"href":"https:\/\/engenhariacivil-faeng.ufms.br\/en\/wp-json\/wp\/v2\/comments?post=77"}],"version-history":[{"count":30,"href":"https:\/\/engenhariacivil-faeng.ufms.br\/en\/wp-json\/wp\/v2\/pages\/77\/revisions"}],"predecessor-version":[{"id":1660,"href":"https:\/\/engenhariacivil-faeng.ufms.br\/en\/wp-json\/wp\/v2\/pages\/77\/revisions\/1660"}],"wp:featuredmedia":[{"embeddable":true,"href":"https:\/\/engenhariacivil-faeng.ufms.br\/en\/wp-json\/wp\/v2\/media\/4708"}],"wp:attachment":[{"href":"https:\/\/engenhariacivil-faeng.ufms.br\/en\/wp-json\/wp\/v2\/media?parent=77"}],"wp:term":[{"taxonomy":"author","embeddable":true,"href":"https:\/\/engenhariacivil-faeng.ufms.br\/en\/wp-json\/wp\/v2\/coauthors?post=77"}],"curies":[{"name":"wp","href":"https:\/\/api.w.org\/{rel}","templated":true}]}}