{"id":86,"date":"2013-04-21T17:14:57","date_gmt":"2013-04-21T20:14:57","guid":{"rendered":"http:\/\/engenhariacivil.draconis.ufms.br\/?page_id=86"},"modified":"2023-01-26T17:31:10","modified_gmt":"2023-01-26T21:31:10","slug":"historico","status":"publish","type":"page","link":"https:\/\/engenhariacivil-faeng.ufms.br\/en\/curso\/historico\/","title":{"rendered":"Hist\u00f3rico do Curso"},"content":{"rendered":"<p dir=\"ltr\" style=\"text-align: justify\"><img fetchpriority=\"high\" decoding=\"async\" class=\"wp-image-178  aligncenter\" title=\"Est\u00e1dio Pedro Pedrossian - Moren\u00e3o\" src=\"http:\/\/engenhariacivil.draconis.ufms.br\/wp-content\/blogs.dir\/65\/files\/2013\/04\/cgr-29884-postal-estadio-morenao-campo-grande-ms_MLB-O-4566675658_062013_zpsd97ef19a-300x196.jpg\" alt=\"\" width=\"386\" height=\"252\" srcset=\"https:\/\/engenhariacivil-faeng.ufms.br\/files\/2013\/04\/cgr-29884-postal-estadio-morenao-campo-grande-ms_MLB-O-4566675658_062013_zpsd97ef19a-300x196.jpg 300w, https:\/\/engenhariacivil-faeng.ufms.br\/files\/2013\/04\/cgr-29884-postal-estadio-morenao-campo-grande-ms_MLB-O-4566675658_062013_zpsd97ef19a.jpg 500w\" sizes=\"(max-width: 386px) 100vw, 386px\" \/><\/p>\n<p>Moren\u00e3o no final de sua constru\u00e7\u00e3o.<\/p>\n<p dir=\"ltr\">\n<p dir=\"ltr\">\n<p dir=\"ltr\">O Curso de Engenharia Civil da ent\u00e3o Universidade Estadual de Mato Grosso (UEMT) foi autorizado a funcionar pela Resolu\u00e7\u00e3o n.\u00ba 28, do Conselho Estadual de Educa\u00e7\u00e3o, de 4 de abril de 1970, tendo iniciado as suas atividades no 2\u00ba semestre daquele ano, constituindo-se no primeiro dos cursos da \u00e1rea tecnol\u00f3gica.<\/p>\n<p dir=\"ltr\">O pedido de reconhecimento foi enviado ao Conselho Federal de Educa\u00e7\u00e3o, em 1975, tendo sido concedido atrav\u00e9s do Decreto n.\u00ba 78.889, de 6 de dezembro 1976, publicado no DOU, de 7 de dezembro de 1976. Nessa ocasi\u00e3o o Curso oferecia 278 cr\u00e9ditos distribu\u00eddos em 4.170 horas aula, e \u00e9, desde ent\u00e3o, oferecido nos per\u00edodos matutino e vespertino.<\/p>\n<p dir=\"ltr\">Em 1979, a UEMT passou a denominar\u2013se Funda\u00e7\u00e3o Universidade Federal de Mato Grosso do Sul, e o Curso foi lotado no Centro de Ci\u00eancias Exatas e Tecnologia (CCET). A partir de maio de 2013, com a cria\u00e7\u00e3o da Faculdade de Engenharia, Arquitetura e Urbanismo e Geografia (Faeng), o Curso passou a integrar essa Faculdade.<\/p>\n<p dir=\"ltr\">Em 2010, por meio da Resolu\u00e7\u00e3o n.\u00b0 73, de 29 de setembro de 2010, o Conselho Universit\u00e1rio aprovou a cria\u00e7\u00e3o e implanta\u00e7\u00e3o do Curso de Engenharia Civil &#8211; vespertino e noturno, que foi oferecido a partir do primeiro per\u00edodo letivo de 2011. O Curso foi reconhecido por meio da Portaria n.\u00b0 305, de 16 de abril de 2015.<\/p>\n<p dir=\"ltr\">Em 50 anos de exist\u00eancia, o Curso matutino e vespertino j\u00e1 formou cerca de 1510 engenheiros civis, e o Curso vespertino e noturno, em 6 anos de exist\u00eancia, j\u00e1 formou 28 engenheiros civis.<\/p>\n<p dir=\"ltr\">Os acad\u00eamicos do Curso matutino\/vespertino participaram da Avalia\u00e7\u00e3o do Exame Nacional de Cursos (ENC), e da Avalia\u00e7\u00e3o do Exame de Desempenho de Estudantes (Enade), obtendo as notas apresentadas a seguir.<\/p>\n<p dir=\"ltr\">ENC: 1996 &#8211; A ; 1997 &#8211; A ; 1998 &#8211; B ; 1999 &#8211; B; 2000 &#8211; B; 2001 &#8211; B; 2002 &#8211; B; 2003 &#8211; A<\/p>\n<p dir=\"ltr\">Enade: 2005 &#8211; 4; 2008 &#8211; 5; 2011 &#8211; 4; 2014 &#8211; 4; 2017 &#8211; 4; 2019 &#8211; 5<\/p>\n<p dir=\"ltr\">Com o resultado do Enade 2019, o curso matutino\/vespertino se coloca como o melhor Curso de Engenharia Civil do Estado do Mato Grosso do Sul, o segundo melhor curso do Centro-Oeste, o 35\u00ba do ranking nacional e o 28\u00ba dentre as universidades federais. Os acad\u00eamicos do Curso vespertino e noturno participaram do Enade 2017 e 2019 obtendo conceito 4 em ambos os anos. Com o resultado do Enade 2019, o curso matutino\/vespertino se coloca como o segundo melhor curso de Engenharia Civil do Estado do Mato Grosso do Sul, o s\u00e9timo melhor curso do Centro-Oeste, o 70\u00ba do ranking nacional e o 55\u00ba dentre as universidades federais.<\/p>\n<p dir=\"ltr\">O Curso vespertino e noturno recebeu Comiss\u00e3o de Avalia\u00e7\u00e3o Externa para Reconhecimento de Curso em 2015, obtendo como resultado o conceito 4. Em 2019, recebeu Comiss\u00e3o de Avalia\u00e7\u00e3o Externa para Renova\u00e7\u00e3o de Reconhecimento de Curso, recebendo novamente conceito 4. Devido ao progresso cient\u00edfico e tecnol\u00f3gico e as exig\u00eancias do desenvolvimento regional, desde a cria\u00e7\u00e3o do Curso, ocorreram diversas revis\u00f5es da estrutura curricular. Desde ent\u00e3o, professores ligados \u00e0 \u00e1rea t\u00eam sido contratados e os diversos laborat\u00f3rios foram implantados e modernizados: laborat\u00f3rios de ensino para hidr\u00e1ulica, saneamento, mec\u00e2nica dos solos, transportes, materiais de constru\u00e7\u00e3o civil e estruturas, atendendo tamb\u00e9m \u00e0s solicita\u00e7\u00f5es de pesquisa.<\/p>\n<p dir=\"ltr\">Atualmente, o Curso de Engenharia Civil conta com 77 professores, sendo 65 doutores em tempo integral, um doutor em tempo parcial, 11 mestres em tempo integral, 4 mestres em tempo parcial e um especialista em tempo parcial, totalizando 85% de doutores, 15% de mestres e 93% dos docentes em tempo integral.<\/p>\n<p dir=\"ltr\">Com a pol\u00edtica de capacita\u00e7\u00e3o docente da UFMS, desde os anos iniciais do curso, professores j\u00e1 se afastavam para a p\u00f3s-gradua\u00e7\u00e3o. No retorno dos primeiros afastados, foram oferecidos alguns cursos de p\u00f3s-gradua\u00e7\u00e3o, em conv\u00eanio com o Instituto de Pesquisas Hidr\u00e1ulicas (IPH) da Universidade Federal do Rio Grande do Sul (UFRGS), com o CNPq e com a Universidade Federal de Santa Catarina (UFSC).<\/p>\n<p dir=\"ltr\">Primeiramente, foram criados os cursos de p\u00f3s-gradua\u00e7\u00e3o lato sensu, em car\u00e1ter tempor\u00e1rio: Especializa\u00e7\u00e3o em Engenharia Sanit\u00e1ria (1996-1998); Especializa\u00e7\u00e3o em Engenharia de Seguran\u00e7a do Trabalho (1990-1991 e 1998-2000); Especializa\u00e7\u00e3o em Engenharia de Saneamento Ambiental (1999-2000); Especializa\u00e7\u00e3o em Planejamento e Gerenciamento de Recursos H\u00eddricos (2002-2003); Especializa\u00e7\u00e3o em Qualidade da \u00c1gua (2002-2003); Especializa\u00e7\u00e3o em Constru\u00e7\u00e3o Civil (1999-2000); Especializa\u00e7\u00e3o em Gest\u00e3o de Recursos H\u00eddricos (2002-2004) e Especializa\u00e7\u00e3o em Seguran\u00e7a do Trabalho (2003\u20132005).<\/p>\n<p dir=\"ltr\">Em 1999, foi criado o primeiro Programa de P\u00f3s-gradua\u00e7\u00e3o stricto sensu: o Mestrado em Constru\u00e7\u00e3o Civil em conv\u00eanio com a UFSC. Ainda em 1999, foi criado o Programa de P\u00f3s-Gradua\u00e7\u00e3o em Tecnologias Ambientais (PGTA).\u00a0Em 2001, foi credenciado na Capes\/MEC o Curso de Mestrado em Tecnologias Ambientais (Portaria n.\u00b0 1741, de 8 de agosto de 2001 \u2013 DOU no 152 de 09\/08\/2001). Em outubro de 2009, o Conselho T\u00e9cnico-Cient\u00edfico da Educa\u00e7\u00e3o Superior (CTC-ES\/Capes) recomendou o Curso de Doutorado em Tecnologias Ambientais para o PGTA, que foi implementado em mar\u00e7o de 2010.<\/p>\n<p dir=\"ltr\">Em 2012, foi criado o Mestrado Profissional em Efici\u00eancia Energ\u00e9tica e Sustentabilidade, que tem intera\u00e7\u00e3o com outras engenharias, arquitetura, engenharias e f\u00edsica. Em 2014, motivada pela Resolu\u00e7\u00e3o n.\u00ba 269, Coeg, de 1\u00b0 de agosto de 2013, da UFMS, reformulou-se o projeto pedag\u00f3gico, mantendo o atendimento \u00e0s exig\u00eancias da Resolu\u00e7\u00e3o n.\u00b0 11, CNE\/CES, de 11 de Mar\u00e7o de 2002 e do Parecer n.\u00b0 1.362, CNE\/CES, de 12 de Dezembro de 2001. A nova estrutura contemplou tamb\u00e9m as sugest\u00f5es encaminhadas pelos docentes do Curso e dos diversos Institutos e Faculdades da UFMS, que ministram disciplinas no Curso.<\/p>\n<p dir=\"ltr\">A Resolu\u00e7\u00e3o n.\u00ba 269\/2013, Coeg, modificou a dura\u00e7\u00e3o da hora-aula em cursos presenciais, que passou a ser de sessenta minutos, exigindo a adequa\u00e7\u00e3o da matriz curricular que estava baseada em horas-aula de cinquenta minutos.<\/p>\n<p dir=\"ltr\">O Colegiado do Curso de Engenharia Civil, em conjunto com o N\u00facleo Docente Estruturante (NDE), realizou o estudo da nova matriz, aproveitando para fazer altera\u00e7\u00f5es que proporcionassem a melhoria de qualidade do Curso e a adequa\u00e7\u00e3o ao perfil do egresso desejado que vem evoluindo com a evolu\u00e7\u00e3o tecnol\u00f3gica do mercado de trabalho. Esse estudo compreendeu ajustes na lota\u00e7\u00e3o das disciplinas nas Faculdades e Institutos rec\u00e9m-criados; altera\u00e7\u00e3o no semestre de oferecimento de algumas disciplinas; introdu\u00e7\u00e3o de novas disciplinas; altera\u00e7\u00e3o de carga hor\u00e1ria e ementa de algumas disciplinas para melhor forma\u00e7\u00e3o do egresso, ou tamb\u00e9m para tornarem-se similares \u00e0s de outros cursos da FAENG e assim facilitar a oferta para alunos reprovados; introdu\u00e7\u00e3o de novas disciplinas optativas pertencentes a outros cursos para ampliar as op\u00e7\u00f5es de escolha dos alunos. Al\u00e9m disso, o Colegiado procedeu altera\u00e7\u00f5es nas normas de Trabalho de Conclus\u00e3o de<br \/>\nCurso, Est\u00e1gio e de Atividades Complementares.<\/p>\n<p dir=\"ltr\">Em 2017 e 2018, com a migra\u00e7\u00e3o do Projeto Pedag\u00f3gico para o sistema on-line da Universidade Federal de Mato Grosso do Sul, o Colegiado do Curso de Engenharia Civil, em conjunto com o N\u00facleo Docente Estruturante (NDE), realizou as adequa\u00e7\u00f5es necess\u00e1rias para o atendimento das legisla\u00e7\u00f5es que tratam dos Direitos Humanos, da Educa\u00e7\u00e3o das Rela\u00e7\u00f5es \u00e9tnico-raciais e para o ensino de Hist\u00f3ria e Cultura Afro-Brasileira, Africana e Ind\u00edgena (Lei n\u00ba 9394\/96) e da Educa\u00e7\u00e3o Ambiental (Lei n\u00ba 9795\/99 e Decreto n\u00ba 4281\/02). Foram tamb\u00e9m revistas e realizadas as adequa\u00e7\u00f5es na loca\u00e7\u00e3o das disciplinas nos eixos dos conte\u00fados B\u00e1sicos, Profissionalizantes e Espec\u00edficos.<\/p>\n<p dir=\"ltr\">Em 2020, houve nova revis\u00e3o do Projeto Pedag\u00f3gico do Curso em atendimento \u00e0s novas diretrizes curriculares das Engenharias definidas pela Resolu\u00e7\u00e3o n\u00ba 2 de 24 de abril de 2019 CNE\/MEC.<\/p>\n","protected":false},"excerpt":{"rendered":"<p>Moren\u00e3o no final de sua constru\u00e7\u00e3o. O Curso de Engenharia Civil da ent\u00e3o Universidade Estadual de Mato Grosso (UEMT) foi autorizado a funcionar pela Resolu\u00e7\u00e3o n.\u00ba 28, do Conselho Estadual de Educa\u00e7\u00e3o, de 4 de abril de 1970, tendo iniciado as suas atividades no 2\u00ba semestre daquele ano, constituindo-se no primeiro dos cursos da \u00e1rea [&hellip;]<\/p>\n","protected":false},"author":141,"featured_media":0,"parent":57,"menu_order":1,"comment_status":"closed","ping_status":"closed","template":"page-templates\/page-coordenadorias.php","meta":{"footnotes":""},"coauthors":[],"class_list":["post-86","page","type-page","status-publish","hentry"],"_links":{"self":[{"href":"https:\/\/engenhariacivil-faeng.ufms.br\/en\/wp-json\/wp\/v2\/pages\/86","targetHints":{"allow":["GET"]}}],"collection":[{"href":"https:\/\/engenhariacivil-faeng.ufms.br\/en\/wp-json\/wp\/v2\/pages"}],"about":[{"href":"https:\/\/engenhariacivil-faeng.ufms.br\/en\/wp-json\/wp\/v2\/types\/page"}],"author":[{"embeddable":true,"href":"https:\/\/engenhariacivil-faeng.ufms.br\/en\/wp-json\/wp\/v2\/users\/141"}],"replies":[{"embeddable":true,"href":"https:\/\/engenhariacivil-faeng.ufms.br\/en\/wp-json\/wp\/v2\/comments?post=86"}],"version-history":[{"count":19,"href":"https:\/\/engenhariacivil-faeng.ufms.br\/en\/wp-json\/wp\/v2\/pages\/86\/revisions"}],"predecessor-version":[{"id":4712,"href":"https:\/\/engenhariacivil-faeng.ufms.br\/en\/wp-json\/wp\/v2\/pages\/86\/revisions\/4712"}],"up":[{"embeddable":true,"href":"https:\/\/engenhariacivil-faeng.ufms.br\/en\/wp-json\/wp\/v2\/pages\/57"}],"wp:attachment":[{"href":"https:\/\/engenhariacivil-faeng.ufms.br\/en\/wp-json\/wp\/v2\/media?parent=86"}],"wp:term":[{"taxonomy":"author","embeddable":true,"href":"https:\/\/engenhariacivil-faeng.ufms.br\/en\/wp-json\/wp\/v2\/coauthors?post=86"}],"curies":[{"name":"wp","href":"https:\/\/api.w.org\/{rel}","templated":true}]}}