{"id":897,"date":"2015-08-03T16:29:45","date_gmt":"2015-08-03T19:29:45","guid":{"rendered":"http:\/\/engenhariacivil.draconis.ufms.br\/?page_id=897"},"modified":"2015-08-19T16:17:56","modified_gmt":"2015-08-19T19:17:56","slug":"engenharia-civil-45-anos","status":"publish","type":"page","link":"https:\/\/engenhariacivil-faeng.ufms.br\/en\/engenharia-civil-45-anos\/","title":{"rendered":"Engenharia Civil 45 Anos"},"content":{"rendered":"<h2 style=\"text-align: center\"><a href=\"http:\/\/engenhariacivil.draconis.ufms.br\/files\/2015\/08\/Fotos.jpg\"><img fetchpriority=\"high\" decoding=\"async\" class=\"alignnone  wp-image-918\" src=\"http:\/\/engenhariacivil.draconis.ufms.br\/files\/2015\/08\/Fotos-1024x659.jpg\" alt=\"Fotos\" width=\"900\" height=\"579\" srcset=\"https:\/\/engenhariacivil-faeng.ufms.br\/files\/2015\/08\/Fotos-1024x659.jpg 1024w, https:\/\/engenhariacivil-faeng.ufms.br\/files\/2015\/08\/Fotos-300x193.jpg 300w\" sizes=\"(max-width: 900px) 100vw, 900px\" \/><\/a><\/h2>\n<p style=\"text-align: justify\">A Universidade Federal de Mato Grosso do Sul tem a honra de convid\u00e1-lo a participar das atividades de comemora\u00e7\u00e3o dos 45 anos de implanta\u00e7\u00e3o do Curso de Engenharia Civil da Faculdade de Engenharias, Arquitetura e Urbanismo e Geografia<\/p>\n<h5 style=\"text-align: justify\"><a href=\"http:\/\/engenhariacivil.draconis.ufms.br\/?page_id=979\">Discurso do Professor Msc.<strong> Jos\u00e9 Francisco<\/strong><\/a><\/h5>\n<h5 style=\"text-align: justify\"><a href=\"http:\/\/engenhariacivil.draconis.ufms.br\/?page_id=977\">Cr\u00f4nicas do Engenheiro\u00a0<strong>Alexandre Luiz dos Santos Soares<\/strong><\/a><\/h5>\n<h5 style=\"text-align: justify\"><a href=\"https:\/\/www.dropbox.com\/sh\/ddef82bcnyxggtv\/AABmoOKsrC3cxhiXZDdTUCwqa?dl=0\"><img decoding=\"async\" class=\"  wp-image-993 alignright\" src=\"http:\/\/engenhariacivil.draconis.ufms.br\/files\/2015\/08\/download.jpg\" alt=\"download\" width=\"177\" height=\"131\" \/><\/a><\/h5>\n<h2 style=\"text-align: center\"><strong>Programa\u00e7\u00e3o: <a href=\"https:\/\/www.flickr.com\/photos\/engenhariaufms45\/albums\" target=\"_blank\"><img decoding=\"async\" class=\"  wp-image-920 alignright\" src=\"http:\/\/engenhariacivil.draconis.ufms.br\/files\/2015\/08\/m\u00e1quina_arte.jpg\" alt=\"m\u00e1quina_arte\" width=\"140\" height=\"131\" \/><\/a><br \/>\n<\/strong><\/h2>\n<h2 style=\"text-align: center\"><\/h2>\n<h2 style=\"text-align: center\"><\/h2>\n<h6 style=\"text-align: right\"><\/h6>\n<h6 style=\"text-align: right\"><\/h6>\n<p style=\"text-align: left\"><strong>12 de Agosto de 2015 (Quarta-Feira)<\/strong><\/p>\n<p style=\"text-align: left;padding-left: 30px\">19:30h &#8211; Sess\u00e3o Solene<br \/>\nLOCAL: CREA\/MS<br \/>\nORGANIZA\u00c7\u00c3O: Eng. Agr. Dirson Freitag<\/p>\n<p style=\"text-align: left\"><strong>14 de Agosto de 2015 (Sexta-Feira)<\/strong><\/p>\n<p style=\"text-align: left;padding-left: 30px\">08:00h &#8211; Sess\u00e3o Solene<br \/>\nLOCAL: C\u00e2mara Municipal<br \/>\nORGANIZA\u00c7\u00c3O: Vereador Edson Shimabukuro<\/p>\n<p style=\"text-align: left;padding-left: 30px\">19:30h &#8211; Sess\u00e3o Solene<br \/>\nLOCAL: Assembl\u00e9ia Legislativa<br \/>\nORGANIZA\u00c7\u00c3O: Deputado Estadual Paulo Corr\u00eaa<\/p>\n<p style=\"text-align: left\"><strong>15 de Agosto de 2015 (S\u00e1bado)<\/strong><\/p>\n<p style=\"text-align: left;padding-left: 30px\">08:00h &#8211; Descerramento da placa comemorativa<br \/>\nLOCAL: Laborat\u00f3rio de Estruturas &#8211; FAENG\/UFMS<\/p>\n<p style=\"text-align: left;padding-left: 30px\">11:30h &#8211; Confraterniza\u00e7\u00e3o (Feijoada)<br \/>\nLOCAL:\u00a0 Associa\u00e7\u00e3o dos Engenheiros e Arquitetos de<br \/>\nCampo Grande (AEACG)<\/p>\n<h5 style=\"text-align: right\">** Para o envio de fotos e v\u00eddeos utilizem o seguinte email: \u00a0\u00a0<a href=\"mailto:labor09yay@photos.flickr.com\">labor09yay@photos.flickr.com<\/a><\/h5>\n<p style=\"text-align: right\">**Aten\u00e7\u00e3o n\u00e3o enviem as fotos compactadas e caso n\u00e3o tenha o programa &#8220;outlook&#8221;, favor copiar o email!<\/p>\n<p style=\"text-align: left\">\u00a0<a href=\"http:\/\/engenhariacivil.draconis.ufms.br\/?page_id=961\"><img loading=\"lazy\" decoding=\"async\" class=\" size-medium wp-image-959 aligncenter\" src=\"http:\/\/engenhariacivil.draconis.ufms.br\/files\/2015\/08\/bac39adehistc393rias-300x268.png\" alt=\"bac39adehistc393rias\" width=\"300\" height=\"268\" \/><\/a><\/p>\n<p style=\"text-align: center\"><a href=\"http:\/\/engenhariacivil.draconis.ufms.br\/files\/2015\/08\/banner_patrocinio1.jpg\"><img loading=\"lazy\" decoding=\"async\" class=\"alignnone size-large wp-image-991\" src=\"http:\/\/engenhariacivil.draconis.ufms.br\/files\/2015\/08\/banner_patrocinio1-928x1024.jpg\" alt=\"banner_patrocinio\" width=\"928\" height=\"1024\" srcset=\"https:\/\/engenhariacivil-faeng.ufms.br\/files\/2015\/08\/banner_patrocinio1-928x1024.jpg 928w, https:\/\/engenhariacivil-faeng.ufms.br\/files\/2015\/08\/banner_patrocinio1-272x300.jpg 272w\" sizes=\"(max-width: 928px) 100vw, 928px\" \/><\/a><\/p>\n","protected":false},"excerpt":{"rendered":"<p>A Universidade Federal de Mato Grosso do Sul tem a honra de convid\u00e1-lo a participar das atividades de comemora\u00e7\u00e3o dos 45 anos de implanta\u00e7\u00e3o do Curso de Engenharia Civil da Faculdade de Engenharias, Arquitetura e Urbanismo e Geografia Discurso do Professor Msc. Jos\u00e9 Francisco Cr\u00f4nicas do Engenheiro\u00a0Alexandre Luiz dos Santos Soares Programa\u00e7\u00e3o: 12 de Agosto [&hellip;]<\/p>\n","protected":false},"author":1544,"featured_media":0,"parent":0,"menu_order":0,"comment_status":"closed","ping_status":"closed","template":"","meta":{"footnotes":""},"coauthors":[],"class_list":["post-897","page","type-page","status-publish","hentry"],"_links":{"self":[{"href":"https:\/\/engenhariacivil-faeng.ufms.br\/en\/wp-json\/wp\/v2\/pages\/897","targetHints":{"allow":["GET"]}}],"collection":[{"href":"https:\/\/engenhariacivil-faeng.ufms.br\/en\/wp-json\/wp\/v2\/pages"}],"about":[{"href":"https:\/\/engenhariacivil-faeng.ufms.br\/en\/wp-json\/wp\/v2\/types\/page"}],"author":[{"embeddable":true,"href":"https:\/\/engenhariacivil-faeng.ufms.br\/en\/wp-json\/wp\/v2\/users\/1544"}],"replies":[{"embeddable":true,"href":"https:\/\/engenhariacivil-faeng.ufms.br\/en\/wp-json\/wp\/v2\/comments?post=897"}],"version-history":[{"count":62,"href":"https:\/\/engenhariacivil-faeng.ufms.br\/en\/wp-json\/wp\/v2\/pages\/897\/revisions"}],"predecessor-version":[{"id":999,"href":"https:\/\/engenhariacivil-faeng.ufms.br\/en\/wp-json\/wp\/v2\/pages\/897\/revisions\/999"}],"wp:attachment":[{"href":"https:\/\/engenhariacivil-faeng.ufms.br\/en\/wp-json\/wp\/v2\/media?parent=897"}],"wp:term":[{"taxonomy":"author","embeddable":true,"href":"https:\/\/engenhariacivil-faeng.ufms.br\/en\/wp-json\/wp\/v2\/coauthors?post=897"}],"curies":[{"name":"wp","href":"https:\/\/api.w.org\/{rel}","templated":true}]}}