{"id":979,"date":"2015-08-18T10:13:08","date_gmt":"2015-08-18T13:13:08","guid":{"rendered":"http:\/\/engenhariacivil.draconis.ufms.br\/?page_id=979"},"modified":"2019-04-12T10:58:57","modified_gmt":"2019-04-12T14:58:57","slug":"discurso-do-professor-msc-jose-francisco","status":"publish","type":"page","link":"https:\/\/engenhariacivil-faeng.ufms.br\/en\/engenharia-civil-45-anos\/discurso-do-professor-msc-jose-francisco\/","title":{"rendered":"Discurso do Professor Msc. Jos\u00e9 Francisco"},"content":{"rendered":"<p><strong>\u201c O QUE FAZ A ESTRADA? \u00c8 O SONHO. ENQUANTO A GENTE SONHAR, \u00a0A ESTRADA PERMANECER\u00c1 VIVA. \u00c9 PARA ISSO QUE SERVEM OS CAMINHOS, PARA NOS FAZEREM PARENTES DO FUTURO\u201d \u2013 MIA COUTO<\/strong><\/p>\n<p><strong>\u00a0<\/strong>AUTORIDADES PRESENTES, MINHAS SENHORAS, MEUS SENHORES, MEUS QUERIDOS COLEGAS.<\/p>\n<p>ESTA \u00c9 UMA NOITE DE MUITA ALEGRIA. POUCOS IMAGINAM AS DIFICULDADES QUE TIVEMOS PARA CHEGAR AT\u00c9 ESTE MOMENTO. FORAM HORAS E HORAS DE SONO PERDIDO, DE CABELOS BRANQUEANDO E RAREANDO NA CABE\u00c7A, DE MARCHAS E CONTRAMARCHAS, DE INSEGURAN\u00c7AS (SER\u00c1 QUE VAI DAR CERTO?) E TAMBEM, POR QUE N\u00c3O DIZER, DE MUITAS GARRAFAS DE VINHO E CERVEJAS TOMADAS.<\/p>\n<p>PORISSO, COME\u00c7O AGRADECENDO A DEUS, QUE NOS PERMITIU ESTARMOS AQUI HOJE E TAMBEM EM TODOS OS DIAS DESTE REENCONTRO QUE, TENHO CERTEZA, \u00a0\u00a0SER\u00c1 DOS MAIS FELIZES.<\/p>\n<p>CONTINUO EM AGRADECIMENTOS. \u00c0 UNIVERSIDADE FEDERAL DE MATO GROSSO DO SUL NA PESSOA DA REITORA PROFESSORA DOUTORA C\u00c9LIA MARIA SILVA CORR\u00caA OLIVEIRA, AO DIRETOR DA FAENG, PROFESSOR DOUTOR JO\u00c3O ONOFRE PEREIRA PINTO, AO CONSELHO REGIONAL DE ENGENHARIA E AGRONOMIA, PELO SEU PRESIDENTE ENGENHEIRO AGRON\u00d4MO DIRSON FREITAG, \u00c0 ASSOCIA\u00c7\u00c3O DOS ENGENHEIROS E ARQUITETOS DE CAMPO GRANDE, ATRAV\u00c9S DE SEU PRESIDENTE, ENGENHEIRO CIVIL M\u00daCIO TEIXEIRA, AO PRESIDENTE DO SINDUCON\/MS, ENGENHEIRO CIVIL AMARILDO MIRANDA NETO, AO VEREADOR E ENGENHEIRO CIVIL EDSON SHIMABUKURO, TAMBEM PRESIDENTE DO SINDICATO DOS ENGENHEIROS DE MATO GROSSO DO SUL, AO DEPUTADO ESTADUAL ENGENHEIRO CIVIL PAULO CORR\u00caA. GRA\u00c7AS AO APOIO DESTAS PESSOAS E ENTIDADES, CONSEGUIMOS REALIZAR ESTAS SOLENIDADES DE COMEMORA\u00c7\u00c3O DOS 45 ANOS DE IMPLANTA\u00c7\u00c3O DO CURSO DE ENGENHARIA CIVL DA UFMS.<\/p>\n<p>AOS NOSSOS PATROCINADORES E COLABORADORES, QUE N\u00c3O MEDIRAM ESFOR\u00c7OS NEM TIVERAM D\u00d3 DO BOLSO, PERMITINDO QUE ESTA CONFRATERNIZA\u00c7\u00c3O TENHA A GRANDEZA QUE MERECE, DE TODO O CORA\u00c7\u00c3O, OS NOSSOS AGRADECIMENTOS.<\/p>\n<p>O CURSO DE ENGENHARIA CIVIL, QUE ESTE ANO COMPLETA 45 ANOS DE CRIA\u00c7\u00c3O, FOI AUTORIZADO A FUNCIONAR ATRAV\u00c9S DA RESOLU\u00c7\u00c3O N<sup>o<\/sup>. 280, DO CONSELHO ESTADUAL DE EDUCA\u00c7\u00c3O, DATADA DE 04 DE ABRIL DE 1970.<\/p>\n<p>EM 12 DE MAIO, O GOVERNADOR DO ESTADO, ENGENHEIRO PEDRO PEDROSSIAN, DESIGNOU O ENGENHEIRO ELETRICISTA KERMAN JOS\u00c9 MACHADO PARA RESPONDER PELO CARGO DE DIRETOR DO CURSO, AUTORIZANDO-O A CONTRATAR DOCENTES, SECRET\u00c1RIA E DEMAIS FUNCION\u00c1RIOS, EM CONSONANCIA COM A LEGISLA\u00c7\u00c3O VIGENTE.<\/p>\n<p>DE CONFORMIDADE COM A PORTARIA P\/CTEE\/01\/70, O DIRETOR DESIGNOU OS ENGENHEIROS DO GOVERNO DO ESTADO: S\u00c9RGIO DE ALMEIDA BONFIM, NELSON RIEDEL, NILSON THEODORO DE FARIA E EUCLYDES DE OLIVEIRA, PERTENCENTES A CODEMAT E SANEMAT, PARA, SOB A PRESID\u00caNCIA DO PRIMEIRO, CONSTITUIREM O GRUPO DE TRABALHO QUE DEVERIA ORGANIZAR, JULGAR E CLASSIFICAR, EM COMUM ACORDO COM AS BANCAS EXAMINADORAS, OS EXAMES E RESULTADOS DO PRIMEIRO CONCURSO VESTIBULAR.<\/p>\n<p>OS EXAMES FORAM REALIZADOS EM 1\u00ba. DE AGOSTO, A PARTIR DAS 8 HORAS, NO RESTAURANTE UNIVERSIT\u00c1RIO.<\/p>\n<p>AS BANCAS EXAMINADORAS FORAM ASSIM CONSTITUIDAS:<\/p>\n<p>&#8211; PORTUGU\u00caS: KERMAN JOS\u00c9 MACHADO, NILSON THEODORO DE FARIA E ELZA MONTEIRO LEITE (PRESIDENTE).<\/p>\n<p>&#8211; INGL\u00caS: HUGO JOS\u00c9 BONFIM, KERMAN JOS\u00c9 MACHADO, TEREZINHA RAZUK (PRESIDENTE).<\/p>\n<p>&#8211; \u00c1LGEBRA E GEOMETRIA ANALITICA: LUIZ GONZAGA MACHADO E MENDON\u00c7A, NELSON RIEDEL, S\u00c9RGIO DE ALMEIDA BONFIM (PRESIDENTE).<\/p>\n<p>&#8211; GEOMETRIA E TRIGONOMETRIA: NILSON THEODORO DE FARIA, JURANDIR SANTANA NOGUEIRA E S\u00c9RGIO DE ALMEIDA BONFIM (PRESIDENTE)<\/p>\n<p>&#8211; F\u00cdSICA: NELSON RIEDEL, NICOMEDES REZENDE, HUGO JOS\u00c9 BONFIM E LUIZ GONZAGA MACHADO MENDON\u00c7A (PRESIDENTE)<\/p>\n<p>&#8211; GEOMETRIA DESCRITIVA: NELSON RIEDEL, S\u00c9RGIO DE ALMEIDA BONFIM E JURANDIR SANTANA NOGUEIRA (PRESIDENTE).<\/p>\n<p>NESTA \u00c9POCA\u00a0 FOI NOMEADA SECRET\u00c1RIA MARIA ELISA HINDO, SEMPRE PRESTATIVA, EFICIENTE E SORRIDENTE.<\/p>\n<p>\u00c9 OPORTUNO REGISTRAR QUE O PEDIDO DE VERIFICA\u00c7\u00c3O PR\u00c9VIA E DE AUTORIZA\u00c7\u00c3O PARA FUNCIONAMENTO DO CURSO DE ENGENHARIA CIVIL FOI FORMULADO PELO SENHOR JO\u00c3O ARINOS, CHEFE DA CASA CIVIL AO REVEREND\u00cdSSIMO PADRE RAIMUNDO POMBO, PRESIDENTE DO CONSELHO ESTADUAL DE EDUCA\u00c7\u00c3O.<\/p>\n<p>QUANDO DA AUTORIZA\u00c7\u00c3O DO CURSO DE ENGENHARIA CIVIL, MUITOS OBST\u00c1CULOS TIVERAM DE SER SUPERADOS. DENTRE O MAIS S\u00c9RIO, ESTAVA O RELACIONADO A FALTA DE PROFESSORES, COMO PODE SER CONSTATADO PELOS TERMOS DO PARECER DO CONSELHO ESTADUAL DE EDUCA\u00c7\u00c3O, FRENTE AOS NOMES ARROLADOS NO PROCESSO DE AUTORIZA\u00c7\u00c3O, OBJETO DO PARECER N<sup>o.<\/sup> 31\/70, QUE PODER\u00c1 SER CONSULTADO NA BIBLIOGRAFIA ABAIXO CITADA.<\/p>\n<p>FATOS INTERESSANTES DA \u00c9POCA:<\/p>\n<p>&#8211; OS CANDIDATOS SUBMETERAM-SE A EXAMES PSICOT\u00c9CNICOS, N\u00c3O SE TENDO NOT\u00cdCIA DE NENHUM REPROVADO.<\/p>\n<p>&#8211; ALGUNS DOS QUE PASSARAM NESTE PRIMEIRO VESTIBULAR TORNARAM-SE PROFESSORES DO CURSO (\u00d3BVIAMENTE AP\u00d3S A FORMATURA): CELSO GERONIMO CRISTALDO, MANOEL AFONSO COSTA RONDON, \u00a0MARCO ANTONIO DE ALENCAR MAYMONE E ODILAR COSTA RONDON.<\/p>\n<p>AS INFORMA\u00c7\u00d5ES HIST\u00d3RICAS ACIMA FORAM RETIRADAS DO LIVRO \u201cDA FARM\u00c1CIA E ODONTOLOGIA \u00c0 UNIVERSIDADE \u2013 MEM\u00d3RIAS\u201d, DO QUERIDO E SAUDOSO PROFESSOR H\u00c9RCULES MAYMONE, PAI DO NOSSO COLEGA MARCO ANTONIO DE ALENCAR MAYMONE. AS BRINCADEIRAS S\u00c3O DE MINHA AUTORIA.<\/p>\n<p>REBUSCANDO NA MEM\u00d3RIA E CONSULTANDO COLEGAS, PUDEMOS RECUPERAR O NOME DOS DIRETORES DO NOSSO CENTRO, QUE COME\u00c7OU COMO CENTRO TECNOL\u00d3GICO, POIS S\u00d3 ABRIGAVA O CURSO DE ENGENHARIA CIVIL, DEPOS PASSOU A CEG \u2013 CENTRO DE ESTUDOS GERAIS, J\u00c1 ABRIGANDO OUTROS CURSOS, COMO MATEM\u00c1TICA, QU\u00cdMICA E F\u00cdSICA, DEPOIS CCET \u2013 CENTRO DE CI\u00caNCIAS EXATAS E TECNOLOGIA, COM A CRIA\u00c7AO DE ENGENHARIA ELE\u00b4TRICA, DA COMPUTA\u00c7\u00c3O, AMBIENTAL E ARQUITETURA E URBANISMO E FINALMENTE FAENG \u2013 FACULDADE DAS ENGENHARIAS, ARQUITETURA E URBANISMO E GEOGRAFIA.<\/p>\n<p>ANTECIPADAMENTE, PEDIMOS DESCULPAS SE POR ABSOLUTA FALHA DE MEM\u00d3RIA,\u00a0 ESQUECEMOS ALGUM NOME DIRETOR E J\u00c1 NOS COLOCAMOS A DISPOSI\u00c7\u00c3O PARA ATUALIZA\u00c7\u00c3O DA LISTA, PARA QUE A HIST\u00d3RIA SEJA RESGATADA. A ORDEM DE ATUA\u00c7\u00c3O NA DIRETORIA N\u00c3O \u00c9 NECESS\u00c1RIAMENTE A ABAIXO ACIMA.<\/p>\n<p>OS DIRETORES FORAM, AT\u00c9 AONDE PUDEMOS PESQUISAR: KERMAN JOS\u00c9 MACHADO, S\u00c9RGIO DE ALMEIDA BONFIM, H\u00c9LIO BA\u00cdS MARTINS, ALAOR PEIXOTO,\u00a0 FAUZE SCAFF GATTASS FILHO, MAURO POLIZER, GILBERTO TELAROLLI, JORGE GONDA, CELSO PIEREZAN, LAURO RODRIGUES FURTADO, ODILAR COSTA RONDON, DARY WERNECK DA COSTA, GIANCARLO LAST\u00d3RIA, AMANCIO RODRIGUES DA SILVA JUNIOR E ATUALMENTE JO\u00c3O ONOFRE PEREIRA PINTO.<\/p>\n<p>ALGUNS FATOS N\u00c3O T\u00c3O HIST\u00d3RICOS MERECEM SER CITADOS.<\/p>\n<p>QUANDO DA INAUGURA\u00c7\u00c3O DO BLOCO DO CENTRO DE ESTUDOS GERAIS, HOJE FAENG, V\u00c1RIAS AUTORIDADES PARTICIPARAM DO EVENTO: O REITOR DR. JO\u00c3O PEREIRA DA ROSA, O GOVERNADOR DR. PEDRO PEDROSSIAN E TAMBEM O MINISTRO DA EDUCA\u00c7\u00c3O CORONEL JARBAS PASSARINHO, ALEM DOS ALUNOS DA PRIMEIRA TURMA. POIS N\u00c3O H\u00c1 DE VER, QUE NO DISCURSO DE SAUDA\u00c7\u00c3O AO MINISTRO JARBAS PASSARINHO, UM ALUNO, EST\u00c1 AQUI ENTRE N\u00d3S MAS N\u00c3O VOU DIZER O NOME, O SAUDOU POR MISTER JARBAS BIRD. O MINISTRO E AS AUTORIDADES RIRAM AT\u00c9, COM O MAIOR SENSO DE HUMOR. ISTO EM PLENO REGIME MILITAR.<\/p>\n<p>HOUVE TURMA, NAQUELES TEMPOS, QUE REALIZANDO UM TORNEIO DE TRUCO, AO FINAL DO CAMPEONATO DESCOBRIRAM QUE N\u00c3O TINHAM TROF\u00c9US PARA ENTREGAR AOS VENCEDORES. N\u00c3O TIVERAM D\u00daVIDA: INVADIRAM O DIRET\u00d3RIO DO PESSOAL DA F\u00cdSICA E EMPRESTARAM OS TROF\u00c9US L\u00c1 EXISTENTE. NUNCA MAIS DEVOLVERAM.<\/p>\n<p>TINHA UMA TURMA QUE TINHA UMAS MENINAS T\u00c3O SAPECAS, QUE IAM NO ANTIGO DAPP \u2013 DIERET\u00d3RIO ACAD\u00caMICO PEDRO PEDROSSIAN, S\u00d3 PARA ESPERAR OS MAIS CANSADINHOS COCHILAREM E QUANDO ESTES ACORDAVAM A MENINAS LEVADAS DA BRECA J\u00c1 HAVIAM PINTADO SUAS UNHAS DE VERMELHO, ROSA, ETC. UNS DAVAM A MIOR BRONCA, OUTROS AT\u00c9 GOSTAVAM.<\/p>\n<p>OUTRA TURMA, MAIS RECENTE, EM CADA VIAGEM T\u00c9CNICA QUE IA AO PANTANAL, DEPOIS DE ENJOAR DE COMER PIRANHA, CA\u00c7AVA E DEGUSTAVA UNS LAGART\u00d5ES DE PELE DURA, S\u00d3 PARA DEGUSTAR O RABO DO BICHO. E OLHE QUE TINHA ALUNO QUE COMIA O BICHINHO AINDA CRU.<\/p>\n<p>TODA VEZ QUE ME LEMBRO DO VERGONHOSO JOGO DO BRASIL COM A ALEMANHA, QUANDO TOMAMOS DE 7 X 1, EU ME CONSOLO LEMBRANDO DE UM EPIS\u00d3DIO DE FUTSAL, OU FUTEBOL DE SAL\u00c3O, COMO SE DIZIA ANTIGAMENTE. O NOSSO TIME ERA T\u00c3O RUIM E O DA MEDICINA (SEMPRE ELES) T\u00c3O BOM, QUE S\u00d3 PERDIAMOS. E PERDI\u00c1MOS FEIO.<\/p>\n<p>COMO DIZEM QUE ARARUTA TAMBEM TEM SEU DIA DE MINGAU, EM UM DESSES VESTIBULARES, ENTROU UMA TURMA QUE ERA QUASE PROFISSIONAL NA ESPECIALIDADE. VOU ME PERMITIR CITAR ESTA FORMA\u00c7\u00c3O: WILSON CABRAL, ANTONIO CHARBEL (BIBI), Z\u00c9 NINA FERREIRA, MAURO MARCOS MORAES, PAULO TIBANA, TE\u00d3FILO RODRIGUES, OSVALDO GALES JUNIOR, SABINO ROTILI, FERNANDO SALT\u00c3O, RAULINDO DELVIZIO, JUAN SOTO OVIEDO E A DUPLA FAMOSA: CUCA (EDIVALDO MERISIO) E BILUDO (M\u00c1RIO NELSON PARO). EM UM JOGO HIST\u00d3RICO, NA FINAL, METEMOS NOS DISCIPULOS DE HIP\u00d3CRATES 7 X 1, COM 3 GOLS DE CUCA, 3 GOLS DO CABRAL E 1 GOL DO Z\u00c9 NINA. MUITO OBRIGADO A ESTE PESSOAL PELA ALEGRIA.<\/p>\n<p>TER\u00cdAMOS MUITOS OUTROS CAUSOS A CONTAR, MAS PARA N\u00c3O FICAR ENFADONHO, MUDEMOS DE ASSUNTO.<\/p>\n<p>QUEREMOS CONVID\u00c1-LOS A PARTICIPAR DE DOIS EVENTOS DE SUMA IMPORTANCIA QUE OCORRER\u00c3O EM OUTUBRO:<\/p>\n<p>&#8211; 57\u00ba. CONGRESSO BRASILEIRO DO CONCRETO \u2013 IBRACON \u2013 BONITO\/MS, DE 27 A 30 DE OUTUBRO, COM O TEMA \u201c O FUTURO DO CONCRETO PARA A SUSTENTABILIDADE NAS CONSTRU\u00c7\u00d5ES\u201d . ESTE \u00c9 UM SONHO DA PROFESSORA SANDRA BERTOCINI, QUE LEVOU 10 ANOS PARA SER REALIZADO. PARABENS SANDRA.<\/p>\n<p>&#8211; IX CONSE \u2013 CONGRESSO NACIONAL DOS ENGENHEIROS, DE 5 A 7 DE OUTUBRO, EM CAMPO GRANDE\/MS, COM O TEMA \u201c DESENVOLVIMENTO E VALORIZA\u00c7\u00c3O PROFISSIONAL\u201d \u2013ORGANIZADO PELO NOSSO COLEGA PRESIDENTE DO SENGE\/MS EDSON SHIMABUKURO.<\/p>\n<p>EM SE FALANDO DE SONHOS, EU TAMBEM TENHO UM, QUE AP\u00d3S ESTE EVENTO ESPERO VER REALIZADO. \u00c9 O SONHO DO LABORAT\u00d3RIO DE ESTRUTURAS DO CURSO DE ENGENHARIA CIVIL. DESDE QUE ENTREI NESTA ESCOLA OU\u00c7O FALAR EM UMA PRENSA UNIVERSAL DE ENSAIOS QUE QUASE J\u00c1 FOI COMPRADA UMAS DEZ VEZES. ERA PLANO CRUZADO, PLANO COLLOR, PLANOS E MAIS PLANOS QUE QUANDO A COMPRA ESTAVA ENGATILHADA, GORAVA O ASSUNTO. ENT\u00c3O, PENSEI (\u00c1S VEZES ACONTECE COMIGO), VOU JUNTAR OS AMIGOS E CONSTRUIR ESTE LABORAT\u00d3RIO E DOAR AO CURSO E \u00c0 UNIVERSIDADE. CONSEGUIDA A APROVA\u00c7\u00c3O DA REITORIA, DEMOS M\u00c3OS \u00c0 OBRA E CONSEGUIMOS COBRIR O EDIFICIO. AGORA S\u00d3 FALTA CONCRETAR A LAJE DE REA\u00c7\u00c3O, QUE SER\u00c1 FEITO COM A RENDA DAS CAMISETAS COMPRADAS PELOS COLEGAS PARTICIPANTES DO EVENTO. AP\u00d3S ISTO, CABE A UFMS EQUIPAR O LABORAT\u00d3RIO. UMA PLACA SER\u00c1 INAUGURADA NO DIA 15 \u00c0S 8 HORAS, COM O NOME DE TODOS OS COLABORADORES AT\u00c9 ESTA FASE.<\/p>\n<p>PARA INFORMA\u00c7\u00c3O DA PROGRAMA\u00c7\u00c3O, ALEM DESTA SOLENIDADE, TEREMOS:<\/p>\n<p>&#8211; SEXTA-FEIRA: \u00c0S 8 HORAS, NA C\u00c2MARA MUNICIPAL DE CAMPO GRANDE, SESS\u00c3O SOLENE ORGANIZADA PELO COLEGA VEREADOR EDSON SHIMABUKURO, ONDE SER\u00c3O HOMENAGEADOS ALGUNS PROFESSORES E\u00a0 OS 1425 FORMADOS,\u00a0 REPRESENTADOS PELOS 9 PIONEIROS DA PRIMEIRA TURMA.<\/p>\n<p>&#8211; AINDA NA SEXTA-FEIRA, \u00c0S 19:30 HORAS, NA ASSEMBL\u00c9IA LEGISLATIVA DE MATO GROSSO DO SUL, TEREMOS SESS\u00c3O SOLENE ORGANIZADA PELO COLEGA DEPUTADO ESTADUAL PAULO CORR\u00caA.<\/p>\n<p>&#8211; NO S\u00c1BADO, \u00c0S 8 HORAS, NO LOCAL CONHECIDO COMO DEC, NA ESCOLA DE ENGENHARIA, TEREMOS O DESCERRAMENTO DA PLACA COMEMORATIVA, ONDE CONSTAR\u00c3O OS NOMES DOS 1425 FORMADOS AT\u00c9 DEZEMBRO DE 2014, COM SUAS RESPECTIVAS 60 TURMAS.<\/p>\n<p>&#8211; AINDA NO S\u00c1BADO, A PARTIR DAS 11:30 HORAS, NA ASSOCIA\u00c7\u00c3O DOS ENGENHEIROS E ARQUITETOS DE CAMPO GRANDE, TEREMOS O ENCERRAMENTO DAS ATIVIDADES, COM UMA SABOROSA FEIJOADA, ONDE TEREMOS UM TEL\u00c3O COM FOTOS DE CADA TURMA DE FORMADOS. VAI GERAR MUITAS L\u00c1GRIMAS E RISADAS.<\/p>\n<p>FINALIZANDO, CONTINUAMOS A AGRADECER:<\/p>\n<p>&#8211; A TODOS OS COLEGAS QUE VIERAM NOS PRESTIGIAR, TANTO DE CAMPO GRANDE COMO DE OUTRAS CIDADES, COMO BRAS\u00cdLIA, CUIAB\u00c1, POR EXEMPLO. AOS QUE N\u00c3O PUDERAM COMPARECER MAS ENVIARAM MENSAGENS DE ANGOLA, BOLIVIA, PARAGUAI, HOLANDA, SUI\u00c7A E AT\u00c9 DA AUSTR\u00c1LIA.<\/p>\n<p>&#8211; \u00c1S NOSSAS FAMILIAS, QUE AGUENTARAM MESES DE RECLAMA\u00c7\u00d5ES E ROUBO DE TEMPO DO NOSSO CONV\u00cdVIO.<\/p>\n<p>&#8211; AGRADECIMENTO ESPECIAL \u00c1 COMISS\u00c3O ORGANIZADORA:<\/p>\n<p>&#8211; A <strong>ELVINA INAY\u00c1<\/strong> E <strong>ENILDA GARCIA DE FREITAS<\/strong>, PELA PACI\u00caNCIA NA DISTRIBUI\u00c7\u00c3O DAS CAMISETAS.<\/p>\n<p>&#8211; AOS ACAD\u00caMICOS <strong>GABRIEL MOURA<\/strong>, <strong>JULIANA ALCAZAS<\/strong> E <strong>VICTOR RONDON<\/strong>, RESPONS\u00c1VEIS PELA PARTE MAIS IMPORTANTE DA FEIJOADA QUE \u00c9 ACONFEC\u00c7\u00c3O DAS CAIPIRINHAS.<\/p>\n<p>&#8211; AO ACAD\u00caMICO <strong>JO\u00c3O GABRIEL SANTANA<\/strong>, CRIADOR DA ARTE DAS CAMISETAS.<\/p>\n<p>&#8211; AO COLEGA PROFESSOR <strong>ANDR\u00c9S CHEUNG<\/strong> BOLANDO O CARTAZ E O CONVITE E ME AGUENTANDO ENCHER O SACO TODO DIA PARA TERMINAR A ARTE, ALEM DA BUSCA DE PATROCINIOS E TAMBEM AJUDAR A LAPIDAR A ARTE FINAL DAS CAMISETAS.<\/p>\n<p>&#8211; AOS ENGENHEIROS CIVIS <strong>CARLOS AUGUSTO BARROS DE LIMA<\/strong> E <strong>ELOI AZEVEDO MEDEIROS DE LIMA<\/strong>, RESPONS\u00c1VEIS PELA ORGANIZA\u00c7\u00c3O DO ESPA\u00c7O NA ASSOCIA\u00c7\u00c3O DOS ENGENHEIROS E ARQUITETOS E AUTORES DA ID\u00c9IA DE REALIZA\u00c7\u00c3O DESTE EVENTO.<\/p>\n<p>&#8211; AO ENGENHEIRO CIVIL <strong>ARNALDO ANGEL ZELADA CAFURE<\/strong>, RESPONS\u00c1VEL PELA ORGANIZA\u00c7\u00c3O DAS FOTOS DAS TURMAS, QUE COM GALHARDIA SOUBE ENCARAR CADA DIFICULDADE SURGIDA, QUE N\u00c3O FORAM POUCAS.<\/p>\n<p>&#8211; A PROFESSORA<strong> LARISSA DRIEMEIER<\/strong>, GRATA SURPRESA, QUE QUANDO EU ESTAVA QUASE LOUCO COM A MARCA\u00c7\u00c3O DOS PEDIDOS DE CAMISETAS, SEM EU NADA FALAR, COM SEU SEXTO SENTIDO FEMININO, PERCEBEU A MINHA ANG\u00daSTIA E SE OFERECEU PARA FAZER O CONTROLE DE PEDIDOS, CRIANDO LOGO UM SITE. TUDO ISTO DENTRO DA USP,\u00a0 S\u00c3O PAULO. IMAGINO AS DIFICULDADES QUE A LARISSA TEVE PARA FAZER ESTE CONTROLE, POIS TINHA GENTE QUE MUDAVA O TAMANHO DAS CAMISETAS UMAS CINCO VEZES OU MAIS, ALEM DAQUELAS QUE PEDIAM TAMANHO <strong>P<\/strong>, QUANDO EU CONHECENDO A PESSOA SABIA QUE TAMANHO <strong>G<\/strong> IA ENTRAR APERTADO.<\/p>\n<p>-A PROFESSORA <strong>SANDRA BERTOCINI<\/strong>, INCANS\u00c1VEL COMPANHEIRA DE TANTAS BATALHAS, QUE TAMBEM QUANDO PERCEBEU QUE A LOUCURA E O DESESPERO ESTAVAM ME DOMINANDO, ASSUMIU A MAIOR PARTE DOS ENCARGOS, BOTANDO SEUS ALUNOS (QUE O PESSOAL CHAMA DE FILHOS) PARA TRABALHAR, QUE CORREU ATR\u00c1S E ARRANCOU\u00a0 PATROCINIO \u00c1 FORCEPS E ME AJUDOU A FINALIZAR A ORGANIZA\u00c7\u00c3O DO EVENTO.<\/p>\n<p>PORISSO QUE ALGUMAS PESSOAS DIZEM QUE EU TENHO MAIS SORTE QUE JU\u00cdZO.<\/p>\n<p>FINALIZANDO MESMO, AGRADE\u00c7O A PRESEN\u00c7A DE TODOS E TAMBEM DAQUELES COLEGAS E AMIGOS QUE, DURANTE ESTA CAMINHADA DE 45 ANOS, \u00a0MUDARAM DE PLANO E SE TORNARAM LUZ, MAS QUE\u00a0\u00a0 SE FAZEM PRESENTES AQUI HOJE.<\/p>\n<p><strong>QUANDO O TEMPO PASSA E A POEIRA ASSENTA NA MEM\u00d3RIA, \u00c9 QUE SE PERCEBE COM MAIOR NITIDEZ A GRANDEZA DO ATO.<\/strong><\/p>\n<p>MUITO OBRIGADO, BOM ENCONTRO, AT\u00c9 O PR\u00d3XIMO 45 ANOS E SEJAMOS TODOS FELIZES.<\/p>\n","protected":false},"excerpt":{"rendered":"<p>\u201c O QUE FAZ A ESTRADA? \u00c8 O SONHO. ENQUANTO A GENTE SONHAR, \u00a0A ESTRADA PERMANECER\u00c1 VIVA. \u00c9 PARA ISSO QUE SERVEM OS CAMINHOS, PARA NOS FAZEREM PARENTES DO FUTURO\u201d \u2013 MIA COUTO \u00a0AUTORIDADES PRESENTES, MINHAS SENHORAS, MEUS SENHORES, MEUS QUERIDOS COLEGAS. ESTA \u00c9 UMA NOITE DE MUITA ALEGRIA. POUCOS IMAGINAM AS DIFICULDADES QUE TIVEMOS [&hellip;]<\/p>\n","protected":false},"author":141,"featured_media":0,"parent":897,"menu_order":0,"comment_status":"closed","ping_status":"closed","template":"","meta":{"footnotes":""},"coauthors":[],"class_list":["post-979","page","type-page","status-publish","hentry"],"_links":{"self":[{"href":"https:\/\/engenhariacivil-faeng.ufms.br\/en\/wp-json\/wp\/v2\/pages\/979","targetHints":{"allow":["GET"]}}],"collection":[{"href":"https:\/\/engenhariacivil-faeng.ufms.br\/en\/wp-json\/wp\/v2\/pages"}],"about":[{"href":"https:\/\/engenhariacivil-faeng.ufms.br\/en\/wp-json\/wp\/v2\/types\/page"}],"author":[{"embeddable":true,"href":"https:\/\/engenhariacivil-faeng.ufms.br\/en\/wp-json\/wp\/v2\/users\/141"}],"replies":[{"embeddable":true,"href":"https:\/\/engenhariacivil-faeng.ufms.br\/en\/wp-json\/wp\/v2\/comments?post=979"}],"version-history":[{"count":2,"href":"https:\/\/engenhariacivil-faeng.ufms.br\/en\/wp-json\/wp\/v2\/pages\/979\/revisions"}],"predecessor-version":[{"id":983,"href":"https:\/\/engenhariacivil-faeng.ufms.br\/en\/wp-json\/wp\/v2\/pages\/979\/revisions\/983"}],"up":[{"embeddable":true,"href":"https:\/\/engenhariacivil-faeng.ufms.br\/en\/wp-json\/wp\/v2\/pages\/897"}],"wp:attachment":[{"href":"https:\/\/engenhariacivil-faeng.ufms.br\/en\/wp-json\/wp\/v2\/media?parent=979"}],"wp:term":[{"taxonomy":"author","embeddable":true,"href":"https:\/\/engenhariacivil-faeng.ufms.br\/en\/wp-json\/wp\/v2\/coauthors?post=979"}],"curies":[{"name":"wp","href":"https:\/\/api.w.org\/{rel}","templated":true}]}}